{"id":23757,"date":"2023-01-27T16:16:04","date_gmt":"2023-01-27T16:16:04","guid":{"rendered":"https:\/\/www.urban-vpn.com\/free-gaming-vpn\/free-vpn-for-pubg\/"},"modified":"2023-06-15T13:50:44","modified_gmt":"2023-06-15T13:50:44","slug":"free-vpn-for-pubg","status":"publish","type":"page","link":"https:\/\/www.urban-vpn.com\/tr\/free-products\/free-gaming-vpn\/free-vpn-for-pubg\/","title":{"rendered":"PUBG i\u00e7in \u00dccretsiz VPN"},"content":{"rendered":"","protected":false},"excerpt":{"rendered":"","protected":false},"author":3,"featured_media":69372,"parent":23749,"menu_order":0,"comment_status":"open","ping_status":"closed","template":"products\/gaming.php","meta":{"_acf_changed":false,"footnotes":""},"class_list":["post-23757","page","type-page","status-publish","has-post-thumbnail","hentry"],"acf":[],"yoast_head":"<!-- This site is optimized with the Yoast SEO plugin v26.6 - https:\/\/yoast.com\/wordpress\/plugins\/seo\/ -->\n<title>PUBG i\u00e7in \u00dccretsiz VPN | Urban VPN<\/title>\n<meta name=\"description\" content=\"Oyun oynamak i\u00e7in en iyi \u00fccretsiz VPN&#039;i mi ar\u0131yorsunuz? Bulmu\u015fsun. UrbanVPN&#039;in oyuncular i\u00e7in minimum gecikme s\u00fcresine sahip devrim niteli\u011findeki IP payla\u015f\u0131m VPN&#039;i \u00fccretsiz ve sadece bir t\u0131k uza\u011f\u0131n\u0131zda!\" \/>\n<meta name=\"robots\" content=\"index, follow, max-snippet:-1, max-image-preview:large, max-video-preview:-1\" \/>\n<link rel=\"canonical\" href=\"https:\/\/www.urban-vpn.com\/tr\/free-products\/free-gaming-vpn\/free-vpn-for-pubg\/\" \/>\n<meta property=\"og:locale\" content=\"tr_TR\" \/>\n<meta property=\"og:type\" content=\"article\" \/>\n<meta property=\"og:title\" content=\"PUBG i\u00e7in \u00dccretsiz VPN | Urban VPN\" \/>\n<meta property=\"og:description\" content=\"Oyun oynamak i\u00e7in en iyi \u00fccretsiz VPN&#039;i mi ar\u0131yorsunuz? Bulmu\u015fsun. UrbanVPN&#039;in oyuncular i\u00e7in minimum gecikme s\u00fcresine sahip devrim niteli\u011findeki IP payla\u015f\u0131m VPN&#039;i \u00fccretsiz ve sadece bir t\u0131k uza\u011f\u0131n\u0131zda!\" \/>\n<meta property=\"og:url\" content=\"https:\/\/www.urban-vpn.com\/tr\/free-products\/free-gaming-vpn\/free-vpn-for-pubg\/\" \/>\n<meta property=\"og:site_name\" content=\"| Urban VPN\" \/>\n<meta property=\"article:modified_time\" content=\"2023-06-15T13:50:44+00:00\" \/>\n<meta property=\"og:image\" content=\"https:\/\/assets.urban-vpn.com\/wp-content\/uploads\/2023\/06\/14063348\/1-18-1-e1686837033724.webp\" \/>\n\t<meta property=\"og:image:width\" content=\"518\" \/>\n\t<meta property=\"og:image:height\" content=\"345\" \/>\n\t<meta property=\"og:image:type\" content=\"image\/webp\" \/>\n<meta name=\"twitter:card\" content=\"summary_large_image\" \/>\n<script type=\"application\/ld+json\" class=\"yoast-schema-graph\">{\"@context\":\"https:\/\/schema.org\",\"@graph\":[{\"@type\":\"WebPage\",\"@id\":\"https:\/\/www.urban-vpn.com\/tr\/free-products\/free-gaming-vpn\/free-vpn-for-pubg\/\",\"url\":\"https:\/\/www.urban-vpn.com\/tr\/free-products\/free-gaming-vpn\/free-vpn-for-pubg\/\",\"name\":\"PUBG i\u00e7in \u00dccretsiz VPN | Urban VPN\",\"isPartOf\":{\"@id\":\"https:\/\/www.urban-vpn.com\/tr\/#website\"},\"primaryImageOfPage\":{\"@id\":\"https:\/\/www.urban-vpn.com\/tr\/free-products\/free-gaming-vpn\/free-vpn-for-pubg\/#primaryimage\"},\"image\":{\"@id\":\"https:\/\/www.urban-vpn.com\/tr\/free-products\/free-gaming-vpn\/free-vpn-for-pubg\/#primaryimage\"},\"thumbnailUrl\":\"https:\/\/www.urban-vpn.com\/wp-content\/uploads\/2025\/06\/group-2328-min.png\",\"datePublished\":\"2023-01-27T16:16:04+00:00\",\"dateModified\":\"2023-06-15T13:50:44+00:00\",\"description\":\"Oyun oynamak i\u00e7in en iyi \u00fccretsiz VPN'i mi ar\u0131yorsunuz? Bulmu\u015fsun. UrbanVPN'in oyuncular i\u00e7in minimum gecikme s\u00fcresine sahip devrim niteli\u011findeki IP payla\u015f\u0131m VPN'i \u00fccretsiz ve sadece bir t\u0131k uza\u011f\u0131n\u0131zda!\",\"breadcrumb\":{\"@id\":\"https:\/\/www.urban-vpn.com\/tr\/free-products\/free-gaming-vpn\/free-vpn-for-pubg\/#breadcrumb\"},\"inLanguage\":\"tr\",\"potentialAction\":[{\"@type\":\"ReadAction\",\"target\":[\"https:\/\/www.urban-vpn.com\/tr\/free-products\/free-gaming-vpn\/free-vpn-for-pubg\/\"]}]},{\"@type\":\"ImageObject\",\"inLanguage\":\"tr\",\"@id\":\"https:\/\/www.urban-vpn.com\/tr\/free-products\/free-gaming-vpn\/free-vpn-for-pubg\/#primaryimage\",\"url\":\"https:\/\/www.urban-vpn.com\/wp-content\/uploads\/2025\/06\/group-2328-min.png\",\"contentUrl\":\"https:\/\/www.urban-vpn.com\/wp-content\/uploads\/2025\/06\/group-2328-min.png\",\"width\":581,\"height\":407},{\"@type\":\"BreadcrumbList\",\"@id\":\"https:\/\/www.urban-vpn.com\/tr\/free-products\/free-gaming-vpn\/free-vpn-for-pubg\/#breadcrumb\",\"itemListElement\":[{\"@type\":\"ListItem\",\"position\":1,\"name\":\"Home\",\"item\":\"https:\/\/www.urban-vpn.com\/tr\/\"},{\"@type\":\"ListItem\",\"position\":2,\"name\":\"\u00dcr\u00fcnler\",\"item\":\"https:\/\/www.urban-vpn.com\/tr\/free-products\/\"},{\"@type\":\"ListItem\",\"position\":3,\"name\":\"\u00dccretsiz Oyun VPN&#8217;i\",\"item\":\"https:\/\/www.urban-vpn.com\/tr\/free-products\/free-gaming-vpn\/\"},{\"@type\":\"ListItem\",\"position\":4,\"name\":\"PUBG i\u00e7in \u00dccretsiz VPN\"}]},{\"@type\":\"WebSite\",\"@id\":\"https:\/\/www.urban-vpn.com\/tr\/#website\",\"url\":\"https:\/\/www.urban-vpn.com\/tr\/\",\"name\":\"| Urban VPN\",\"description\":\"Urban VPN\",\"publisher\":{\"@id\":\"https:\/\/www.urban-vpn.com\/tr\/#organization\"},\"inLanguage\":\"tr\"},{\"@type\":\"Organization\",\"@id\":\"https:\/\/www.urban-vpn.com\/tr\/#organization\",\"name\":\"| Urban VPN\",\"url\":\"https:\/\/www.urban-vpn.com\/tr\/\",\"logo\":{\"@type\":\"ImageObject\",\"inLanguage\":\"tr\",\"@id\":\"https:\/\/www.urban-vpn.com\/tr\/#\/schema\/logo\/image\/\",\"url\":\"https:\/\/assets.urban-vpn.com\/wp-content\/uploads\/2023\/02\/03121456\/logo.svg\",\"contentUrl\":\"https:\/\/assets.urban-vpn.com\/wp-content\/uploads\/2023\/02\/03121456\/logo.svg\",\"width\":120,\"height\":23,\"caption\":\"| Urban VPN\"},\"image\":{\"@id\":\"https:\/\/www.urban-vpn.com\/tr\/#\/schema\/logo\/image\/\"}}]}<\/script>\n<!-- \/ Yoast SEO plugin. -->","yoast_head_json":{"title":"PUBG i\u00e7in \u00dccretsiz VPN | Urban VPN","description":"Oyun oynamak i\u00e7in en iyi \u00fccretsiz VPN'i mi ar\u0131yorsunuz? Bulmu\u015fsun. UrbanVPN'in oyuncular i\u00e7in minimum gecikme s\u00fcresine sahip devrim niteli\u011findeki IP payla\u015f\u0131m VPN'i \u00fccretsiz ve sadece bir t\u0131k uza\u011f\u0131n\u0131zda!","robots":{"index":"index","follow":"follow","max-snippet":"max-snippet:-1","max-image-preview":"max-image-preview:large","max-video-preview":"max-video-preview:-1"},"canonical":"https:\/\/www.urban-vpn.com\/tr\/free-products\/free-gaming-vpn\/free-vpn-for-pubg\/","og_locale":"tr_TR","og_type":"article","og_title":"PUBG i\u00e7in \u00dccretsiz VPN | Urban VPN","og_description":"Oyun oynamak i\u00e7in en iyi \u00fccretsiz VPN'i mi ar\u0131yorsunuz? Bulmu\u015fsun. UrbanVPN'in oyuncular i\u00e7in minimum gecikme s\u00fcresine sahip devrim niteli\u011findeki IP payla\u015f\u0131m VPN'i \u00fccretsiz ve sadece bir t\u0131k uza\u011f\u0131n\u0131zda!","og_url":"https:\/\/www.urban-vpn.com\/tr\/free-products\/free-gaming-vpn\/free-vpn-for-pubg\/","og_site_name":"| Urban VPN","article_modified_time":"2023-06-15T13:50:44+00:00","og_image":[{"width":518,"height":345,"url":"https:\/\/assets.urban-vpn.com\/wp-content\/uploads\/2023\/06\/14063348\/1-18-1-e1686837033724.webp","type":"image\/webp"}],"twitter_card":"summary_large_image","schema":{"@context":"https:\/\/schema.org","@graph":[{"@type":"WebPage","@id":"https:\/\/www.urban-vpn.com\/tr\/free-products\/free-gaming-vpn\/free-vpn-for-pubg\/","url":"https:\/\/www.urban-vpn.com\/tr\/free-products\/free-gaming-vpn\/free-vpn-for-pubg\/","name":"PUBG i\u00e7in \u00dccretsiz VPN | Urban VPN","isPartOf":{"@id":"https:\/\/www.urban-vpn.com\/tr\/#website"},"primaryImageOfPage":{"@id":"https:\/\/www.urban-vpn.com\/tr\/free-products\/free-gaming-vpn\/free-vpn-for-pubg\/#primaryimage"},"image":{"@id":"https:\/\/www.urban-vpn.com\/tr\/free-products\/free-gaming-vpn\/free-vpn-for-pubg\/#primaryimage"},"thumbnailUrl":"https:\/\/www.urban-vpn.com\/wp-content\/uploads\/2025\/06\/group-2328-min.png","datePublished":"2023-01-27T16:16:04+00:00","dateModified":"2023-06-15T13:50:44+00:00","description":"Oyun oynamak i\u00e7in en iyi \u00fccretsiz VPN'i mi ar\u0131yorsunuz? Bulmu\u015fsun. UrbanVPN'in oyuncular i\u00e7in minimum gecikme s\u00fcresine sahip devrim niteli\u011findeki IP payla\u015f\u0131m VPN'i \u00fccretsiz ve sadece bir t\u0131k uza\u011f\u0131n\u0131zda!","breadcrumb":{"@id":"https:\/\/www.urban-vpn.com\/tr\/free-products\/free-gaming-vpn\/free-vpn-for-pubg\/#breadcrumb"},"inLanguage":"tr","potentialAction":[{"@type":"ReadAction","target":["https:\/\/www.urban-vpn.com\/tr\/free-products\/free-gaming-vpn\/free-vpn-for-pubg\/"]}]},{"@type":"ImageObject","inLanguage":"tr","@id":"https:\/\/www.urban-vpn.com\/tr\/free-products\/free-gaming-vpn\/free-vpn-for-pubg\/#primaryimage","url":"https:\/\/www.urban-vpn.com\/wp-content\/uploads\/2025\/06\/group-2328-min.png","contentUrl":"https:\/\/www.urban-vpn.com\/wp-content\/uploads\/2025\/06\/group-2328-min.png","width":581,"height":407},{"@type":"BreadcrumbList","@id":"https:\/\/www.urban-vpn.com\/tr\/free-products\/free-gaming-vpn\/free-vpn-for-pubg\/#breadcrumb","itemListElement":[{"@type":"ListItem","position":1,"name":"Home","item":"https:\/\/www.urban-vpn.com\/tr\/"},{"@type":"ListItem","position":2,"name":"\u00dcr\u00fcnler","item":"https:\/\/www.urban-vpn.com\/tr\/free-products\/"},{"@type":"ListItem","position":3,"name":"\u00dccretsiz Oyun VPN&#8217;i","item":"https:\/\/www.urban-vpn.com\/tr\/free-products\/free-gaming-vpn\/"},{"@type":"ListItem","position":4,"name":"PUBG i\u00e7in \u00dccretsiz VPN"}]},{"@type":"WebSite","@id":"https:\/\/www.urban-vpn.com\/tr\/#website","url":"https:\/\/www.urban-vpn.com\/tr\/","name":"| Urban VPN","description":"Urban VPN","publisher":{"@id":"https:\/\/www.urban-vpn.com\/tr\/#organization"},"inLanguage":"tr"},{"@type":"Organization","@id":"https:\/\/www.urban-vpn.com\/tr\/#organization","name":"| Urban VPN","url":"https:\/\/www.urban-vpn.com\/tr\/","logo":{"@type":"ImageObject","inLanguage":"tr","@id":"https:\/\/www.urban-vpn.com\/tr\/#\/schema\/logo\/image\/","url":"https:\/\/assets.urban-vpn.com\/wp-content\/uploads\/2023\/02\/03121456\/logo.svg","contentUrl":"https:\/\/assets.urban-vpn.com\/wp-content\/uploads\/2023\/02\/03121456\/logo.svg","width":120,"height":23,"caption":"| Urban VPN"},"image":{"@id":"https:\/\/www.urban-vpn.com\/tr\/#\/schema\/logo\/image\/"}}]}},"_links":{"self":[{"href":"https:\/\/www.urban-vpn.com\/tr\/wp-json\/wp\/v2\/pages\/23757","targetHints":{"allow":["GET"]}}],"collection":[{"href":"https:\/\/www.urban-vpn.com\/tr\/wp-json\/wp\/v2\/pages"}],"about":[{"href":"https:\/\/www.urban-vpn.com\/tr\/wp-json\/wp\/v2\/types\/page"}],"author":[{"embeddable":true,"href":"https:\/\/www.urban-vpn.com\/tr\/wp-json\/wp\/v2\/users\/3"}],"replies":[{"embeddable":true,"href":"https:\/\/www.urban-vpn.com\/tr\/wp-json\/wp\/v2\/comments?post=23757"}],"version-history":[{"count":1,"href":"https:\/\/www.urban-vpn.com\/tr\/wp-json\/wp\/v2\/pages\/23757\/revisions"}],"predecessor-version":[{"id":24019,"href":"https:\/\/www.urban-vpn.com\/tr\/wp-json\/wp\/v2\/pages\/23757\/revisions\/24019"}],"up":[{"embeddable":true,"href":"https:\/\/www.urban-vpn.com\/tr\/wp-json\/wp\/v2\/pages\/23749"}],"wp:featuredmedia":[{"embeddable":true,"href":"https:\/\/www.urban-vpn.com\/tr\/wp-json\/wp\/v2\/media\/69372"}],"wp:attachment":[{"href":"https:\/\/www.urban-vpn.com\/tr\/wp-json\/wp\/v2\/media?parent=23757"}],"curies":[{"name":"wp","href":"https:\/\/api.w.org\/{rel}","templated":true}]}}