{"id":23695,"date":"2023-02-13T12:48:30","date_gmt":"2023-02-13T12:48:30","guid":{"rendered":"https:\/\/www.urban-vpn.com\/unlimited-vpn\/"},"modified":"2024-12-29T11:59:11","modified_gmt":"2024-12-29T11:59:11","slug":"unlimited-vpn","status":"publish","type":"page","link":"https:\/\/www.urban-vpn.com\/tr\/features\/unlimited-vpn\/","title":{"rendered":"S\u0131n\u0131rs\u0131z VPN"},"content":{"rendered":"<blockquote class=\"wp-embedded-content\" data-secret=\"mbM67fLb1g\"><p><a href=\"https:\/\/www.urban-vpn.com\/fi\/features\/unlimited-devices\/\">Unlimited Devices<\/a><\/p><\/blockquote>\n<p><iframe loading=\"lazy\" class=\"wp-embedded-content\" sandbox=\"allow-scripts\" security=\"restricted\" style=\"position: absolute; visibility: hidden;\" title=\"&#8221;Unlimited Devices&#8221; &#8212; | Urban VPN\" src=\"https:\/\/www.urban-vpn.com\/fi\/features\/unlimited-devices\/embed\/#?secret=yo16JPwwUQ#?secret=mbM67fLb1g\" data-secret=\"mbM67fLb1g\" width=\"500\" height=\"282\" frameborder=\"0\" marginwidth=\"0\" marginheight=\"0\" scrolling=\"no\"><\/iframe><\/p>\n","protected":false},"excerpt":{"rendered":"<p>Unlimited Devices<\/p>\n","protected":false},"author":3,"featured_media":0,"parent":23786,"menu_order":0,"comment_status":"closed","ping_status":"closed","template":"features\/unlimited_vpn.php","meta":{"_acf_changed":false,"footnotes":""},"class_list":["post-23695","page","type-page","status-publish","hentry"],"acf":[],"yoast_head":"<!-- This site is optimized with the Yoast SEO plugin v26.6 - https:\/\/yoast.com\/wordpress\/plugins\/seo\/ -->\n<title>S\u0131n\u0131rs\u0131z VPN | Urban VPN<\/title>\n<meta name=\"description\" content=\"\u00dccretsiz \u00fcnl\u00fc koruma ve performans m\u0131 ar\u0131yorsunuz - Hareket halindeyken Urban VPN!\" \/>\n<meta name=\"robots\" content=\"index, follow, max-snippet:-1, max-image-preview:large, max-video-preview:-1\" \/>\n<link rel=\"canonical\" href=\"https:\/\/www.urban-vpn.com\/tr\/features\/unlimited-vpn\/\" \/>\n<meta property=\"og:locale\" content=\"tr_TR\" \/>\n<meta property=\"og:type\" content=\"article\" \/>\n<meta property=\"og:title\" content=\"S\u0131n\u0131rs\u0131z VPN | Urban VPN\" \/>\n<meta property=\"og:description\" content=\"\u00dccretsiz \u00fcnl\u00fc koruma ve performans m\u0131 ar\u0131yorsunuz - Hareket halindeyken Urban VPN!\" \/>\n<meta property=\"og:url\" content=\"https:\/\/www.urban-vpn.com\/tr\/features\/unlimited-vpn\/\" \/>\n<meta property=\"og:site_name\" content=\"| Urban VPN\" \/>\n<meta property=\"article:modified_time\" content=\"2024-12-29T11:59:11+00:00\" \/>\n<meta name=\"twitter:card\" content=\"summary_large_image\" \/>\n<meta name=\"twitter:label1\" content=\"Tahmini okuma s\u00fcresi\" \/>\n\t<meta name=\"twitter:data1\" content=\"1 dakika\" \/>\n<script type=\"application\/ld+json\" class=\"yoast-schema-graph\">{\"@context\":\"https:\/\/schema.org\",\"@graph\":[{\"@type\":\"WebPage\",\"@id\":\"https:\/\/www.urban-vpn.com\/tr\/features\/unlimited-vpn\/\",\"url\":\"https:\/\/www.urban-vpn.com\/tr\/features\/unlimited-vpn\/\",\"name\":\"S\u0131n\u0131rs\u0131z VPN | Urban VPN\",\"isPartOf\":{\"@id\":\"https:\/\/www.urban-vpn.com\/tr\/#website\"},\"datePublished\":\"2023-02-13T12:48:30+00:00\",\"dateModified\":\"2024-12-29T11:59:11+00:00\",\"description\":\"\u00dccretsiz \u00fcnl\u00fc koruma ve performans m\u0131 ar\u0131yorsunuz - Hareket halindeyken Urban VPN!\",\"breadcrumb\":{\"@id\":\"https:\/\/www.urban-vpn.com\/tr\/features\/unlimited-vpn\/#breadcrumb\"},\"inLanguage\":\"tr\",\"potentialAction\":[{\"@type\":\"ReadAction\",\"target\":[\"https:\/\/www.urban-vpn.com\/tr\/features\/unlimited-vpn\/\"]}]},{\"@type\":\"BreadcrumbList\",\"@id\":\"https:\/\/www.urban-vpn.com\/tr\/features\/unlimited-vpn\/#breadcrumb\",\"itemListElement\":[{\"@type\":\"ListItem\",\"position\":1,\"name\":\"Home\",\"item\":\"https:\/\/www.urban-vpn.com\/tr\/\"},{\"@type\":\"ListItem\",\"position\":2,\"name\":\"\u00d6zellikler\",\"item\":\"https:\/\/www.urban-vpn.com\/tr\/features\/\"},{\"@type\":\"ListItem\",\"position\":3,\"name\":\"S\u0131n\u0131rs\u0131z VPN\"}]},{\"@type\":\"WebSite\",\"@id\":\"https:\/\/www.urban-vpn.com\/tr\/#website\",\"url\":\"https:\/\/www.urban-vpn.com\/tr\/\",\"name\":\"| Urban VPN\",\"description\":\"Urban VPN\",\"publisher\":{\"@id\":\"https:\/\/www.urban-vpn.com\/tr\/#organization\"},\"inLanguage\":\"tr\"},{\"@type\":\"Organization\",\"@id\":\"https:\/\/www.urban-vpn.com\/tr\/#organization\",\"name\":\"| Urban VPN\",\"url\":\"https:\/\/www.urban-vpn.com\/tr\/\",\"logo\":{\"@type\":\"ImageObject\",\"inLanguage\":\"tr\",\"@id\":\"https:\/\/www.urban-vpn.com\/tr\/#\/schema\/logo\/image\/\",\"url\":\"https:\/\/assets.urban-vpn.com\/wp-content\/uploads\/2023\/02\/03121456\/logo.svg\",\"contentUrl\":\"https:\/\/assets.urban-vpn.com\/wp-content\/uploads\/2023\/02\/03121456\/logo.svg\",\"width\":120,\"height\":23,\"caption\":\"| Urban VPN\"},\"image\":{\"@id\":\"https:\/\/www.urban-vpn.com\/tr\/#\/schema\/logo\/image\/\"}}]}<\/script>\n<!-- \/ Yoast SEO plugin. -->","yoast_head_json":{"title":"S\u0131n\u0131rs\u0131z VPN | Urban VPN","description":"\u00dccretsiz \u00fcnl\u00fc koruma ve performans m\u0131 ar\u0131yorsunuz - Hareket halindeyken Urban VPN!","robots":{"index":"index","follow":"follow","max-snippet":"max-snippet:-1","max-image-preview":"max-image-preview:large","max-video-preview":"max-video-preview:-1"},"canonical":"https:\/\/www.urban-vpn.com\/tr\/features\/unlimited-vpn\/","og_locale":"tr_TR","og_type":"article","og_title":"S\u0131n\u0131rs\u0131z VPN | Urban VPN","og_description":"\u00dccretsiz \u00fcnl\u00fc koruma ve performans m\u0131 ar\u0131yorsunuz - Hareket halindeyken Urban VPN!","og_url":"https:\/\/www.urban-vpn.com\/tr\/features\/unlimited-vpn\/","og_site_name":"| Urban VPN","article_modified_time":"2024-12-29T11:59:11+00:00","twitter_card":"summary_large_image","twitter_misc":{"Tahmini okuma s\u00fcresi":"1 dakika"},"schema":{"@context":"https:\/\/schema.org","@graph":[{"@type":"WebPage","@id":"https:\/\/www.urban-vpn.com\/tr\/features\/unlimited-vpn\/","url":"https:\/\/www.urban-vpn.com\/tr\/features\/unlimited-vpn\/","name":"S\u0131n\u0131rs\u0131z VPN | Urban VPN","isPartOf":{"@id":"https:\/\/www.urban-vpn.com\/tr\/#website"},"datePublished":"2023-02-13T12:48:30+00:00","dateModified":"2024-12-29T11:59:11+00:00","description":"\u00dccretsiz \u00fcnl\u00fc koruma ve performans m\u0131 ar\u0131yorsunuz - Hareket halindeyken Urban VPN!","breadcrumb":{"@id":"https:\/\/www.urban-vpn.com\/tr\/features\/unlimited-vpn\/#breadcrumb"},"inLanguage":"tr","potentialAction":[{"@type":"ReadAction","target":["https:\/\/www.urban-vpn.com\/tr\/features\/unlimited-vpn\/"]}]},{"@type":"BreadcrumbList","@id":"https:\/\/www.urban-vpn.com\/tr\/features\/unlimited-vpn\/#breadcrumb","itemListElement":[{"@type":"ListItem","position":1,"name":"Home","item":"https:\/\/www.urban-vpn.com\/tr\/"},{"@type":"ListItem","position":2,"name":"\u00d6zellikler","item":"https:\/\/www.urban-vpn.com\/tr\/features\/"},{"@type":"ListItem","position":3,"name":"S\u0131n\u0131rs\u0131z VPN"}]},{"@type":"WebSite","@id":"https:\/\/www.urban-vpn.com\/tr\/#website","url":"https:\/\/www.urban-vpn.com\/tr\/","name":"| Urban VPN","description":"Urban VPN","publisher":{"@id":"https:\/\/www.urban-vpn.com\/tr\/#organization"},"inLanguage":"tr"},{"@type":"Organization","@id":"https:\/\/www.urban-vpn.com\/tr\/#organization","name":"| Urban VPN","url":"https:\/\/www.urban-vpn.com\/tr\/","logo":{"@type":"ImageObject","inLanguage":"tr","@id":"https:\/\/www.urban-vpn.com\/tr\/#\/schema\/logo\/image\/","url":"https:\/\/assets.urban-vpn.com\/wp-content\/uploads\/2023\/02\/03121456\/logo.svg","contentUrl":"https:\/\/assets.urban-vpn.com\/wp-content\/uploads\/2023\/02\/03121456\/logo.svg","width":120,"height":23,"caption":"| Urban VPN"},"image":{"@id":"https:\/\/www.urban-vpn.com\/tr\/#\/schema\/logo\/image\/"}}]}},"_links":{"self":[{"href":"https:\/\/www.urban-vpn.com\/tr\/wp-json\/wp\/v2\/pages\/23695","targetHints":{"allow":["GET"]}}],"collection":[{"href":"https:\/\/www.urban-vpn.com\/tr\/wp-json\/wp\/v2\/pages"}],"about":[{"href":"https:\/\/www.urban-vpn.com\/tr\/wp-json\/wp\/v2\/types\/page"}],"author":[{"embeddable":true,"href":"https:\/\/www.urban-vpn.com\/tr\/wp-json\/wp\/v2\/users\/3"}],"replies":[{"embeddable":true,"href":"https:\/\/www.urban-vpn.com\/tr\/wp-json\/wp\/v2\/comments?post=23695"}],"version-history":[{"count":2,"href":"https:\/\/www.urban-vpn.com\/tr\/wp-json\/wp\/v2\/pages\/23695\/revisions"}],"predecessor-version":[{"id":51469,"href":"https:\/\/www.urban-vpn.com\/tr\/wp-json\/wp\/v2\/pages\/23695\/revisions\/51469"}],"up":[{"embeddable":true,"href":"https:\/\/www.urban-vpn.com\/tr\/wp-json\/wp\/v2\/pages\/23786"}],"wp:attachment":[{"href":"https:\/\/www.urban-vpn.com\/tr\/wp-json\/wp\/v2\/media?parent=23695"}],"curies":[{"name":"wp","href":"https:\/\/api.w.org\/{rel}","templated":true}]}}