{"id":71630,"date":"2025-09-21T11:58:31","date_gmt":"2025-09-21T11:58:31","guid":{"rendered":"https:\/\/www.urban-vpn.com\/features\/kill-switch\/"},"modified":"2025-10-30T14:38:50","modified_gmt":"2025-10-30T14:38:50","slug":"kill-switch","status":"publish","type":"page","link":"https:\/\/www.urban-vpn.com\/se\/features\/kill-switch\/","title":{"rendered":"Kill Switch"},"content":{"rendered":"","protected":false},"excerpt":{"rendered":"","protected":false},"author":9,"featured_media":0,"parent":14705,"menu_order":0,"comment_status":"closed","ping_status":"closed","template":"page-templates\/double-vpn.php","meta":{"_acf_changed":false,"footnotes":""},"class_list":["post-71630","page","type-page","status-publish","hentry"],"acf":[],"yoast_head":"<!-- This site is optimized with the Yoast SEO plugin v26.6 - https:\/\/yoast.com\/wordpress\/plugins\/seo\/ -->\n<title>VPN Kill Switch \u2013 Din kostnadsfria online-livvakt | Urban VPN<\/title>\n<meta name=\"description\" content=\"\u00c4ven ett kort anslutningsfel kan avsl\u00f6ja din IP-adress. L\u00f6sningen? VPN Kill Switch fr\u00e5n Urban VPN. Klicka h\u00e4r f\u00f6r att skydda dig!\" \/>\n<meta name=\"robots\" content=\"index, follow, max-snippet:-1, max-image-preview:large, max-video-preview:-1\" \/>\n<link rel=\"canonical\" href=\"https:\/\/www.urban-vpn.com\/se\/features\/kill-switch\/\" \/>\n<meta property=\"og:locale\" content=\"en_US\" \/>\n<meta property=\"og:type\" content=\"article\" \/>\n<meta property=\"og:title\" content=\"VPN Kill Switch \u2013 Din kostnadsfria online-livvakt | Urban VPN\" \/>\n<meta property=\"og:description\" content=\"\u00c4ven ett kort anslutningsfel kan avsl\u00f6ja din IP-adress. L\u00f6sningen? VPN Kill Switch fr\u00e5n Urban VPN. Klicka h\u00e4r f\u00f6r att skydda dig!\" \/>\n<meta property=\"og:url\" content=\"https:\/\/www.urban-vpn.com\/se\/features\/kill-switch\/\" \/>\n<meta property=\"og:site_name\" content=\"| Urban VPN\" \/>\n<meta property=\"article:modified_time\" content=\"2025-10-30T14:38:50+00:00\" \/>\n<meta name=\"twitter:card\" content=\"summary_large_image\" \/>\n<script type=\"application\/ld+json\" class=\"yoast-schema-graph\">{\"@context\":\"https:\/\/schema.org\",\"@graph\":[{\"@type\":\"WebPage\",\"@id\":\"https:\/\/www.urban-vpn.com\/se\/features\/kill-switch\/\",\"url\":\"https:\/\/www.urban-vpn.com\/se\/features\/kill-switch\/\",\"name\":\"VPN Kill Switch \u2013 Din kostnadsfria online-livvakt | Urban VPN\",\"isPartOf\":{\"@id\":\"https:\/\/www.urban-vpn.com\/se\/#website\"},\"datePublished\":\"2025-09-21T11:58:31+00:00\",\"dateModified\":\"2025-10-30T14:38:50+00:00\",\"description\":\"\u00c4ven ett kort anslutningsfel kan avsl\u00f6ja din IP-adress. L\u00f6sningen? VPN Kill Switch fr\u00e5n Urban VPN. Klicka h\u00e4r f\u00f6r att skydda dig!\",\"breadcrumb\":{\"@id\":\"https:\/\/www.urban-vpn.com\/se\/features\/kill-switch\/#breadcrumb\"},\"inLanguage\":\"se-SE\",\"potentialAction\":[{\"@type\":\"ReadAction\",\"target\":[\"https:\/\/www.urban-vpn.com\/se\/features\/kill-switch\/\"]}]},{\"@type\":\"BreadcrumbList\",\"@id\":\"https:\/\/www.urban-vpn.com\/se\/features\/kill-switch\/#breadcrumb\",\"itemListElement\":[{\"@type\":\"ListItem\",\"position\":1,\"name\":\"Home\",\"item\":\"https:\/\/www.urban-vpn.com\/se\/\"},{\"@type\":\"ListItem\",\"position\":2,\"name\":\"Funktioner\",\"item\":\"https:\/\/www.urban-vpn.com\/se\/features\/\"},{\"@type\":\"ListItem\",\"position\":3,\"name\":\"Kill Switch\"}]},{\"@type\":\"WebSite\",\"@id\":\"https:\/\/www.urban-vpn.com\/se\/#website\",\"url\":\"https:\/\/www.urban-vpn.com\/se\/\",\"name\":\"| Urban VPN\",\"description\":\"Urban VPN\",\"publisher\":{\"@id\":\"https:\/\/www.urban-vpn.com\/se\/#organization\"},\"inLanguage\":\"se-SE\"},{\"@type\":\"Organization\",\"@id\":\"https:\/\/www.urban-vpn.com\/se\/#organization\",\"name\":\"| Urban VPN\",\"url\":\"https:\/\/www.urban-vpn.com\/se\/\",\"logo\":{\"@type\":\"ImageObject\",\"inLanguage\":\"se-SE\",\"@id\":\"https:\/\/www.urban-vpn.com\/se\/#\/schema\/logo\/image\/\",\"url\":\"https:\/\/assets.urban-vpn.com\/wp-content\/uploads\/2023\/02\/03121456\/logo.svg\",\"contentUrl\":\"https:\/\/assets.urban-vpn.com\/wp-content\/uploads\/2023\/02\/03121456\/logo.svg\",\"width\":120,\"height\":23,\"caption\":\"| Urban VPN\"},\"image\":{\"@id\":\"https:\/\/www.urban-vpn.com\/se\/#\/schema\/logo\/image\/\"}}]}<\/script>\n<!-- \/ Yoast SEO plugin. -->","yoast_head_json":{"title":"VPN Kill Switch \u2013 Din kostnadsfria online-livvakt | Urban VPN","description":"\u00c4ven ett kort anslutningsfel kan avsl\u00f6ja din IP-adress. L\u00f6sningen? VPN Kill Switch fr\u00e5n Urban VPN. Klicka h\u00e4r f\u00f6r att skydda dig!","robots":{"index":"index","follow":"follow","max-snippet":"max-snippet:-1","max-image-preview":"max-image-preview:large","max-video-preview":"max-video-preview:-1"},"canonical":"https:\/\/www.urban-vpn.com\/se\/features\/kill-switch\/","og_locale":"en_US","og_type":"article","og_title":"VPN Kill Switch \u2013 Din kostnadsfria online-livvakt | Urban VPN","og_description":"\u00c4ven ett kort anslutningsfel kan avsl\u00f6ja din IP-adress. L\u00f6sningen? VPN Kill Switch fr\u00e5n Urban VPN. Klicka h\u00e4r f\u00f6r att skydda dig!","og_url":"https:\/\/www.urban-vpn.com\/se\/features\/kill-switch\/","og_site_name":"| Urban VPN","article_modified_time":"2025-10-30T14:38:50+00:00","twitter_card":"summary_large_image","schema":{"@context":"https:\/\/schema.org","@graph":[{"@type":"WebPage","@id":"https:\/\/www.urban-vpn.com\/se\/features\/kill-switch\/","url":"https:\/\/www.urban-vpn.com\/se\/features\/kill-switch\/","name":"VPN Kill Switch \u2013 Din kostnadsfria online-livvakt | Urban VPN","isPartOf":{"@id":"https:\/\/www.urban-vpn.com\/se\/#website"},"datePublished":"2025-09-21T11:58:31+00:00","dateModified":"2025-10-30T14:38:50+00:00","description":"\u00c4ven ett kort anslutningsfel kan avsl\u00f6ja din IP-adress. L\u00f6sningen? VPN Kill Switch fr\u00e5n Urban VPN. Klicka h\u00e4r f\u00f6r att skydda dig!","breadcrumb":{"@id":"https:\/\/www.urban-vpn.com\/se\/features\/kill-switch\/#breadcrumb"},"inLanguage":"se-SE","potentialAction":[{"@type":"ReadAction","target":["https:\/\/www.urban-vpn.com\/se\/features\/kill-switch\/"]}]},{"@type":"BreadcrumbList","@id":"https:\/\/www.urban-vpn.com\/se\/features\/kill-switch\/#breadcrumb","itemListElement":[{"@type":"ListItem","position":1,"name":"Home","item":"https:\/\/www.urban-vpn.com\/se\/"},{"@type":"ListItem","position":2,"name":"Funktioner","item":"https:\/\/www.urban-vpn.com\/se\/features\/"},{"@type":"ListItem","position":3,"name":"Kill Switch"}]},{"@type":"WebSite","@id":"https:\/\/www.urban-vpn.com\/se\/#website","url":"https:\/\/www.urban-vpn.com\/se\/","name":"| Urban VPN","description":"Urban VPN","publisher":{"@id":"https:\/\/www.urban-vpn.com\/se\/#organization"},"inLanguage":"se-SE"},{"@type":"Organization","@id":"https:\/\/www.urban-vpn.com\/se\/#organization","name":"| Urban VPN","url":"https:\/\/www.urban-vpn.com\/se\/","logo":{"@type":"ImageObject","inLanguage":"se-SE","@id":"https:\/\/www.urban-vpn.com\/se\/#\/schema\/logo\/image\/","url":"https:\/\/assets.urban-vpn.com\/wp-content\/uploads\/2023\/02\/03121456\/logo.svg","contentUrl":"https:\/\/assets.urban-vpn.com\/wp-content\/uploads\/2023\/02\/03121456\/logo.svg","width":120,"height":23,"caption":"| Urban VPN"},"image":{"@id":"https:\/\/www.urban-vpn.com\/se\/#\/schema\/logo\/image\/"}}]}},"_links":{"self":[{"href":"https:\/\/www.urban-vpn.com\/se\/wp-json\/wp\/v2\/pages\/71630","targetHints":{"allow":["GET"]}}],"collection":[{"href":"https:\/\/www.urban-vpn.com\/se\/wp-json\/wp\/v2\/pages"}],"about":[{"href":"https:\/\/www.urban-vpn.com\/se\/wp-json\/wp\/v2\/types\/page"}],"author":[{"embeddable":true,"href":"https:\/\/www.urban-vpn.com\/se\/wp-json\/wp\/v2\/users\/9"}],"replies":[{"embeddable":true,"href":"https:\/\/www.urban-vpn.com\/se\/wp-json\/wp\/v2\/comments?post=71630"}],"version-history":[{"count":2,"href":"https:\/\/www.urban-vpn.com\/se\/wp-json\/wp\/v2\/pages\/71630\/revisions"}],"predecessor-version":[{"id":71727,"href":"https:\/\/www.urban-vpn.com\/se\/wp-json\/wp\/v2\/pages\/71630\/revisions\/71727"}],"up":[{"embeddable":true,"href":"https:\/\/www.urban-vpn.com\/se\/wp-json\/wp\/v2\/pages\/14705"}],"wp:attachment":[{"href":"https:\/\/www.urban-vpn.com\/se\/wp-json\/wp\/v2\/media?parent=71630"}],"curies":[{"name":"wp","href":"https:\/\/api.w.org\/{rel}","templated":true}]}}