{"id":17240,"date":"2023-01-27T16:16:00","date_gmt":"2023-01-27T16:16:00","guid":{"rendered":"https:\/\/www.urban-vpn.com\/features\/server-locations\/"},"modified":"2023-05-29T17:04:09","modified_gmt":"2023-05-29T17:04:09","slug":"server-locations","status":"publish","type":"page","link":"https:\/\/www.urban-vpn.com\/se\/features\/server-locations\/","title":{"rendered":"Serverplatser"},"content":{"rendered":"<h2 id=\"heading-1\">Varf\u00f6r spelar serverplatsen roll?<\/h2>\n<p>Internet \u00e4r n\u00e4stan \u00f6gonblickligt och verkar magiskt snabbt. Men i sj\u00e4lva verket blir de data du anv\u00e4nder n\u00e4r du surfar p\u00e5 Twitter eller tittar p\u00e5 en Netflix-serie l\u00e5ngsammare ju l\u00e4ngre bort du befinner dig fr\u00e5n den server som skickar dem. Detta orsakas av tv\u00e5 huvudfaktorer. Den f\u00f6rsta \u00e4r det faktum att data l\u00f6per p\u00e5 fysiska ledningar och inte kan l\u00f6pa snabbare \u00e4n en viss hastighet. Den andra och viktigare faktorn \u00e4r att avl\u00e4gsna platser tenderar att ha f\u00e4rre h\u00f6ghastighetsdatakablar anslutna till dem, och dina data m\u00e5ste passera fler stopp p\u00e5 v\u00e4gen. Det \u00e4r precis som med ett paket i din posttj\u00e4nst &#8211; att skicka n\u00e5got till en avl\u00e4gsen plats inneb\u00e4r att det m\u00e5ste finnas fler leveranscentraler som samlar in paketen i det omr\u00e5det och skickar dem i mindre lastbilar p\u00e5 v\u00e4gar som inte alltid \u00e4r lika bra som de huvudv\u00e4gar som f\u00f6rbinder de stora st\u00e4derna.<\/p>\n<p>Programvaruf\u00f6retag p\u00e5 Internet f\u00f6rs\u00f6ker alltid ge sina anv\u00e4ndare den b\u00e4sta och snabbaste upplevelsen de kan. S\u00e5 till exempel Spotify kommer att ha mycket snabba servrar i st\u00f6rre st\u00e4der eller i n\u00e4rheten av dem.<\/p>\n<p><img decoding=\"async\" src=\"images\/section\/server\/1.png\" alt=\"\" \/><\/p>\n<h2 id=\"heading-2\">N\u00f6j dig inte med mindre \u00e4n biljetter till f\u00f6rsta raden<\/h2>\n<p>N\u00e4r du k\u00f6per en biljett till din lokala biograf eller teater v\u00e4ljer du alltid de n\u00e4rmaste och b\u00e4sta biljetterna. Varf\u00f6r kompromissa med dina biljetter till de onlinetj\u00e4nster som du anv\u00e4nder dagligen?<\/p>\n<h2 id=\"heading-3\">L\u00e5ngsam VPN vs. snabb VPN<\/h2>\n<p>T\u00e4nk dig att du anv\u00e4nder en VPN f\u00f6r att lyssna p\u00e5 Spotify. Du har hittat exakt den musik du vill h\u00f6ra, slappnar av och s\u00e4tter p\u00e5 dig h\u00f6rlurarna. Sedan inser du att all musik du lyssnar p\u00e5 b\u00f6rjar strypa och att varje l\u00e5t stannar s\u00e5 m\u00e5nga g\u00e5nger. Hur frustrerande skulle inte det vara? Att ha en l\u00e5ngsam VPN som \u00e4r baserad p\u00e5 en server p\u00e5 en d\u00e5lig plats \u00e4r precis som att g\u00e5 tillbaka i tiden till 90-talet och \u00e5terigen inse hur viktigt det \u00e4r med en snabb internetuppkoppling. D\u00e4rf\u00f6r \u00e4r en av v\u00e5ra viktigaste uppgifter att f\u00e5 dig att k\u00e4nna att du \u00e4r fri att ansluta till internet fr\u00e5n var du \u00e4n vill i v\u00e4rlden.<\/p>\n<p><img decoding=\"async\" src=\"images\/section\/server\/2.png\" alt=\"\" \/><\/p>\n","protected":false},"excerpt":{"rendered":"<p>Varf\u00f6r spelar serverplatsen roll? Internet \u00e4r n\u00e4stan \u00f6gonblickligt och verkar magiskt snabbt. Men i sj\u00e4lva verket blir de data du anv\u00e4nder n\u00e4r du surfar p\u00e5 Twitter eller tittar p\u00e5 en Netflix-serie l\u00e5ngsammare ju l\u00e4ngre bort du befinner dig fr\u00e5n den server som skickar dem. Detta orsakas av tv\u00e5 huvudfaktorer. Den f\u00f6rsta \u00e4r det faktum att [&hellip;]<\/p>\n","protected":false},"author":3,"featured_media":0,"parent":14705,"menu_order":0,"comment_status":"closed","ping_status":"closed","template":"features\/server-locations.php","meta":{"_acf_changed":false,"footnotes":""},"class_list":["post-17240","page","type-page","status-publish","hentry"],"acf":[],"yoast_head":"<!-- This site is optimized with the Yoast SEO plugin v26.6 - https:\/\/yoast.com\/wordpress\/plugins\/seo\/ -->\n<title>Serverplatser | Urban VPN<\/title>\n<meta name=\"description\" content=\"UrbanVPN \u00e4r det st\u00f6rsta globala n\u00e4tverket f\u00f6r anonyma internetanv\u00e4ndare. V\u00e5r portf\u00f6lj med branschledande funktioner omfattar ett stort antal platser, l\u00e4s om det h\u00e4r!\" \/>\n<meta name=\"robots\" content=\"index, follow, max-snippet:-1, max-image-preview:large, max-video-preview:-1\" \/>\n<link rel=\"canonical\" href=\"https:\/\/www.urban-vpn.com\/se\/features\/server-locations\/\" \/>\n<meta property=\"og:locale\" content=\"en_US\" \/>\n<meta property=\"og:type\" content=\"article\" \/>\n<meta property=\"og:title\" content=\"Serverplatser | Urban VPN\" \/>\n<meta property=\"og:description\" content=\"UrbanVPN \u00e4r det st\u00f6rsta globala n\u00e4tverket f\u00f6r anonyma internetanv\u00e4ndare. V\u00e5r portf\u00f6lj med branschledande funktioner omfattar ett stort antal platser, l\u00e4s om det h\u00e4r!\" \/>\n<meta property=\"og:url\" content=\"https:\/\/www.urban-vpn.com\/se\/features\/server-locations\/\" \/>\n<meta property=\"og:site_name\" content=\"| Urban VPN\" \/>\n<meta property=\"article:modified_time\" content=\"2023-05-29T17:04:09+00:00\" \/>\n<meta name=\"twitter:card\" content=\"summary_large_image\" \/>\n<meta name=\"twitter:label1\" content=\"Est. reading time\" \/>\n\t<meta name=\"twitter:data1\" content=\"2 minutes\" \/>\n<script type=\"application\/ld+json\" class=\"yoast-schema-graph\">{\"@context\":\"https:\/\/schema.org\",\"@graph\":[{\"@type\":\"WebPage\",\"@id\":\"https:\/\/www.urban-vpn.com\/se\/features\/server-locations\/\",\"url\":\"https:\/\/www.urban-vpn.com\/se\/features\/server-locations\/\",\"name\":\"Serverplatser | Urban VPN\",\"isPartOf\":{\"@id\":\"https:\/\/www.urban-vpn.com\/se\/#website\"},\"datePublished\":\"2023-01-27T16:16:00+00:00\",\"dateModified\":\"2023-05-29T17:04:09+00:00\",\"description\":\"UrbanVPN \u00e4r det st\u00f6rsta globala n\u00e4tverket f\u00f6r anonyma internetanv\u00e4ndare. V\u00e5r portf\u00f6lj med branschledande funktioner omfattar ett stort antal platser, l\u00e4s om det h\u00e4r!\",\"breadcrumb\":{\"@id\":\"https:\/\/www.urban-vpn.com\/se\/features\/server-locations\/#breadcrumb\"},\"inLanguage\":\"se-SE\",\"potentialAction\":[{\"@type\":\"ReadAction\",\"target\":[\"https:\/\/www.urban-vpn.com\/se\/features\/server-locations\/\"]}]},{\"@type\":\"BreadcrumbList\",\"@id\":\"https:\/\/www.urban-vpn.com\/se\/features\/server-locations\/#breadcrumb\",\"itemListElement\":[{\"@type\":\"ListItem\",\"position\":1,\"name\":\"Home\",\"item\":\"https:\/\/www.urban-vpn.com\/se\/\"},{\"@type\":\"ListItem\",\"position\":2,\"name\":\"Funktioner\",\"item\":\"https:\/\/www.urban-vpn.com\/se\/features\/\"},{\"@type\":\"ListItem\",\"position\":3,\"name\":\"Serverplatser\"}]},{\"@type\":\"WebSite\",\"@id\":\"https:\/\/www.urban-vpn.com\/se\/#website\",\"url\":\"https:\/\/www.urban-vpn.com\/se\/\",\"name\":\"| Urban VPN\",\"description\":\"Urban VPN\",\"publisher\":{\"@id\":\"https:\/\/www.urban-vpn.com\/se\/#organization\"},\"inLanguage\":\"se-SE\"},{\"@type\":\"Organization\",\"@id\":\"https:\/\/www.urban-vpn.com\/se\/#organization\",\"name\":\"| Urban VPN\",\"url\":\"https:\/\/www.urban-vpn.com\/se\/\",\"logo\":{\"@type\":\"ImageObject\",\"inLanguage\":\"se-SE\",\"@id\":\"https:\/\/www.urban-vpn.com\/se\/#\/schema\/logo\/image\/\",\"url\":\"https:\/\/assets.urban-vpn.com\/wp-content\/uploads\/2023\/02\/03121456\/logo.svg\",\"contentUrl\":\"https:\/\/assets.urban-vpn.com\/wp-content\/uploads\/2023\/02\/03121456\/logo.svg\",\"width\":120,\"height\":23,\"caption\":\"| Urban VPN\"},\"image\":{\"@id\":\"https:\/\/www.urban-vpn.com\/se\/#\/schema\/logo\/image\/\"}}]}<\/script>\n<!-- \/ Yoast SEO plugin. -->","yoast_head_json":{"title":"Serverplatser | Urban VPN","description":"UrbanVPN \u00e4r det st\u00f6rsta globala n\u00e4tverket f\u00f6r anonyma internetanv\u00e4ndare. V\u00e5r portf\u00f6lj med branschledande funktioner omfattar ett stort antal platser, l\u00e4s om det h\u00e4r!","robots":{"index":"index","follow":"follow","max-snippet":"max-snippet:-1","max-image-preview":"max-image-preview:large","max-video-preview":"max-video-preview:-1"},"canonical":"https:\/\/www.urban-vpn.com\/se\/features\/server-locations\/","og_locale":"en_US","og_type":"article","og_title":"Serverplatser | Urban VPN","og_description":"UrbanVPN \u00e4r det st\u00f6rsta globala n\u00e4tverket f\u00f6r anonyma internetanv\u00e4ndare. V\u00e5r portf\u00f6lj med branschledande funktioner omfattar ett stort antal platser, l\u00e4s om det h\u00e4r!","og_url":"https:\/\/www.urban-vpn.com\/se\/features\/server-locations\/","og_site_name":"| Urban VPN","article_modified_time":"2023-05-29T17:04:09+00:00","twitter_card":"summary_large_image","twitter_misc":{"Est. reading time":"2 minutes"},"schema":{"@context":"https:\/\/schema.org","@graph":[{"@type":"WebPage","@id":"https:\/\/www.urban-vpn.com\/se\/features\/server-locations\/","url":"https:\/\/www.urban-vpn.com\/se\/features\/server-locations\/","name":"Serverplatser | Urban VPN","isPartOf":{"@id":"https:\/\/www.urban-vpn.com\/se\/#website"},"datePublished":"2023-01-27T16:16:00+00:00","dateModified":"2023-05-29T17:04:09+00:00","description":"UrbanVPN \u00e4r det st\u00f6rsta globala n\u00e4tverket f\u00f6r anonyma internetanv\u00e4ndare. V\u00e5r portf\u00f6lj med branschledande funktioner omfattar ett stort antal platser, l\u00e4s om det h\u00e4r!","breadcrumb":{"@id":"https:\/\/www.urban-vpn.com\/se\/features\/server-locations\/#breadcrumb"},"inLanguage":"se-SE","potentialAction":[{"@type":"ReadAction","target":["https:\/\/www.urban-vpn.com\/se\/features\/server-locations\/"]}]},{"@type":"BreadcrumbList","@id":"https:\/\/www.urban-vpn.com\/se\/features\/server-locations\/#breadcrumb","itemListElement":[{"@type":"ListItem","position":1,"name":"Home","item":"https:\/\/www.urban-vpn.com\/se\/"},{"@type":"ListItem","position":2,"name":"Funktioner","item":"https:\/\/www.urban-vpn.com\/se\/features\/"},{"@type":"ListItem","position":3,"name":"Serverplatser"}]},{"@type":"WebSite","@id":"https:\/\/www.urban-vpn.com\/se\/#website","url":"https:\/\/www.urban-vpn.com\/se\/","name":"| Urban VPN","description":"Urban VPN","publisher":{"@id":"https:\/\/www.urban-vpn.com\/se\/#organization"},"inLanguage":"se-SE"},{"@type":"Organization","@id":"https:\/\/www.urban-vpn.com\/se\/#organization","name":"| Urban VPN","url":"https:\/\/www.urban-vpn.com\/se\/","logo":{"@type":"ImageObject","inLanguage":"se-SE","@id":"https:\/\/www.urban-vpn.com\/se\/#\/schema\/logo\/image\/","url":"https:\/\/assets.urban-vpn.com\/wp-content\/uploads\/2023\/02\/03121456\/logo.svg","contentUrl":"https:\/\/assets.urban-vpn.com\/wp-content\/uploads\/2023\/02\/03121456\/logo.svg","width":120,"height":23,"caption":"| Urban VPN"},"image":{"@id":"https:\/\/www.urban-vpn.com\/se\/#\/schema\/logo\/image\/"}}]}},"_links":{"self":[{"href":"https:\/\/www.urban-vpn.com\/se\/wp-json\/wp\/v2\/pages\/17240","targetHints":{"allow":["GET"]}}],"collection":[{"href":"https:\/\/www.urban-vpn.com\/se\/wp-json\/wp\/v2\/pages"}],"about":[{"href":"https:\/\/www.urban-vpn.com\/se\/wp-json\/wp\/v2\/types\/page"}],"author":[{"embeddable":true,"href":"https:\/\/www.urban-vpn.com\/se\/wp-json\/wp\/v2\/users\/3"}],"replies":[{"embeddable":true,"href":"https:\/\/www.urban-vpn.com\/se\/wp-json\/wp\/v2\/comments?post=17240"}],"version-history":[{"count":3,"href":"https:\/\/www.urban-vpn.com\/se\/wp-json\/wp\/v2\/pages\/17240\/revisions"}],"predecessor-version":[{"id":22497,"href":"https:\/\/www.urban-vpn.com\/se\/wp-json\/wp\/v2\/pages\/17240\/revisions\/22497"}],"up":[{"embeddable":true,"href":"https:\/\/www.urban-vpn.com\/se\/wp-json\/wp\/v2\/pages\/14705"}],"wp:attachment":[{"href":"https:\/\/www.urban-vpn.com\/se\/wp-json\/wp\/v2\/media?parent=17240"}],"curies":[{"name":"wp","href":"https:\/\/api.w.org\/{rel}","templated":true}]}}