{"id":12871,"date":"2023-02-13T09:35:13","date_gmt":"2023-02-13T09:35:13","guid":{"rendered":"https:\/\/www.urban-vpn.com\/free-gaming-vpn\/free-vpn-for-gameloop\/"},"modified":"2023-06-19T12:41:31","modified_gmt":"2023-06-19T12:41:31","slug":"free-vpn-for-gameloop","status":"publish","type":"page","link":"https:\/\/www.urban-vpn.com\/se\/free-products\/free-gaming-vpn\/free-vpn-for-gameloop\/","title":{"rendered":"Gratis VPN f\u00f6r Gameloop"},"content":{"rendered":"<p>&nbsp;<\/p>\n<div id=\"urban_overlay\"><\/div>\n","protected":false},"excerpt":{"rendered":"<p>&nbsp;<\/p>\n","protected":false},"author":3,"featured_media":36972,"parent":12763,"menu_order":0,"comment_status":"closed","ping_status":"closed","template":"products\/gaming.php","meta":{"_acf_changed":false,"footnotes":""},"class_list":["post-12871","page","type-page","status-publish","has-post-thumbnail","hentry"],"acf":[],"yoast_head":"<!-- This site is optimized with the Yoast SEO plugin v26.6 - https:\/\/yoast.com\/wordpress\/plugins\/seo\/ -->\n<title>Gratis GameLoop VPN | Den b\u00e4sta VPN f\u00f6r spelare!<\/title>\n<meta name=\"description\" content=\"Letar du efter den b\u00e4sta gratis GameLoop VPN? Du hittade det. UrbanVPNs revolutionerande IP-delnings-VPN f\u00f6r spelare med minimal latens \u00e4r gratis och bara ett klick bort!\" \/>\n<meta name=\"robots\" content=\"index, follow, max-snippet:-1, max-image-preview:large, max-video-preview:-1\" \/>\n<link rel=\"canonical\" href=\"https:\/\/www.urban-vpn.com\/se\/free-products\/free-gaming-vpn\/free-vpn-for-gameloop\/\" \/>\n<meta property=\"og:locale\" content=\"en_US\" \/>\n<meta property=\"og:type\" content=\"article\" \/>\n<meta property=\"og:title\" content=\"Gratis GameLoop VPN | Den b\u00e4sta VPN f\u00f6r spelare!\" \/>\n<meta property=\"og:description\" content=\"Letar du efter den b\u00e4sta gratis GameLoop VPN? Du hittade det. UrbanVPNs revolutionerande IP-delnings-VPN f\u00f6r spelare med minimal latens \u00e4r gratis och bara ett klick bort!\" \/>\n<meta property=\"og:url\" content=\"https:\/\/www.urban-vpn.com\/se\/free-products\/free-gaming-vpn\/free-vpn-for-gameloop\/\" \/>\n<meta property=\"og:site_name\" content=\"| Urban VPN\" \/>\n<meta property=\"article:modified_time\" content=\"2023-06-19T12:41:31+00:00\" \/>\n<meta property=\"og:image\" content=\"https:\/\/assets.urban-vpn.com\/wp-content\/uploads\/2023\/06\/13143934\/5-2-e1687178485551.webp\" \/>\n\t<meta property=\"og:image:width\" content=\"518\" \/>\n\t<meta property=\"og:image:height\" content=\"346\" \/>\n\t<meta property=\"og:image:type\" content=\"image\/webp\" \/>\n<meta name=\"twitter:card\" content=\"summary_large_image\" \/>\n<script type=\"application\/ld+json\" class=\"yoast-schema-graph\">{\"@context\":\"https:\/\/schema.org\",\"@graph\":[{\"@type\":\"WebPage\",\"@id\":\"https:\/\/www.urban-vpn.com\/se\/free-products\/free-gaming-vpn\/free-vpn-for-gameloop\/\",\"url\":\"https:\/\/www.urban-vpn.com\/se\/free-products\/free-gaming-vpn\/free-vpn-for-gameloop\/\",\"name\":\"Gratis GameLoop VPN | Den b\u00e4sta VPN f\u00f6r spelare!\",\"isPartOf\":{\"@id\":\"https:\/\/www.urban-vpn.com\/se\/#website\"},\"primaryImageOfPage\":{\"@id\":\"https:\/\/www.urban-vpn.com\/se\/free-products\/free-gaming-vpn\/free-vpn-for-gameloop\/#primaryimage\"},\"image\":{\"@id\":\"https:\/\/www.urban-vpn.com\/se\/free-products\/free-gaming-vpn\/free-vpn-for-gameloop\/#primaryimage\"},\"thumbnailUrl\":\"https:\/\/www.urban-vpn.com\/wp-content\/uploads\/2023\/06\/5-2-e1687178485551.webp\",\"datePublished\":\"2023-02-13T09:35:13+00:00\",\"dateModified\":\"2023-06-19T12:41:31+00:00\",\"description\":\"Letar du efter den b\u00e4sta gratis GameLoop VPN? Du hittade det. UrbanVPNs revolutionerande IP-delnings-VPN f\u00f6r spelare med minimal latens \u00e4r gratis och bara ett klick bort!\",\"breadcrumb\":{\"@id\":\"https:\/\/www.urban-vpn.com\/se\/free-products\/free-gaming-vpn\/free-vpn-for-gameloop\/#breadcrumb\"},\"inLanguage\":\"se-SE\",\"potentialAction\":[{\"@type\":\"ReadAction\",\"target\":[\"https:\/\/www.urban-vpn.com\/se\/free-products\/free-gaming-vpn\/free-vpn-for-gameloop\/\"]}]},{\"@type\":\"ImageObject\",\"inLanguage\":\"se-SE\",\"@id\":\"https:\/\/www.urban-vpn.com\/se\/free-products\/free-gaming-vpn\/free-vpn-for-gameloop\/#primaryimage\",\"url\":\"https:\/\/www.urban-vpn.com\/wp-content\/uploads\/2023\/06\/5-2-e1687178485551.webp\",\"contentUrl\":\"https:\/\/www.urban-vpn.com\/wp-content\/uploads\/2023\/06\/5-2-e1687178485551.webp\",\"width\":518,\"height\":346},{\"@type\":\"BreadcrumbList\",\"@id\":\"https:\/\/www.urban-vpn.com\/se\/free-products\/free-gaming-vpn\/free-vpn-for-gameloop\/#breadcrumb\",\"itemListElement\":[{\"@type\":\"ListItem\",\"position\":1,\"name\":\"Home\",\"item\":\"https:\/\/www.urban-vpn.com\/se\/\"},{\"@type\":\"ListItem\",\"position\":2,\"name\":\"Produkter\",\"item\":\"https:\/\/www.urban-vpn.com\/se\/free-products\/\"},{\"@type\":\"ListItem\",\"position\":3,\"name\":\"Gratis VPN f\u00f6r spel\",\"item\":\"https:\/\/www.urban-vpn.com\/se\/free-products\/free-gaming-vpn\/\"},{\"@type\":\"ListItem\",\"position\":4,\"name\":\"Gratis VPN f\u00f6r Gameloop\"}]},{\"@type\":\"WebSite\",\"@id\":\"https:\/\/www.urban-vpn.com\/se\/#website\",\"url\":\"https:\/\/www.urban-vpn.com\/se\/\",\"name\":\"| Urban VPN\",\"description\":\"Urban VPN\",\"publisher\":{\"@id\":\"https:\/\/www.urban-vpn.com\/se\/#organization\"},\"inLanguage\":\"se-SE\"},{\"@type\":\"Organization\",\"@id\":\"https:\/\/www.urban-vpn.com\/se\/#organization\",\"name\":\"| Urban VPN\",\"url\":\"https:\/\/www.urban-vpn.com\/se\/\",\"logo\":{\"@type\":\"ImageObject\",\"inLanguage\":\"se-SE\",\"@id\":\"https:\/\/www.urban-vpn.com\/se\/#\/schema\/logo\/image\/\",\"url\":\"https:\/\/assets.urban-vpn.com\/wp-content\/uploads\/2023\/02\/03121456\/logo.svg\",\"contentUrl\":\"https:\/\/assets.urban-vpn.com\/wp-content\/uploads\/2023\/02\/03121456\/logo.svg\",\"width\":120,\"height\":23,\"caption\":\"| Urban VPN\"},\"image\":{\"@id\":\"https:\/\/www.urban-vpn.com\/se\/#\/schema\/logo\/image\/\"}}]}<\/script>\n<!-- \/ Yoast SEO plugin. -->","yoast_head_json":{"title":"Gratis GameLoop VPN | Den b\u00e4sta VPN f\u00f6r spelare!","description":"Letar du efter den b\u00e4sta gratis GameLoop VPN? Du hittade det. UrbanVPNs revolutionerande IP-delnings-VPN f\u00f6r spelare med minimal latens \u00e4r gratis och bara ett klick bort!","robots":{"index":"index","follow":"follow","max-snippet":"max-snippet:-1","max-image-preview":"max-image-preview:large","max-video-preview":"max-video-preview:-1"},"canonical":"https:\/\/www.urban-vpn.com\/se\/free-products\/free-gaming-vpn\/free-vpn-for-gameloop\/","og_locale":"en_US","og_type":"article","og_title":"Gratis GameLoop VPN | Den b\u00e4sta VPN f\u00f6r spelare!","og_description":"Letar du efter den b\u00e4sta gratis GameLoop VPN? Du hittade det. UrbanVPNs revolutionerande IP-delnings-VPN f\u00f6r spelare med minimal latens \u00e4r gratis och bara ett klick bort!","og_url":"https:\/\/www.urban-vpn.com\/se\/free-products\/free-gaming-vpn\/free-vpn-for-gameloop\/","og_site_name":"| Urban VPN","article_modified_time":"2023-06-19T12:41:31+00:00","og_image":[{"width":518,"height":346,"url":"https:\/\/assets.urban-vpn.com\/wp-content\/uploads\/2023\/06\/13143934\/5-2-e1687178485551.webp","type":"image\/webp"}],"twitter_card":"summary_large_image","schema":{"@context":"https:\/\/schema.org","@graph":[{"@type":"WebPage","@id":"https:\/\/www.urban-vpn.com\/se\/free-products\/free-gaming-vpn\/free-vpn-for-gameloop\/","url":"https:\/\/www.urban-vpn.com\/se\/free-products\/free-gaming-vpn\/free-vpn-for-gameloop\/","name":"Gratis GameLoop VPN | Den b\u00e4sta VPN f\u00f6r spelare!","isPartOf":{"@id":"https:\/\/www.urban-vpn.com\/se\/#website"},"primaryImageOfPage":{"@id":"https:\/\/www.urban-vpn.com\/se\/free-products\/free-gaming-vpn\/free-vpn-for-gameloop\/#primaryimage"},"image":{"@id":"https:\/\/www.urban-vpn.com\/se\/free-products\/free-gaming-vpn\/free-vpn-for-gameloop\/#primaryimage"},"thumbnailUrl":"https:\/\/www.urban-vpn.com\/wp-content\/uploads\/2023\/06\/5-2-e1687178485551.webp","datePublished":"2023-02-13T09:35:13+00:00","dateModified":"2023-06-19T12:41:31+00:00","description":"Letar du efter den b\u00e4sta gratis GameLoop VPN? Du hittade det. UrbanVPNs revolutionerande IP-delnings-VPN f\u00f6r spelare med minimal latens \u00e4r gratis och bara ett klick bort!","breadcrumb":{"@id":"https:\/\/www.urban-vpn.com\/se\/free-products\/free-gaming-vpn\/free-vpn-for-gameloop\/#breadcrumb"},"inLanguage":"se-SE","potentialAction":[{"@type":"ReadAction","target":["https:\/\/www.urban-vpn.com\/se\/free-products\/free-gaming-vpn\/free-vpn-for-gameloop\/"]}]},{"@type":"ImageObject","inLanguage":"se-SE","@id":"https:\/\/www.urban-vpn.com\/se\/free-products\/free-gaming-vpn\/free-vpn-for-gameloop\/#primaryimage","url":"https:\/\/www.urban-vpn.com\/wp-content\/uploads\/2023\/06\/5-2-e1687178485551.webp","contentUrl":"https:\/\/www.urban-vpn.com\/wp-content\/uploads\/2023\/06\/5-2-e1687178485551.webp","width":518,"height":346},{"@type":"BreadcrumbList","@id":"https:\/\/www.urban-vpn.com\/se\/free-products\/free-gaming-vpn\/free-vpn-for-gameloop\/#breadcrumb","itemListElement":[{"@type":"ListItem","position":1,"name":"Home","item":"https:\/\/www.urban-vpn.com\/se\/"},{"@type":"ListItem","position":2,"name":"Produkter","item":"https:\/\/www.urban-vpn.com\/se\/free-products\/"},{"@type":"ListItem","position":3,"name":"Gratis VPN f\u00f6r spel","item":"https:\/\/www.urban-vpn.com\/se\/free-products\/free-gaming-vpn\/"},{"@type":"ListItem","position":4,"name":"Gratis VPN f\u00f6r Gameloop"}]},{"@type":"WebSite","@id":"https:\/\/www.urban-vpn.com\/se\/#website","url":"https:\/\/www.urban-vpn.com\/se\/","name":"| Urban VPN","description":"Urban VPN","publisher":{"@id":"https:\/\/www.urban-vpn.com\/se\/#organization"},"inLanguage":"se-SE"},{"@type":"Organization","@id":"https:\/\/www.urban-vpn.com\/se\/#organization","name":"| Urban VPN","url":"https:\/\/www.urban-vpn.com\/se\/","logo":{"@type":"ImageObject","inLanguage":"se-SE","@id":"https:\/\/www.urban-vpn.com\/se\/#\/schema\/logo\/image\/","url":"https:\/\/assets.urban-vpn.com\/wp-content\/uploads\/2023\/02\/03121456\/logo.svg","contentUrl":"https:\/\/assets.urban-vpn.com\/wp-content\/uploads\/2023\/02\/03121456\/logo.svg","width":120,"height":23,"caption":"| Urban VPN"},"image":{"@id":"https:\/\/www.urban-vpn.com\/se\/#\/schema\/logo\/image\/"}}]}},"_links":{"self":[{"href":"https:\/\/www.urban-vpn.com\/se\/wp-json\/wp\/v2\/pages\/12871","targetHints":{"allow":["GET"]}}],"collection":[{"href":"https:\/\/www.urban-vpn.com\/se\/wp-json\/wp\/v2\/pages"}],"about":[{"href":"https:\/\/www.urban-vpn.com\/se\/wp-json\/wp\/v2\/types\/page"}],"author":[{"embeddable":true,"href":"https:\/\/www.urban-vpn.com\/se\/wp-json\/wp\/v2\/users\/3"}],"replies":[{"embeddable":true,"href":"https:\/\/www.urban-vpn.com\/se\/wp-json\/wp\/v2\/comments?post=12871"}],"version-history":[{"count":1,"href":"https:\/\/www.urban-vpn.com\/se\/wp-json\/wp\/v2\/pages\/12871\/revisions"}],"predecessor-version":[{"id":41807,"href":"https:\/\/www.urban-vpn.com\/se\/wp-json\/wp\/v2\/pages\/12871\/revisions\/41807"}],"up":[{"embeddable":true,"href":"https:\/\/www.urban-vpn.com\/se\/wp-json\/wp\/v2\/pages\/12763"}],"wp:featuredmedia":[{"embeddable":true,"href":"https:\/\/www.urban-vpn.com\/se\/wp-json\/wp\/v2\/media\/36972"}],"wp:attachment":[{"href":"https:\/\/www.urban-vpn.com\/se\/wp-json\/wp\/v2\/media?parent=12871"}],"curies":[{"name":"wp","href":"https:\/\/api.w.org\/{rel}","templated":true}]}}