{"id":32224,"date":"2023-01-27T16:16:00","date_gmt":"2023-01-27T16:16:00","guid":{"rendered":"https:\/\/www.urban-vpn.com\/features\/server-locations\/"},"modified":"2023-06-07T14:39:29","modified_gmt":"2023-06-07T14:39:29","slug":"server-locations","status":"publish","type":"page","link":"https:\/\/www.urban-vpn.com\/ro\/features\/server-locations\/","title":{"rendered":"Loca\u021biile serverului"},"content":{"rendered":"<h2 id=\"heading-1\">De ce conteaz\u0103 loca\u021bia serverului?<\/h2>\n<p>Internetul este aproape instantaneu \u0219i pare a fi rapid ca prin magie. De\u0219i, de fapt, datele pe care le consuma\u021bi atunci c\u00e2nd naviga\u021bi pe Twitter sau viziona\u021bi un serial pe Netflix devin cu at\u00e2t mai lente cu c\u00e2t v\u0103 afla\u021bi mai departe de serverul care le trimite. Acest lucru este cauzat de doi factori principali. Primul este faptul c\u0103 datele ruleaz\u0103 pe fire fizice \u0219i nu pot rula mai repede de o anumit\u0103 vitez\u0103. Cel de-al doilea \u0219i cel mai important este c\u0103 loca\u021biile \u00eendep\u0103rtate tind s\u0103 aib\u0103 mai pu\u021bine cabluri de date de mare vitez\u0103 conectate la ele, iar datele dvs. trebuie s\u0103 treac\u0103 prin mai multe opriri pe drum. Acest lucru este la fel ca un pachet \u00een cadrul serviciului po\u0219tal &#8211; trimiterea unui lucru \u00eentr-o loca\u021bie \u00eendep\u0103rtat\u0103 presupune existen\u021ba mai multor centre de livrare care colecteaz\u0103 pachetele \u00een acea zon\u0103 \u0219i le trimit \u00een camioane mai mici pe drumuri care nu sunt \u00eentotdeauna la fel de bune ca autostr\u0103zile principale care leag\u0103 ora\u0219ele mari.<\/p>\n<p>Companiile de software pentru internet \u00eencearc\u0103 mereu s\u0103 le ofere utilizatorilor lor cea mai bun\u0103 \u0219i mai rapid\u0103 experien\u021b\u0103 posibil\u0103. Astfel, de exemplu, Spotify va avea servere foarte rapide \u00een marile ora\u0219e sau \u00een apropierea acestora.<\/p>\n<p><img decoding=\"async\" src=\"images\/section\/server\/1.png\" alt=\"\" \/><\/p>\n<h2 id=\"heading-2\">Nu v\u0103 mul\u021bumi\u021bi cu mai pu\u021bin dec\u00e2t bilete \u00een primul r\u00e2nd<\/h2>\n<p>Atunci c\u00e2nd cump\u0103ra\u021bi un bilet la cinematograful sau teatrul local, alege\u021bi \u00eentotdeauna cele mai apropiate \u0219i cele mai bune bilete posibile. De ce s\u0103 face\u021bi compromisuri \u00een ceea ce prive\u0219te biletele pentru serviciile online pe care le folosi\u021bi zilnic?<\/p>\n<h2 id=\"heading-3\">VPN lent vs. VPN rapid<\/h2>\n<p>Imagina\u021bi-v\u0103 c\u0103 folosi\u021bi un VPN pentru a asculta Spotify. A\u021bi g\u0103sit muzica exact\u0103 pe care dori\u021bi s\u0103 o asculta\u021bi, relaxa\u021bi-v\u0103 \u0219i pune\u021bi-v\u0103 c\u0103\u0219tile. Apoi v\u0103 da\u021bi seama c\u0103 toat\u0103 muzica pe care o asculta\u021bi \u00eencepe s\u0103 se g\u00e2f\u00e2ie \u0219i fiecare melodie se opre\u0219te de at\u00e2tea ori. C\u00e2t de frustrant ar fi asta? A avea un VPN lent, care se bazeaz\u0103 pe un server \u00eentr-o loca\u021bie proast\u0103, este ca \u0219i cum v-a\u021bi \u00eentoarce \u00een anii &#8217;90 \u0219i a\u021bi realiza \u00eenc\u0103 o dat\u0103 c\u00e2t de important\u0103 este o conexiune rapid\u0103 la internet. De aceea, una dintre sarcinile noastre principale este de a v\u0103 face s\u0103 v\u0103 sim\u021bi\u021bi liberi s\u0103 v\u0103 conecta\u021bi la internet de oriunde dori\u021bi din lume.<\/p>\n<p><img decoding=\"async\" src=\"\/wp-content\/themes\/urbanvpn\/images\/section\/server\/2.png\" alt=\"\" \/><\/p>\n","protected":false},"excerpt":{"rendered":"<p>De ce conteaz\u0103 loca\u021bia serverului? Internetul este aproape instantaneu \u0219i pare a fi rapid ca prin magie. De\u0219i, de fapt, datele pe care le consuma\u021bi atunci c\u00e2nd naviga\u021bi pe Twitter sau viziona\u021bi un serial pe Netflix devin cu at\u00e2t mai lente cu c\u00e2t v\u0103 afla\u021bi mai departe de serverul care le trimite. Acest lucru este [&hellip;]<\/p>\n","protected":false},"author":3,"featured_media":0,"parent":32218,"menu_order":0,"comment_status":"closed","ping_status":"closed","template":"features\/server-locations.php","meta":{"_acf_changed":false,"footnotes":""},"class_list":["post-32224","page","type-page","status-publish","hentry"],"acf":[],"yoast_head":"<!-- This site is optimized with the Yoast SEO plugin v26.6 - https:\/\/yoast.com\/wordpress\/plugins\/seo\/ -->\n<title>Loca\u021biile serverului | Urban VPN<\/title>\n<meta name=\"description\" content=\"UrbanVPN este cea mai mare re\u021bea global\u0103 de utilizatori anonimi ai internetului. Portofoliul nostru de caracteristici de top din industrie include o gam\u0103 larg\u0103 de loca\u021bii, citi\u021bi despre el aici!\" \/>\n<meta name=\"robots\" content=\"index, follow, max-snippet:-1, max-image-preview:large, max-video-preview:-1\" \/>\n<link rel=\"canonical\" href=\"https:\/\/www.urban-vpn.com\/ro\/features\/server-locations\/\" \/>\n<meta property=\"og:locale\" content=\"ro_RO\" \/>\n<meta property=\"og:type\" content=\"article\" \/>\n<meta property=\"og:title\" content=\"Loca\u021biile serverului | Urban VPN\" \/>\n<meta property=\"og:description\" content=\"UrbanVPN este cea mai mare re\u021bea global\u0103 de utilizatori anonimi ai internetului. Portofoliul nostru de caracteristici de top din industrie include o gam\u0103 larg\u0103 de loca\u021bii, citi\u021bi despre el aici!\" \/>\n<meta property=\"og:url\" content=\"https:\/\/www.urban-vpn.com\/ro\/features\/server-locations\/\" \/>\n<meta property=\"og:site_name\" content=\"| Urban VPN\" \/>\n<meta property=\"article:modified_time\" content=\"2023-06-07T14:39:29+00:00\" \/>\n<meta name=\"twitter:card\" content=\"summary_large_image\" \/>\n<meta name=\"twitter:label1\" content=\"Timp estimat pentru citire\" \/>\n\t<meta name=\"twitter:data1\" content=\"3 minute\" \/>\n<script type=\"application\/ld+json\" class=\"yoast-schema-graph\">{\"@context\":\"https:\/\/schema.org\",\"@graph\":[{\"@type\":\"WebPage\",\"@id\":\"https:\/\/www.urban-vpn.com\/ro\/features\/server-locations\/\",\"url\":\"https:\/\/www.urban-vpn.com\/ro\/features\/server-locations\/\",\"name\":\"Loca\u021biile serverului | Urban VPN\",\"isPartOf\":{\"@id\":\"https:\/\/www.urban-vpn.com\/ro\/#website\"},\"datePublished\":\"2023-01-27T16:16:00+00:00\",\"dateModified\":\"2023-06-07T14:39:29+00:00\",\"description\":\"UrbanVPN este cea mai mare re\u021bea global\u0103 de utilizatori anonimi ai internetului. Portofoliul nostru de caracteristici de top din industrie include o gam\u0103 larg\u0103 de loca\u021bii, citi\u021bi despre el aici!\",\"breadcrumb\":{\"@id\":\"https:\/\/www.urban-vpn.com\/ro\/features\/server-locations\/#breadcrumb\"},\"inLanguage\":\"ro-RO\",\"potentialAction\":[{\"@type\":\"ReadAction\",\"target\":[\"https:\/\/www.urban-vpn.com\/ro\/features\/server-locations\/\"]}]},{\"@type\":\"BreadcrumbList\",\"@id\":\"https:\/\/www.urban-vpn.com\/ro\/features\/server-locations\/#breadcrumb\",\"itemListElement\":[{\"@type\":\"ListItem\",\"position\":1,\"name\":\"Home\",\"item\":\"https:\/\/www.urban-vpn.com\/ro\/\"},{\"@type\":\"ListItem\",\"position\":2,\"name\":\"Caracteristici\",\"item\":\"https:\/\/www.urban-vpn.com\/ro\/features\/\"},{\"@type\":\"ListItem\",\"position\":3,\"name\":\"Loca\u021biile serverului\"}]},{\"@type\":\"WebSite\",\"@id\":\"https:\/\/www.urban-vpn.com\/ro\/#website\",\"url\":\"https:\/\/www.urban-vpn.com\/ro\/\",\"name\":\"| Urban VPN\",\"description\":\"Urban VPN\",\"publisher\":{\"@id\":\"https:\/\/www.urban-vpn.com\/ro\/#organization\"},\"inLanguage\":\"ro-RO\"},{\"@type\":\"Organization\",\"@id\":\"https:\/\/www.urban-vpn.com\/ro\/#organization\",\"name\":\"| Urban VPN\",\"url\":\"https:\/\/www.urban-vpn.com\/ro\/\",\"logo\":{\"@type\":\"ImageObject\",\"inLanguage\":\"ro-RO\",\"@id\":\"https:\/\/www.urban-vpn.com\/ro\/#\/schema\/logo\/image\/\",\"url\":\"https:\/\/assets.urban-vpn.com\/wp-content\/uploads\/2023\/02\/03121456\/logo.svg\",\"contentUrl\":\"https:\/\/assets.urban-vpn.com\/wp-content\/uploads\/2023\/02\/03121456\/logo.svg\",\"width\":120,\"height\":23,\"caption\":\"| Urban VPN\"},\"image\":{\"@id\":\"https:\/\/www.urban-vpn.com\/ro\/#\/schema\/logo\/image\/\"}}]}<\/script>\n<!-- \/ Yoast SEO plugin. -->","yoast_head_json":{"title":"Loca\u021biile serverului | Urban VPN","description":"UrbanVPN este cea mai mare re\u021bea global\u0103 de utilizatori anonimi ai internetului. Portofoliul nostru de caracteristici de top din industrie include o gam\u0103 larg\u0103 de loca\u021bii, citi\u021bi despre el aici!","robots":{"index":"index","follow":"follow","max-snippet":"max-snippet:-1","max-image-preview":"max-image-preview:large","max-video-preview":"max-video-preview:-1"},"canonical":"https:\/\/www.urban-vpn.com\/ro\/features\/server-locations\/","og_locale":"ro_RO","og_type":"article","og_title":"Loca\u021biile serverului | Urban VPN","og_description":"UrbanVPN este cea mai mare re\u021bea global\u0103 de utilizatori anonimi ai internetului. Portofoliul nostru de caracteristici de top din industrie include o gam\u0103 larg\u0103 de loca\u021bii, citi\u021bi despre el aici!","og_url":"https:\/\/www.urban-vpn.com\/ro\/features\/server-locations\/","og_site_name":"| Urban VPN","article_modified_time":"2023-06-07T14:39:29+00:00","twitter_card":"summary_large_image","twitter_misc":{"Timp estimat pentru citire":"3 minute"},"schema":{"@context":"https:\/\/schema.org","@graph":[{"@type":"WebPage","@id":"https:\/\/www.urban-vpn.com\/ro\/features\/server-locations\/","url":"https:\/\/www.urban-vpn.com\/ro\/features\/server-locations\/","name":"Loca\u021biile serverului | Urban VPN","isPartOf":{"@id":"https:\/\/www.urban-vpn.com\/ro\/#website"},"datePublished":"2023-01-27T16:16:00+00:00","dateModified":"2023-06-07T14:39:29+00:00","description":"UrbanVPN este cea mai mare re\u021bea global\u0103 de utilizatori anonimi ai internetului. Portofoliul nostru de caracteristici de top din industrie include o gam\u0103 larg\u0103 de loca\u021bii, citi\u021bi despre el aici!","breadcrumb":{"@id":"https:\/\/www.urban-vpn.com\/ro\/features\/server-locations\/#breadcrumb"},"inLanguage":"ro-RO","potentialAction":[{"@type":"ReadAction","target":["https:\/\/www.urban-vpn.com\/ro\/features\/server-locations\/"]}]},{"@type":"BreadcrumbList","@id":"https:\/\/www.urban-vpn.com\/ro\/features\/server-locations\/#breadcrumb","itemListElement":[{"@type":"ListItem","position":1,"name":"Home","item":"https:\/\/www.urban-vpn.com\/ro\/"},{"@type":"ListItem","position":2,"name":"Caracteristici","item":"https:\/\/www.urban-vpn.com\/ro\/features\/"},{"@type":"ListItem","position":3,"name":"Loca\u021biile serverului"}]},{"@type":"WebSite","@id":"https:\/\/www.urban-vpn.com\/ro\/#website","url":"https:\/\/www.urban-vpn.com\/ro\/","name":"| Urban VPN","description":"Urban VPN","publisher":{"@id":"https:\/\/www.urban-vpn.com\/ro\/#organization"},"inLanguage":"ro-RO"},{"@type":"Organization","@id":"https:\/\/www.urban-vpn.com\/ro\/#organization","name":"| Urban VPN","url":"https:\/\/www.urban-vpn.com\/ro\/","logo":{"@type":"ImageObject","inLanguage":"ro-RO","@id":"https:\/\/www.urban-vpn.com\/ro\/#\/schema\/logo\/image\/","url":"https:\/\/assets.urban-vpn.com\/wp-content\/uploads\/2023\/02\/03121456\/logo.svg","contentUrl":"https:\/\/assets.urban-vpn.com\/wp-content\/uploads\/2023\/02\/03121456\/logo.svg","width":120,"height":23,"caption":"| Urban VPN"},"image":{"@id":"https:\/\/www.urban-vpn.com\/ro\/#\/schema\/logo\/image\/"}}]}},"_links":{"self":[{"href":"https:\/\/www.urban-vpn.com\/ro\/wp-json\/wp\/v2\/pages\/32224","targetHints":{"allow":["GET"]}}],"collection":[{"href":"https:\/\/www.urban-vpn.com\/ro\/wp-json\/wp\/v2\/pages"}],"about":[{"href":"https:\/\/www.urban-vpn.com\/ro\/wp-json\/wp\/v2\/types\/page"}],"author":[{"embeddable":true,"href":"https:\/\/www.urban-vpn.com\/ro\/wp-json\/wp\/v2\/users\/3"}],"replies":[{"embeddable":true,"href":"https:\/\/www.urban-vpn.com\/ro\/wp-json\/wp\/v2\/comments?post=32224"}],"version-history":[{"count":2,"href":"https:\/\/www.urban-vpn.com\/ro\/wp-json\/wp\/v2\/pages\/32224\/revisions"}],"predecessor-version":[{"id":32954,"href":"https:\/\/www.urban-vpn.com\/ro\/wp-json\/wp\/v2\/pages\/32224\/revisions\/32954"}],"up":[{"embeddable":true,"href":"https:\/\/www.urban-vpn.com\/ro\/wp-json\/wp\/v2\/pages\/32218"}],"wp:attachment":[{"href":"https:\/\/www.urban-vpn.com\/ro\/wp-json\/wp\/v2\/media?parent=32224"}],"curies":[{"name":"wp","href":"https:\/\/api.w.org\/{rel}","templated":true}]}}