{"id":71557,"date":"2025-09-18T15:01:10","date_gmt":"2025-09-18T15:01:10","guid":{"rendered":"https:\/\/www.urban-vpn.com\/features\/double-vpn\/"},"modified":"2025-10-30T14:27:31","modified_gmt":"2025-10-30T14:27:31","slug":"double-vpn","status":"publish","type":"page","link":"https:\/\/www.urban-vpn.com\/pt-br\/features\/double-vpn\/","title":{"rendered":"Double VPN"},"content":{"rendered":"","protected":false},"excerpt":{"rendered":"","protected":false},"author":9,"featured_media":0,"parent":12559,"menu_order":0,"comment_status":"closed","ping_status":"closed","template":"page-templates\/double-vpn.php","meta":{"_acf_changed":false,"footnotes":""},"class_list":["post-71557","page","type-page","status-publish","hentry"],"acf":[],"yoast_head":"<!-- This site is optimized with the Yoast SEO plugin v26.6 - https:\/\/yoast.com\/wordpress\/plugins\/seo\/ -->\n<title>Double VPN - Multi Hop VPN | Urban VPN<\/title>\n<meta name=\"description\" content=\"As VPNs tradicionais podem ser menos eficazes hoje em dia. A solu\u00e7\u00e3o? Um Double VPN gratuito j\u00e1 vem integrado ao Urban VPN. Clique aqui para se proteger!\" \/>\n<meta name=\"robots\" content=\"index, follow, max-snippet:-1, max-image-preview:large, max-video-preview:-1\" \/>\n<link rel=\"canonical\" href=\"https:\/\/www.urban-vpn.com\/pt-br\/features\/double-vpn\/\" \/>\n<meta property=\"og:locale\" content=\"pt_BR\" \/>\n<meta property=\"og:type\" content=\"article\" \/>\n<meta property=\"og:title\" content=\"Double VPN - Multi Hop VPN | Urban VPN\" \/>\n<meta property=\"og:description\" content=\"As VPNs tradicionais podem ser menos eficazes hoje em dia. A solu\u00e7\u00e3o? Um Double VPN gratuito j\u00e1 vem integrado ao Urban VPN. Clique aqui para se proteger!\" \/>\n<meta property=\"og:url\" content=\"https:\/\/www.urban-vpn.com\/pt-br\/features\/double-vpn\/\" \/>\n<meta property=\"og:site_name\" content=\"| Urban VPN\" \/>\n<meta property=\"article:modified_time\" content=\"2025-10-30T14:27:31+00:00\" \/>\n<meta name=\"twitter:card\" content=\"summary_large_image\" \/>\n<script type=\"application\/ld+json\" class=\"yoast-schema-graph\">{\"@context\":\"https:\/\/schema.org\",\"@graph\":[{\"@type\":\"WebPage\",\"@id\":\"https:\/\/www.urban-vpn.com\/pt-br\/features\/double-vpn\/\",\"url\":\"https:\/\/www.urban-vpn.com\/pt-br\/features\/double-vpn\/\",\"name\":\"Double VPN - Multi Hop VPN | Urban VPN\",\"isPartOf\":{\"@id\":\"https:\/\/www.urban-vpn.com\/pt-br\/#website\"},\"datePublished\":\"2025-09-18T15:01:10+00:00\",\"dateModified\":\"2025-10-30T14:27:31+00:00\",\"description\":\"As VPNs tradicionais podem ser menos eficazes hoje em dia. A solu\u00e7\u00e3o? Um Double VPN gratuito j\u00e1 vem integrado ao Urban VPN. Clique aqui para se proteger!\",\"breadcrumb\":{\"@id\":\"https:\/\/www.urban-vpn.com\/pt-br\/features\/double-vpn\/#breadcrumb\"},\"inLanguage\":\"pt-BR\",\"potentialAction\":[{\"@type\":\"ReadAction\",\"target\":[\"https:\/\/www.urban-vpn.com\/pt-br\/features\/double-vpn\/\"]}]},{\"@type\":\"BreadcrumbList\",\"@id\":\"https:\/\/www.urban-vpn.com\/pt-br\/features\/double-vpn\/#breadcrumb\",\"itemListElement\":[{\"@type\":\"ListItem\",\"position\":1,\"name\":\"Home\",\"item\":\"https:\/\/www.urban-vpn.com\/pt-br\/\"},{\"@type\":\"ListItem\",\"position\":2,\"name\":\"Caracter\u00edsticas\",\"item\":\"https:\/\/www.urban-vpn.com\/pt-br\/features\/\"},{\"@type\":\"ListItem\",\"position\":3,\"name\":\"Double VPN\"}]},{\"@type\":\"WebSite\",\"@id\":\"https:\/\/www.urban-vpn.com\/pt-br\/#website\",\"url\":\"https:\/\/www.urban-vpn.com\/pt-br\/\",\"name\":\"| Urban VPN\",\"description\":\"Urban VPN\",\"publisher\":{\"@id\":\"https:\/\/www.urban-vpn.com\/pt-br\/#organization\"},\"inLanguage\":\"pt-BR\"},{\"@type\":\"Organization\",\"@id\":\"https:\/\/www.urban-vpn.com\/pt-br\/#organization\",\"name\":\"| Urban VPN\",\"url\":\"https:\/\/www.urban-vpn.com\/pt-br\/\",\"logo\":{\"@type\":\"ImageObject\",\"inLanguage\":\"pt-BR\",\"@id\":\"https:\/\/www.urban-vpn.com\/pt-br\/#\/schema\/logo\/image\/\",\"url\":\"https:\/\/assets.urban-vpn.com\/wp-content\/uploads\/2023\/02\/03121456\/logo.svg\",\"contentUrl\":\"https:\/\/assets.urban-vpn.com\/wp-content\/uploads\/2023\/02\/03121456\/logo.svg\",\"width\":120,\"height\":23,\"caption\":\"| Urban VPN\"},\"image\":{\"@id\":\"https:\/\/www.urban-vpn.com\/pt-br\/#\/schema\/logo\/image\/\"}}]}<\/script>\n<!-- \/ Yoast SEO plugin. -->","yoast_head_json":{"title":"Double VPN - Multi Hop VPN | Urban VPN","description":"As VPNs tradicionais podem ser menos eficazes hoje em dia. A solu\u00e7\u00e3o? Um Double VPN gratuito j\u00e1 vem integrado ao Urban VPN. Clique aqui para se proteger!","robots":{"index":"index","follow":"follow","max-snippet":"max-snippet:-1","max-image-preview":"max-image-preview:large","max-video-preview":"max-video-preview:-1"},"canonical":"https:\/\/www.urban-vpn.com\/pt-br\/features\/double-vpn\/","og_locale":"pt_BR","og_type":"article","og_title":"Double VPN - Multi Hop VPN | Urban VPN","og_description":"As VPNs tradicionais podem ser menos eficazes hoje em dia. A solu\u00e7\u00e3o? Um Double VPN gratuito j\u00e1 vem integrado ao Urban VPN. Clique aqui para se proteger!","og_url":"https:\/\/www.urban-vpn.com\/pt-br\/features\/double-vpn\/","og_site_name":"| Urban VPN","article_modified_time":"2025-10-30T14:27:31+00:00","twitter_card":"summary_large_image","schema":{"@context":"https:\/\/schema.org","@graph":[{"@type":"WebPage","@id":"https:\/\/www.urban-vpn.com\/pt-br\/features\/double-vpn\/","url":"https:\/\/www.urban-vpn.com\/pt-br\/features\/double-vpn\/","name":"Double VPN - Multi Hop VPN | Urban VPN","isPartOf":{"@id":"https:\/\/www.urban-vpn.com\/pt-br\/#website"},"datePublished":"2025-09-18T15:01:10+00:00","dateModified":"2025-10-30T14:27:31+00:00","description":"As VPNs tradicionais podem ser menos eficazes hoje em dia. A solu\u00e7\u00e3o? Um Double VPN gratuito j\u00e1 vem integrado ao Urban VPN. Clique aqui para se proteger!","breadcrumb":{"@id":"https:\/\/www.urban-vpn.com\/pt-br\/features\/double-vpn\/#breadcrumb"},"inLanguage":"pt-BR","potentialAction":[{"@type":"ReadAction","target":["https:\/\/www.urban-vpn.com\/pt-br\/features\/double-vpn\/"]}]},{"@type":"BreadcrumbList","@id":"https:\/\/www.urban-vpn.com\/pt-br\/features\/double-vpn\/#breadcrumb","itemListElement":[{"@type":"ListItem","position":1,"name":"Home","item":"https:\/\/www.urban-vpn.com\/pt-br\/"},{"@type":"ListItem","position":2,"name":"Caracter\u00edsticas","item":"https:\/\/www.urban-vpn.com\/pt-br\/features\/"},{"@type":"ListItem","position":3,"name":"Double VPN"}]},{"@type":"WebSite","@id":"https:\/\/www.urban-vpn.com\/pt-br\/#website","url":"https:\/\/www.urban-vpn.com\/pt-br\/","name":"| Urban VPN","description":"Urban VPN","publisher":{"@id":"https:\/\/www.urban-vpn.com\/pt-br\/#organization"},"inLanguage":"pt-BR"},{"@type":"Organization","@id":"https:\/\/www.urban-vpn.com\/pt-br\/#organization","name":"| Urban VPN","url":"https:\/\/www.urban-vpn.com\/pt-br\/","logo":{"@type":"ImageObject","inLanguage":"pt-BR","@id":"https:\/\/www.urban-vpn.com\/pt-br\/#\/schema\/logo\/image\/","url":"https:\/\/assets.urban-vpn.com\/wp-content\/uploads\/2023\/02\/03121456\/logo.svg","contentUrl":"https:\/\/assets.urban-vpn.com\/wp-content\/uploads\/2023\/02\/03121456\/logo.svg","width":120,"height":23,"caption":"| Urban VPN"},"image":{"@id":"https:\/\/www.urban-vpn.com\/pt-br\/#\/schema\/logo\/image\/"}}]}},"_links":{"self":[{"href":"https:\/\/www.urban-vpn.com\/pt-br\/wp-json\/wp\/v2\/pages\/71557","targetHints":{"allow":["GET"]}}],"collection":[{"href":"https:\/\/www.urban-vpn.com\/pt-br\/wp-json\/wp\/v2\/pages"}],"about":[{"href":"https:\/\/www.urban-vpn.com\/pt-br\/wp-json\/wp\/v2\/types\/page"}],"author":[{"embeddable":true,"href":"https:\/\/www.urban-vpn.com\/pt-br\/wp-json\/wp\/v2\/users\/9"}],"replies":[{"embeddable":true,"href":"https:\/\/www.urban-vpn.com\/pt-br\/wp-json\/wp\/v2\/comments?post=71557"}],"version-history":[{"count":1,"href":"https:\/\/www.urban-vpn.com\/pt-br\/wp-json\/wp\/v2\/pages\/71557\/revisions"}],"predecessor-version":[{"id":71558,"href":"https:\/\/www.urban-vpn.com\/pt-br\/wp-json\/wp\/v2\/pages\/71557\/revisions\/71558"}],"up":[{"embeddable":true,"href":"https:\/\/www.urban-vpn.com\/pt-br\/wp-json\/wp\/v2\/pages\/12559"}],"wp:attachment":[{"href":"https:\/\/www.urban-vpn.com\/pt-br\/wp-json\/wp\/v2\/media?parent=71557"}],"curies":[{"name":"wp","href":"https:\/\/api.w.org\/{rel}","templated":true}]}}