{"id":29038,"date":"2023-01-27T16:16:00","date_gmt":"2023-01-27T16:16:00","guid":{"rendered":"https:\/\/www.urban-vpn.com\/features\/unlimited-bandwidth\/"},"modified":"2023-06-05T08:53:47","modified_gmt":"2023-06-05T08:53:47","slug":"unlimited-bandwidth","status":"publish","type":"page","link":"https:\/\/www.urban-vpn.com\/pl\/features\/unlimited-bandwidth\/","title":{"rendered":"Nieograniczona przepustowo\u015b\u0107"},"content":{"rendered":"","protected":false},"excerpt":{"rendered":"","protected":false},"author":3,"featured_media":0,"parent":29028,"menu_order":0,"comment_status":"open","ping_status":"closed","template":"features\/bandwidth.php","meta":{"_acf_changed":false,"footnotes":""},"class_list":["post-29038","page","type-page","status-publish","hentry"],"acf":[],"yoast_head":"<!-- This site is optimized with the Yoast SEO plugin v26.6 - https:\/\/yoast.com\/wordpress\/plugins\/seo\/ -->\n<title>Nieograniczona przepustowo\u015b\u0107 | Urban VPN<\/title>\n<meta name=\"description\" content=\"UrbanVPN to najwi\u0119ksza globalna sie\u0107 anonimowych u\u017cytkownik\u00f3w Internetu. Nasze wiod\u0105ce w bran\u017cy portfolio funkcji obejmuje nieograniczon\u0105 przepustowo\u015b\u0107, przeczytaj o tym tutaj!\" \/>\n<meta name=\"robots\" content=\"index, follow, max-snippet:-1, max-image-preview:large, max-video-preview:-1\" \/>\n<link rel=\"canonical\" href=\"https:\/\/www.urban-vpn.com\/pl\/features\/unlimited-bandwidth\/\" \/>\n<meta property=\"og:locale\" content=\"pl_PL\" \/>\n<meta property=\"og:type\" content=\"article\" \/>\n<meta property=\"og:title\" content=\"Nieograniczona przepustowo\u015b\u0107 | Urban VPN\" \/>\n<meta property=\"og:description\" content=\"UrbanVPN to najwi\u0119ksza globalna sie\u0107 anonimowych u\u017cytkownik\u00f3w Internetu. Nasze wiod\u0105ce w bran\u017cy portfolio funkcji obejmuje nieograniczon\u0105 przepustowo\u015b\u0107, przeczytaj o tym tutaj!\" \/>\n<meta property=\"og:url\" content=\"https:\/\/www.urban-vpn.com\/pl\/features\/unlimited-bandwidth\/\" \/>\n<meta property=\"og:site_name\" content=\"| Urban VPN\" \/>\n<meta property=\"article:modified_time\" content=\"2023-06-05T08:53:47+00:00\" \/>\n<meta name=\"twitter:card\" content=\"summary_large_image\" \/>\n<script type=\"application\/ld+json\" class=\"yoast-schema-graph\">{\"@context\":\"https:\/\/schema.org\",\"@graph\":[{\"@type\":\"WebPage\",\"@id\":\"https:\/\/www.urban-vpn.com\/pl\/features\/unlimited-bandwidth\/\",\"url\":\"https:\/\/www.urban-vpn.com\/pl\/features\/unlimited-bandwidth\/\",\"name\":\"Nieograniczona przepustowo\u015b\u0107 | Urban VPN\",\"isPartOf\":{\"@id\":\"https:\/\/www.urban-vpn.com\/pl\/#website\"},\"datePublished\":\"2023-01-27T16:16:00+00:00\",\"dateModified\":\"2023-06-05T08:53:47+00:00\",\"description\":\"UrbanVPN to najwi\u0119ksza globalna sie\u0107 anonimowych u\u017cytkownik\u00f3w Internetu. Nasze wiod\u0105ce w bran\u017cy portfolio funkcji obejmuje nieograniczon\u0105 przepustowo\u015b\u0107, przeczytaj o tym tutaj!\",\"breadcrumb\":{\"@id\":\"https:\/\/www.urban-vpn.com\/pl\/features\/unlimited-bandwidth\/#breadcrumb\"},\"inLanguage\":\"pl-PL\",\"potentialAction\":[{\"@type\":\"ReadAction\",\"target\":[\"https:\/\/www.urban-vpn.com\/pl\/features\/unlimited-bandwidth\/\"]}]},{\"@type\":\"BreadcrumbList\",\"@id\":\"https:\/\/www.urban-vpn.com\/pl\/features\/unlimited-bandwidth\/#breadcrumb\",\"itemListElement\":[{\"@type\":\"ListItem\",\"position\":1,\"name\":\"Home\",\"item\":\"https:\/\/www.urban-vpn.com\/pl\/\"},{\"@type\":\"ListItem\",\"position\":2,\"name\":\"Cechy\",\"item\":\"https:\/\/www.urban-vpn.com\/pl\/features\/\"},{\"@type\":\"ListItem\",\"position\":3,\"name\":\"Nieograniczona przepustowo\u015b\u0107\"}]},{\"@type\":\"WebSite\",\"@id\":\"https:\/\/www.urban-vpn.com\/pl\/#website\",\"url\":\"https:\/\/www.urban-vpn.com\/pl\/\",\"name\":\"| Urban VPN\",\"description\":\"Urban VPN\",\"publisher\":{\"@id\":\"https:\/\/www.urban-vpn.com\/pl\/#organization\"},\"inLanguage\":\"pl-PL\"},{\"@type\":\"Organization\",\"@id\":\"https:\/\/www.urban-vpn.com\/pl\/#organization\",\"name\":\"| Urban VPN\",\"url\":\"https:\/\/www.urban-vpn.com\/pl\/\",\"logo\":{\"@type\":\"ImageObject\",\"inLanguage\":\"pl-PL\",\"@id\":\"https:\/\/www.urban-vpn.com\/pl\/#\/schema\/logo\/image\/\",\"url\":\"https:\/\/assets.urban-vpn.com\/wp-content\/uploads\/2023\/02\/03121456\/logo.svg\",\"contentUrl\":\"https:\/\/assets.urban-vpn.com\/wp-content\/uploads\/2023\/02\/03121456\/logo.svg\",\"width\":120,\"height\":23,\"caption\":\"| Urban VPN\"},\"image\":{\"@id\":\"https:\/\/www.urban-vpn.com\/pl\/#\/schema\/logo\/image\/\"}}]}<\/script>\n<!-- \/ Yoast SEO plugin. -->","yoast_head_json":{"title":"Nieograniczona przepustowo\u015b\u0107 | Urban VPN","description":"UrbanVPN to najwi\u0119ksza globalna sie\u0107 anonimowych u\u017cytkownik\u00f3w Internetu. Nasze wiod\u0105ce w bran\u017cy portfolio funkcji obejmuje nieograniczon\u0105 przepustowo\u015b\u0107, przeczytaj o tym tutaj!","robots":{"index":"index","follow":"follow","max-snippet":"max-snippet:-1","max-image-preview":"max-image-preview:large","max-video-preview":"max-video-preview:-1"},"canonical":"https:\/\/www.urban-vpn.com\/pl\/features\/unlimited-bandwidth\/","og_locale":"pl_PL","og_type":"article","og_title":"Nieograniczona przepustowo\u015b\u0107 | Urban VPN","og_description":"UrbanVPN to najwi\u0119ksza globalna sie\u0107 anonimowych u\u017cytkownik\u00f3w Internetu. Nasze wiod\u0105ce w bran\u017cy portfolio funkcji obejmuje nieograniczon\u0105 przepustowo\u015b\u0107, przeczytaj o tym tutaj!","og_url":"https:\/\/www.urban-vpn.com\/pl\/features\/unlimited-bandwidth\/","og_site_name":"| Urban VPN","article_modified_time":"2023-06-05T08:53:47+00:00","twitter_card":"summary_large_image","schema":{"@context":"https:\/\/schema.org","@graph":[{"@type":"WebPage","@id":"https:\/\/www.urban-vpn.com\/pl\/features\/unlimited-bandwidth\/","url":"https:\/\/www.urban-vpn.com\/pl\/features\/unlimited-bandwidth\/","name":"Nieograniczona przepustowo\u015b\u0107 | Urban VPN","isPartOf":{"@id":"https:\/\/www.urban-vpn.com\/pl\/#website"},"datePublished":"2023-01-27T16:16:00+00:00","dateModified":"2023-06-05T08:53:47+00:00","description":"UrbanVPN to najwi\u0119ksza globalna sie\u0107 anonimowych u\u017cytkownik\u00f3w Internetu. Nasze wiod\u0105ce w bran\u017cy portfolio funkcji obejmuje nieograniczon\u0105 przepustowo\u015b\u0107, przeczytaj o tym tutaj!","breadcrumb":{"@id":"https:\/\/www.urban-vpn.com\/pl\/features\/unlimited-bandwidth\/#breadcrumb"},"inLanguage":"pl-PL","potentialAction":[{"@type":"ReadAction","target":["https:\/\/www.urban-vpn.com\/pl\/features\/unlimited-bandwidth\/"]}]},{"@type":"BreadcrumbList","@id":"https:\/\/www.urban-vpn.com\/pl\/features\/unlimited-bandwidth\/#breadcrumb","itemListElement":[{"@type":"ListItem","position":1,"name":"Home","item":"https:\/\/www.urban-vpn.com\/pl\/"},{"@type":"ListItem","position":2,"name":"Cechy","item":"https:\/\/www.urban-vpn.com\/pl\/features\/"},{"@type":"ListItem","position":3,"name":"Nieograniczona przepustowo\u015b\u0107"}]},{"@type":"WebSite","@id":"https:\/\/www.urban-vpn.com\/pl\/#website","url":"https:\/\/www.urban-vpn.com\/pl\/","name":"| Urban VPN","description":"Urban VPN","publisher":{"@id":"https:\/\/www.urban-vpn.com\/pl\/#organization"},"inLanguage":"pl-PL"},{"@type":"Organization","@id":"https:\/\/www.urban-vpn.com\/pl\/#organization","name":"| Urban VPN","url":"https:\/\/www.urban-vpn.com\/pl\/","logo":{"@type":"ImageObject","inLanguage":"pl-PL","@id":"https:\/\/www.urban-vpn.com\/pl\/#\/schema\/logo\/image\/","url":"https:\/\/assets.urban-vpn.com\/wp-content\/uploads\/2023\/02\/03121456\/logo.svg","contentUrl":"https:\/\/assets.urban-vpn.com\/wp-content\/uploads\/2023\/02\/03121456\/logo.svg","width":120,"height":23,"caption":"| Urban VPN"},"image":{"@id":"https:\/\/www.urban-vpn.com\/pl\/#\/schema\/logo\/image\/"}}]}},"_links":{"self":[{"href":"https:\/\/www.urban-vpn.com\/pl\/wp-json\/wp\/v2\/pages\/29038","targetHints":{"allow":["GET"]}}],"collection":[{"href":"https:\/\/www.urban-vpn.com\/pl\/wp-json\/wp\/v2\/pages"}],"about":[{"href":"https:\/\/www.urban-vpn.com\/pl\/wp-json\/wp\/v2\/types\/page"}],"author":[{"embeddable":true,"href":"https:\/\/www.urban-vpn.com\/pl\/wp-json\/wp\/v2\/users\/3"}],"replies":[{"embeddable":true,"href":"https:\/\/www.urban-vpn.com\/pl\/wp-json\/wp\/v2\/comments?post=29038"}],"version-history":[{"count":1,"href":"https:\/\/www.urban-vpn.com\/pl\/wp-json\/wp\/v2\/pages\/29038\/revisions"}],"predecessor-version":[{"id":29370,"href":"https:\/\/www.urban-vpn.com\/pl\/wp-json\/wp\/v2\/pages\/29038\/revisions\/29370"}],"up":[{"embeddable":true,"href":"https:\/\/www.urban-vpn.com\/pl\/wp-json\/wp\/v2\/pages\/29028"}],"wp:attachment":[{"href":"https:\/\/www.urban-vpn.com\/pl\/wp-json\/wp\/v2\/media?parent=29038"}],"curies":[{"name":"wp","href":"https:\/\/api.w.org\/{rel}","templated":true}]}}