{"id":29036,"date":"2023-01-27T16:16:00","date_gmt":"2023-01-27T16:16:00","guid":{"rendered":"https:\/\/www.urban-vpn.com\/features\/unblock-any-website\/"},"modified":"2023-06-05T08:54:21","modified_gmt":"2023-06-05T08:54:21","slug":"unblock-any-website","status":"publish","type":"page","link":"https:\/\/www.urban-vpn.com\/pl\/features\/unblock-any-website\/","title":{"rendered":"Odblokuj dowoln\u0105 stron\u0119 internetow\u0105"},"content":{"rendered":"","protected":false},"excerpt":{"rendered":"","protected":false},"author":3,"featured_media":0,"parent":29028,"menu_order":0,"comment_status":"open","ping_status":"closed","template":"features\/unblock_websites.php","meta":{"_acf_changed":false,"footnotes":""},"class_list":["post-29036","page","type-page","status-publish","hentry"],"acf":[],"yoast_head":"<!-- This site is optimized with the Yoast SEO plugin v26.6 - https:\/\/yoast.com\/wordpress\/plugins\/seo\/ -->\n<title>Odblokuj dowoln\u0105 stron\u0119 internetow\u0105 | Urban VPN<\/title>\n<meta name=\"description\" content=\"Zablokowanie dost\u0119pu do tre\u015bci online mo\u017ce mie\u0107 wiele przyczyn i jest frustruj\u0105cym do\u015bwiadczeniem. Dowiedz si\u0119, jak odblokowa\u0107 dowoln\u0105 witryn\u0119 za darmo dzi\u0119ki Urban VPN!\" \/>\n<meta name=\"robots\" content=\"index, follow, max-snippet:-1, max-image-preview:large, max-video-preview:-1\" \/>\n<link rel=\"canonical\" href=\"https:\/\/www.urban-vpn.com\/pl\/features\/unblock-any-website\/\" \/>\n<meta property=\"og:locale\" content=\"pl_PL\" \/>\n<meta property=\"og:type\" content=\"article\" \/>\n<meta property=\"og:title\" content=\"Odblokuj dowoln\u0105 stron\u0119 internetow\u0105 | Urban VPN\" \/>\n<meta property=\"og:description\" content=\"Zablokowanie dost\u0119pu do tre\u015bci online mo\u017ce mie\u0107 wiele przyczyn i jest frustruj\u0105cym do\u015bwiadczeniem. Dowiedz si\u0119, jak odblokowa\u0107 dowoln\u0105 witryn\u0119 za darmo dzi\u0119ki Urban VPN!\" \/>\n<meta property=\"og:url\" content=\"https:\/\/www.urban-vpn.com\/pl\/features\/unblock-any-website\/\" \/>\n<meta property=\"og:site_name\" content=\"| Urban VPN\" \/>\n<meta property=\"article:modified_time\" content=\"2023-06-05T08:54:21+00:00\" \/>\n<meta name=\"twitter:card\" content=\"summary_large_image\" \/>\n<script type=\"application\/ld+json\" class=\"yoast-schema-graph\">{\"@context\":\"https:\/\/schema.org\",\"@graph\":[{\"@type\":\"WebPage\",\"@id\":\"https:\/\/www.urban-vpn.com\/pl\/features\/unblock-any-website\/\",\"url\":\"https:\/\/www.urban-vpn.com\/pl\/features\/unblock-any-website\/\",\"name\":\"Odblokuj dowoln\u0105 stron\u0119 internetow\u0105 | Urban VPN\",\"isPartOf\":{\"@id\":\"https:\/\/www.urban-vpn.com\/pl\/#website\"},\"datePublished\":\"2023-01-27T16:16:00+00:00\",\"dateModified\":\"2023-06-05T08:54:21+00:00\",\"description\":\"Zablokowanie dost\u0119pu do tre\u015bci online mo\u017ce mie\u0107 wiele przyczyn i jest frustruj\u0105cym do\u015bwiadczeniem. Dowiedz si\u0119, jak odblokowa\u0107 dowoln\u0105 witryn\u0119 za darmo dzi\u0119ki Urban VPN!\",\"breadcrumb\":{\"@id\":\"https:\/\/www.urban-vpn.com\/pl\/features\/unblock-any-website\/#breadcrumb\"},\"inLanguage\":\"pl-PL\",\"potentialAction\":[{\"@type\":\"ReadAction\",\"target\":[\"https:\/\/www.urban-vpn.com\/pl\/features\/unblock-any-website\/\"]}]},{\"@type\":\"BreadcrumbList\",\"@id\":\"https:\/\/www.urban-vpn.com\/pl\/features\/unblock-any-website\/#breadcrumb\",\"itemListElement\":[{\"@type\":\"ListItem\",\"position\":1,\"name\":\"Home\",\"item\":\"https:\/\/www.urban-vpn.com\/pl\/\"},{\"@type\":\"ListItem\",\"position\":2,\"name\":\"Cechy\",\"item\":\"https:\/\/www.urban-vpn.com\/pl\/features\/\"},{\"@type\":\"ListItem\",\"position\":3,\"name\":\"Odblokuj dowoln\u0105 stron\u0119 internetow\u0105\"}]},{\"@type\":\"WebSite\",\"@id\":\"https:\/\/www.urban-vpn.com\/pl\/#website\",\"url\":\"https:\/\/www.urban-vpn.com\/pl\/\",\"name\":\"| Urban VPN\",\"description\":\"Urban VPN\",\"publisher\":{\"@id\":\"https:\/\/www.urban-vpn.com\/pl\/#organization\"},\"inLanguage\":\"pl-PL\"},{\"@type\":\"Organization\",\"@id\":\"https:\/\/www.urban-vpn.com\/pl\/#organization\",\"name\":\"| Urban VPN\",\"url\":\"https:\/\/www.urban-vpn.com\/pl\/\",\"logo\":{\"@type\":\"ImageObject\",\"inLanguage\":\"pl-PL\",\"@id\":\"https:\/\/www.urban-vpn.com\/pl\/#\/schema\/logo\/image\/\",\"url\":\"https:\/\/assets.urban-vpn.com\/wp-content\/uploads\/2023\/02\/03121456\/logo.svg\",\"contentUrl\":\"https:\/\/assets.urban-vpn.com\/wp-content\/uploads\/2023\/02\/03121456\/logo.svg\",\"width\":120,\"height\":23,\"caption\":\"| Urban VPN\"},\"image\":{\"@id\":\"https:\/\/www.urban-vpn.com\/pl\/#\/schema\/logo\/image\/\"}}]}<\/script>\n<!-- \/ Yoast SEO plugin. -->","yoast_head_json":{"title":"Odblokuj dowoln\u0105 stron\u0119 internetow\u0105 | Urban VPN","description":"Zablokowanie dost\u0119pu do tre\u015bci online mo\u017ce mie\u0107 wiele przyczyn i jest frustruj\u0105cym do\u015bwiadczeniem. Dowiedz si\u0119, jak odblokowa\u0107 dowoln\u0105 witryn\u0119 za darmo dzi\u0119ki Urban VPN!","robots":{"index":"index","follow":"follow","max-snippet":"max-snippet:-1","max-image-preview":"max-image-preview:large","max-video-preview":"max-video-preview:-1"},"canonical":"https:\/\/www.urban-vpn.com\/pl\/features\/unblock-any-website\/","og_locale":"pl_PL","og_type":"article","og_title":"Odblokuj dowoln\u0105 stron\u0119 internetow\u0105 | Urban VPN","og_description":"Zablokowanie dost\u0119pu do tre\u015bci online mo\u017ce mie\u0107 wiele przyczyn i jest frustruj\u0105cym do\u015bwiadczeniem. Dowiedz si\u0119, jak odblokowa\u0107 dowoln\u0105 witryn\u0119 za darmo dzi\u0119ki Urban VPN!","og_url":"https:\/\/www.urban-vpn.com\/pl\/features\/unblock-any-website\/","og_site_name":"| Urban VPN","article_modified_time":"2023-06-05T08:54:21+00:00","twitter_card":"summary_large_image","schema":{"@context":"https:\/\/schema.org","@graph":[{"@type":"WebPage","@id":"https:\/\/www.urban-vpn.com\/pl\/features\/unblock-any-website\/","url":"https:\/\/www.urban-vpn.com\/pl\/features\/unblock-any-website\/","name":"Odblokuj dowoln\u0105 stron\u0119 internetow\u0105 | Urban VPN","isPartOf":{"@id":"https:\/\/www.urban-vpn.com\/pl\/#website"},"datePublished":"2023-01-27T16:16:00+00:00","dateModified":"2023-06-05T08:54:21+00:00","description":"Zablokowanie dost\u0119pu do tre\u015bci online mo\u017ce mie\u0107 wiele przyczyn i jest frustruj\u0105cym do\u015bwiadczeniem. Dowiedz si\u0119, jak odblokowa\u0107 dowoln\u0105 witryn\u0119 za darmo dzi\u0119ki Urban VPN!","breadcrumb":{"@id":"https:\/\/www.urban-vpn.com\/pl\/features\/unblock-any-website\/#breadcrumb"},"inLanguage":"pl-PL","potentialAction":[{"@type":"ReadAction","target":["https:\/\/www.urban-vpn.com\/pl\/features\/unblock-any-website\/"]}]},{"@type":"BreadcrumbList","@id":"https:\/\/www.urban-vpn.com\/pl\/features\/unblock-any-website\/#breadcrumb","itemListElement":[{"@type":"ListItem","position":1,"name":"Home","item":"https:\/\/www.urban-vpn.com\/pl\/"},{"@type":"ListItem","position":2,"name":"Cechy","item":"https:\/\/www.urban-vpn.com\/pl\/features\/"},{"@type":"ListItem","position":3,"name":"Odblokuj dowoln\u0105 stron\u0119 internetow\u0105"}]},{"@type":"WebSite","@id":"https:\/\/www.urban-vpn.com\/pl\/#website","url":"https:\/\/www.urban-vpn.com\/pl\/","name":"| Urban VPN","description":"Urban VPN","publisher":{"@id":"https:\/\/www.urban-vpn.com\/pl\/#organization"},"inLanguage":"pl-PL"},{"@type":"Organization","@id":"https:\/\/www.urban-vpn.com\/pl\/#organization","name":"| Urban VPN","url":"https:\/\/www.urban-vpn.com\/pl\/","logo":{"@type":"ImageObject","inLanguage":"pl-PL","@id":"https:\/\/www.urban-vpn.com\/pl\/#\/schema\/logo\/image\/","url":"https:\/\/assets.urban-vpn.com\/wp-content\/uploads\/2023\/02\/03121456\/logo.svg","contentUrl":"https:\/\/assets.urban-vpn.com\/wp-content\/uploads\/2023\/02\/03121456\/logo.svg","width":120,"height":23,"caption":"| Urban VPN"},"image":{"@id":"https:\/\/www.urban-vpn.com\/pl\/#\/schema\/logo\/image\/"}}]}},"_links":{"self":[{"href":"https:\/\/www.urban-vpn.com\/pl\/wp-json\/wp\/v2\/pages\/29036","targetHints":{"allow":["GET"]}}],"collection":[{"href":"https:\/\/www.urban-vpn.com\/pl\/wp-json\/wp\/v2\/pages"}],"about":[{"href":"https:\/\/www.urban-vpn.com\/pl\/wp-json\/wp\/v2\/types\/page"}],"author":[{"embeddable":true,"href":"https:\/\/www.urban-vpn.com\/pl\/wp-json\/wp\/v2\/users\/3"}],"replies":[{"embeddable":true,"href":"https:\/\/www.urban-vpn.com\/pl\/wp-json\/wp\/v2\/comments?post=29036"}],"version-history":[{"count":1,"href":"https:\/\/www.urban-vpn.com\/pl\/wp-json\/wp\/v2\/pages\/29036\/revisions"}],"predecessor-version":[{"id":29457,"href":"https:\/\/www.urban-vpn.com\/pl\/wp-json\/wp\/v2\/pages\/29036\/revisions\/29457"}],"up":[{"embeddable":true,"href":"https:\/\/www.urban-vpn.com\/pl\/wp-json\/wp\/v2\/pages\/29028"}],"wp:attachment":[{"href":"https:\/\/www.urban-vpn.com\/pl\/wp-json\/wp\/v2\/media?parent=29036"}],"curies":[{"name":"wp","href":"https:\/\/api.w.org\/{rel}","templated":true}]}}