{"id":17238,"date":"2023-01-27T16:16:00","date_gmt":"2023-01-27T16:16:00","guid":{"rendered":"https:\/\/www.urban-vpn.com\/features\/server-locations\/"},"modified":"2023-05-29T17:02:19","modified_gmt":"2023-05-29T17:02:19","slug":"server-locations","status":"publish","type":"page","link":"https:\/\/www.urban-vpn.com\/no\/features\/server-locations\/","title":{"rendered":"Serversteder"},"content":{"rendered":"<h2 id=\"heading-1\">Hvorfor er serverplasseringen viktig?<\/h2>\n<p>Internett er nesten \u00f8yeblikkelig og virker magisk raskt. Men faktisk er det slik at dataene du bruker n\u00e5r du surfer p\u00e5 Twitter eller ser p\u00e5 en Netflix-serie, blir tregere jo lenger unna serveren som sender dem, du befinner deg. Dette skyldes to hovedfaktorer. Den f\u00f8rste er det faktum at data kj\u00f8rer p\u00e5 fysiske ledninger og ikke kan kj\u00f8re raskere enn en viss hastighet. Den andre og viktigere er at fjerntliggende steder har en tendens til \u00e5 ha mindre h\u00f8yhastighets datakabler koblet til seg, og dataene dine m\u00e5 reise gjennom flere stopp p\u00e5 veien. Dette er akkurat som en pakke i posttjenesten din &#8211; \u00e5 sende noe til et fjerntliggende sted inneb\u00e6rer \u00e5 ha flere leveringssentre som samler pakkene i det omr\u00e5det og sender dem i mindre lastebiler gjennom veier som ikke alltid er like gode som hovedveiene som forbinder de store byene.<\/p>\n<p>Internettprogramvareselskaper pr\u00f8ver alltid \u00e5 gi brukerne sine den beste og raskeste opplevelsen de kan. S\u00e5 for eksempel vil Spotify ha sv\u00e6rt raske servere i st\u00f8rre byer eller i n\u00e6rheten av dem.<\/p>\n<h3>Ikke n\u00f8y deg med mindre enn billetter p\u00e5 f\u00f8rste rad<\/h3>\n<p>N\u00e5r du kj\u00f8per en billett til din lokale kino eller teater, vil du alltid velge de n\u00e6rmeste og beste billettene. Hvorfor g\u00e5 p\u00e5 akkord med billettene til nettjenestene du bruker daglig?<\/p>\n<h2 id=\"heading-2\">Treg VPN vs. rask VPN<\/h2>\n<p>Forestill deg at du bruker et VPN for \u00e5 lytte til Spotify. Du har funnet akkurat den musikken du vil h\u00f8re, slapper av og tar p\u00e5 deg hodetelefonene. S\u00e5 innser du at all musikken du lytter til begynner \u00e5 bli treg, og hver sang stopper s\u00e5 mange ganger. Hvor frustrerende ville ikke det v\u00e6re? \u00c5 ha et tregt VPN som er basert p\u00e5 en server p\u00e5 en d\u00e5rlig plassering er akkurat som \u00e5 g\u00e5 tilbake i tid til 90-tallet og innse nok en gang hvor viktig en rask internettforbindelse er. Dette er grunnen til at en av hovedoppgavene v\u00e5re er \u00e5 f\u00e5 deg til \u00e5 f\u00f8le at du er fri til \u00e5 koble deg til internett fra hvor som helst i verden.<\/p>\n","protected":false},"excerpt":{"rendered":"<p>Hvorfor er serverplasseringen viktig? Internett er nesten \u00f8yeblikkelig og virker magisk raskt. Men faktisk er det slik at dataene du bruker n\u00e5r du surfer p\u00e5 Twitter eller ser p\u00e5 en Netflix-serie, blir tregere jo lenger unna serveren som sender dem, du befinner deg. Dette skyldes to hovedfaktorer. Den f\u00f8rste er det faktum at data kj\u00f8rer [&hellip;]<\/p>\n","protected":false},"author":3,"featured_media":0,"parent":13435,"menu_order":0,"comment_status":"closed","ping_status":"closed","template":"features\/server-locations.php","meta":{"_acf_changed":false,"footnotes":""},"class_list":["post-17238","page","type-page","status-publish","hentry"],"acf":[],"yoast_head":"<!-- This site is optimized with the Yoast SEO plugin v26.6 - https:\/\/yoast.com\/wordpress\/plugins\/seo\/ -->\n<title>Serversteder | Urban VPN<\/title>\n<meta name=\"description\" content=\"UrbanVPN er det st\u00f8rste globale nettverket av anonyme nettbrukere. V\u00e5r bransjeledende funksjonsportef\u00f8lje inkluderer et stort utvalg av lokasjoner, les om det her!\" \/>\n<meta name=\"robots\" content=\"index, follow, max-snippet:-1, max-image-preview:large, max-video-preview:-1\" \/>\n<link rel=\"canonical\" href=\"https:\/\/www.urban-vpn.com\/no\/features\/server-locations\/\" \/>\n<meta property=\"og:locale\" content=\"nb_NO\" \/>\n<meta property=\"og:type\" content=\"article\" \/>\n<meta property=\"og:title\" content=\"Serversteder | Urban VPN\" \/>\n<meta property=\"og:description\" content=\"UrbanVPN er det st\u00f8rste globale nettverket av anonyme nettbrukere. V\u00e5r bransjeledende funksjonsportef\u00f8lje inkluderer et stort utvalg av lokasjoner, les om det her!\" \/>\n<meta property=\"og:url\" content=\"https:\/\/www.urban-vpn.com\/no\/features\/server-locations\/\" \/>\n<meta property=\"og:site_name\" content=\"| Urban VPN\" \/>\n<meta property=\"article:modified_time\" content=\"2023-05-29T17:02:19+00:00\" \/>\n<meta name=\"twitter:card\" content=\"summary_large_image\" \/>\n<meta name=\"twitter:label1\" content=\"Ansl. lesetid\" \/>\n\t<meta name=\"twitter:data1\" content=\"2 minutter\" \/>\n<script type=\"application\/ld+json\" class=\"yoast-schema-graph\">{\"@context\":\"https:\/\/schema.org\",\"@graph\":[{\"@type\":\"WebPage\",\"@id\":\"https:\/\/www.urban-vpn.com\/no\/features\/server-locations\/\",\"url\":\"https:\/\/www.urban-vpn.com\/no\/features\/server-locations\/\",\"name\":\"Serversteder | Urban VPN\",\"isPartOf\":{\"@id\":\"https:\/\/www.urban-vpn.com\/no\/#website\"},\"datePublished\":\"2023-01-27T16:16:00+00:00\",\"dateModified\":\"2023-05-29T17:02:19+00:00\",\"description\":\"UrbanVPN er det st\u00f8rste globale nettverket av anonyme nettbrukere. V\u00e5r bransjeledende funksjonsportef\u00f8lje inkluderer et stort utvalg av lokasjoner, les om det her!\",\"breadcrumb\":{\"@id\":\"https:\/\/www.urban-vpn.com\/no\/features\/server-locations\/#breadcrumb\"},\"inLanguage\":\"nb-NO\",\"potentialAction\":[{\"@type\":\"ReadAction\",\"target\":[\"https:\/\/www.urban-vpn.com\/no\/features\/server-locations\/\"]}]},{\"@type\":\"BreadcrumbList\",\"@id\":\"https:\/\/www.urban-vpn.com\/no\/features\/server-locations\/#breadcrumb\",\"itemListElement\":[{\"@type\":\"ListItem\",\"position\":1,\"name\":\"Home\",\"item\":\"https:\/\/www.urban-vpn.com\/no\/\"},{\"@type\":\"ListItem\",\"position\":2,\"name\":\"Funksjoner\",\"item\":\"https:\/\/www.urban-vpn.com\/no\/features\/\"},{\"@type\":\"ListItem\",\"position\":3,\"name\":\"Serversteder\"}]},{\"@type\":\"WebSite\",\"@id\":\"https:\/\/www.urban-vpn.com\/no\/#website\",\"url\":\"https:\/\/www.urban-vpn.com\/no\/\",\"name\":\"| Urban VPN\",\"description\":\"Urban VPN\",\"publisher\":{\"@id\":\"https:\/\/www.urban-vpn.com\/no\/#organization\"},\"inLanguage\":\"nb-NO\"},{\"@type\":\"Organization\",\"@id\":\"https:\/\/www.urban-vpn.com\/no\/#organization\",\"name\":\"| Urban VPN\",\"url\":\"https:\/\/www.urban-vpn.com\/no\/\",\"logo\":{\"@type\":\"ImageObject\",\"inLanguage\":\"nb-NO\",\"@id\":\"https:\/\/www.urban-vpn.com\/no\/#\/schema\/logo\/image\/\",\"url\":\"https:\/\/assets.urban-vpn.com\/wp-content\/uploads\/2023\/02\/03121456\/logo.svg\",\"contentUrl\":\"https:\/\/assets.urban-vpn.com\/wp-content\/uploads\/2023\/02\/03121456\/logo.svg\",\"width\":120,\"height\":23,\"caption\":\"| Urban VPN\"},\"image\":{\"@id\":\"https:\/\/www.urban-vpn.com\/no\/#\/schema\/logo\/image\/\"}}]}<\/script>\n<!-- \/ Yoast SEO plugin. -->","yoast_head_json":{"title":"Serversteder | Urban VPN","description":"UrbanVPN er det st\u00f8rste globale nettverket av anonyme nettbrukere. V\u00e5r bransjeledende funksjonsportef\u00f8lje inkluderer et stort utvalg av lokasjoner, les om det her!","robots":{"index":"index","follow":"follow","max-snippet":"max-snippet:-1","max-image-preview":"max-image-preview:large","max-video-preview":"max-video-preview:-1"},"canonical":"https:\/\/www.urban-vpn.com\/no\/features\/server-locations\/","og_locale":"nb_NO","og_type":"article","og_title":"Serversteder | Urban VPN","og_description":"UrbanVPN er det st\u00f8rste globale nettverket av anonyme nettbrukere. V\u00e5r bransjeledende funksjonsportef\u00f8lje inkluderer et stort utvalg av lokasjoner, les om det her!","og_url":"https:\/\/www.urban-vpn.com\/no\/features\/server-locations\/","og_site_name":"| Urban VPN","article_modified_time":"2023-05-29T17:02:19+00:00","twitter_card":"summary_large_image","twitter_misc":{"Ansl. lesetid":"2 minutter"},"schema":{"@context":"https:\/\/schema.org","@graph":[{"@type":"WebPage","@id":"https:\/\/www.urban-vpn.com\/no\/features\/server-locations\/","url":"https:\/\/www.urban-vpn.com\/no\/features\/server-locations\/","name":"Serversteder | Urban VPN","isPartOf":{"@id":"https:\/\/www.urban-vpn.com\/no\/#website"},"datePublished":"2023-01-27T16:16:00+00:00","dateModified":"2023-05-29T17:02:19+00:00","description":"UrbanVPN er det st\u00f8rste globale nettverket av anonyme nettbrukere. V\u00e5r bransjeledende funksjonsportef\u00f8lje inkluderer et stort utvalg av lokasjoner, les om det her!","breadcrumb":{"@id":"https:\/\/www.urban-vpn.com\/no\/features\/server-locations\/#breadcrumb"},"inLanguage":"nb-NO","potentialAction":[{"@type":"ReadAction","target":["https:\/\/www.urban-vpn.com\/no\/features\/server-locations\/"]}]},{"@type":"BreadcrumbList","@id":"https:\/\/www.urban-vpn.com\/no\/features\/server-locations\/#breadcrumb","itemListElement":[{"@type":"ListItem","position":1,"name":"Home","item":"https:\/\/www.urban-vpn.com\/no\/"},{"@type":"ListItem","position":2,"name":"Funksjoner","item":"https:\/\/www.urban-vpn.com\/no\/features\/"},{"@type":"ListItem","position":3,"name":"Serversteder"}]},{"@type":"WebSite","@id":"https:\/\/www.urban-vpn.com\/no\/#website","url":"https:\/\/www.urban-vpn.com\/no\/","name":"| Urban VPN","description":"Urban VPN","publisher":{"@id":"https:\/\/www.urban-vpn.com\/no\/#organization"},"inLanguage":"nb-NO"},{"@type":"Organization","@id":"https:\/\/www.urban-vpn.com\/no\/#organization","name":"| Urban VPN","url":"https:\/\/www.urban-vpn.com\/no\/","logo":{"@type":"ImageObject","inLanguage":"nb-NO","@id":"https:\/\/www.urban-vpn.com\/no\/#\/schema\/logo\/image\/","url":"https:\/\/assets.urban-vpn.com\/wp-content\/uploads\/2023\/02\/03121456\/logo.svg","contentUrl":"https:\/\/assets.urban-vpn.com\/wp-content\/uploads\/2023\/02\/03121456\/logo.svg","width":120,"height":23,"caption":"| Urban VPN"},"image":{"@id":"https:\/\/www.urban-vpn.com\/no\/#\/schema\/logo\/image\/"}}]}},"_links":{"self":[{"href":"https:\/\/www.urban-vpn.com\/no\/wp-json\/wp\/v2\/pages\/17238","targetHints":{"allow":["GET"]}}],"collection":[{"href":"https:\/\/www.urban-vpn.com\/no\/wp-json\/wp\/v2\/pages"}],"about":[{"href":"https:\/\/www.urban-vpn.com\/no\/wp-json\/wp\/v2\/types\/page"}],"author":[{"embeddable":true,"href":"https:\/\/www.urban-vpn.com\/no\/wp-json\/wp\/v2\/users\/3"}],"replies":[{"embeddable":true,"href":"https:\/\/www.urban-vpn.com\/no\/wp-json\/wp\/v2\/comments?post=17238"}],"version-history":[{"count":2,"href":"https:\/\/www.urban-vpn.com\/no\/wp-json\/wp\/v2\/pages\/17238\/revisions"}],"predecessor-version":[{"id":22564,"href":"https:\/\/www.urban-vpn.com\/no\/wp-json\/wp\/v2\/pages\/17238\/revisions\/22564"}],"up":[{"embeddable":true,"href":"https:\/\/www.urban-vpn.com\/no\/wp-json\/wp\/v2\/pages\/13435"}],"wp:attachment":[{"href":"https:\/\/www.urban-vpn.com\/no\/wp-json\/wp\/v2\/media?parent=17238"}],"curies":[{"name":"wp","href":"https:\/\/api.w.org\/{rel}","templated":true}]}}