{"id":29698,"date":"2023-01-27T16:16:07","date_gmt":"2023-01-27T16:16:07","guid":{"rendered":"https:\/\/www.urban-vpn.com\/soccer-streaming-vpn\/"},"modified":"2024-12-23T10:13:53","modified_gmt":"2024-12-23T10:13:53","slug":"soccer-streaming-vpn","status":"publish","type":"page","link":"https:\/\/www.urban-vpn.com\/hu\/free-products\/free-sports-streaming-vpn\/soccer-streaming-vpn\/","title":{"rendered":"Foci streaming VPN"},"content":{"rendered":"","protected":false},"excerpt":{"rendered":"","protected":false},"author":3,"featured_media":55245,"parent":29754,"menu_order":0,"comment_status":"open","ping_status":"closed","template":"products\/streaming.php","meta":{"_acf_changed":false,"footnotes":""},"class_list":["post-29698","page","type-page","status-publish","has-post-thumbnail","hentry"],"acf":[],"yoast_head":"<!-- This site is optimized with the Yoast SEO plugin v26.6 - https:\/\/yoast.com\/wordpress\/plugins\/seo\/ -->\n<title>VPN \u00e9l\u0151 foci k\u00f6zvet\u00edt\u00e9shez - A legjobb \u00e9l\u0151 foci TV | UrbanVPN<\/title>\n<meta name=\"description\" content=\"\u00c9l\u0151 foci streaming az UrbanVPN forradalmi IP-megoszt\u00f3 VPN-j\u00e9t\u0151l. N\u00e9zd \u00e9l\u0151ben a foci TV-t az ingyenes VPN kiterjeszt\u00e9ssel az \u00f6sszes futball meccs \u00e9l\u0151 el\u00e9r\u00e9s\u00e9hez\" \/>\n<meta name=\"robots\" content=\"index, follow, max-snippet:-1, max-image-preview:large, max-video-preview:-1\" \/>\n<link rel=\"canonical\" href=\"https:\/\/www.urban-vpn.com\/hu\/free-products\/free-sports-streaming-vpn\/soccer-streaming-vpn\/\" \/>\n<meta property=\"og:locale\" content=\"hu_HU\" \/>\n<meta property=\"og:type\" content=\"article\" \/>\n<meta property=\"og:title\" content=\"VPN \u00e9l\u0151 foci k\u00f6zvet\u00edt\u00e9shez - A legjobb \u00e9l\u0151 foci TV | UrbanVPN\" \/>\n<meta property=\"og:description\" content=\"\u00c9l\u0151 foci streaming az UrbanVPN forradalmi IP-megoszt\u00f3 VPN-j\u00e9t\u0151l. N\u00e9zd \u00e9l\u0151ben a foci TV-t az ingyenes VPN kiterjeszt\u00e9ssel az \u00f6sszes futball meccs \u00e9l\u0151 el\u00e9r\u00e9s\u00e9hez\" \/>\n<meta property=\"og:url\" content=\"https:\/\/www.urban-vpn.com\/hu\/free-products\/free-sports-streaming-vpn\/soccer-streaming-vpn\/\" \/>\n<meta property=\"og:site_name\" content=\"| Urban VPN\" \/>\n<meta property=\"article:modified_time\" content=\"2024-12-23T10:13:53+00:00\" \/>\n<meta property=\"og:image\" content=\"https:\/\/assets.urban-vpn.com\/wp-content\/uploads\/2023\/06\/14083125\/02-e1687257728197.webp\" \/>\n\t<meta property=\"og:image:width\" content=\"518\" \/>\n\t<meta property=\"og:image:height\" content=\"345\" \/>\n\t<meta property=\"og:image:type\" content=\"image\/webp\" \/>\n<meta name=\"twitter:card\" content=\"summary_large_image\" \/>\n<script type=\"application\/ld+json\" class=\"yoast-schema-graph\">{\"@context\":\"https:\/\/schema.org\",\"@graph\":[{\"@type\":\"WebPage\",\"@id\":\"https:\/\/www.urban-vpn.com\/hu\/free-products\/free-sports-streaming-vpn\/soccer-streaming-vpn\/\",\"url\":\"https:\/\/www.urban-vpn.com\/hu\/free-products\/free-sports-streaming-vpn\/soccer-streaming-vpn\/\",\"name\":\"VPN \u00e9l\u0151 foci k\u00f6zvet\u00edt\u00e9shez - A legjobb \u00e9l\u0151 foci TV | UrbanVPN\",\"isPartOf\":{\"@id\":\"https:\/\/www.urban-vpn.com\/hu\/#website\"},\"primaryImageOfPage\":{\"@id\":\"https:\/\/www.urban-vpn.com\/hu\/free-products\/free-sports-streaming-vpn\/soccer-streaming-vpn\/#primaryimage\"},\"image\":{\"@id\":\"https:\/\/www.urban-vpn.com\/hu\/free-products\/free-sports-streaming-vpn\/soccer-streaming-vpn\/#primaryimage\"},\"thumbnailUrl\":\"https:\/\/www.urban-vpn.com\/wp-content\/uploads\/2025\/04\/soccer.png\",\"datePublished\":\"2023-01-27T16:16:07+00:00\",\"dateModified\":\"2024-12-23T10:13:53+00:00\",\"description\":\"\u00c9l\u0151 foci streaming az UrbanVPN forradalmi IP-megoszt\u00f3 VPN-j\u00e9t\u0151l. N\u00e9zd \u00e9l\u0151ben a foci TV-t az ingyenes VPN kiterjeszt\u00e9ssel az \u00f6sszes futball meccs \u00e9l\u0151 el\u00e9r\u00e9s\u00e9hez\",\"breadcrumb\":{\"@id\":\"https:\/\/www.urban-vpn.com\/hu\/free-products\/free-sports-streaming-vpn\/soccer-streaming-vpn\/#breadcrumb\"},\"inLanguage\":\"hu\",\"potentialAction\":[{\"@type\":\"ReadAction\",\"target\":[\"https:\/\/www.urban-vpn.com\/hu\/free-products\/free-sports-streaming-vpn\/soccer-streaming-vpn\/\"]}]},{\"@type\":\"ImageObject\",\"inLanguage\":\"hu\",\"@id\":\"https:\/\/www.urban-vpn.com\/hu\/free-products\/free-sports-streaming-vpn\/soccer-streaming-vpn\/#primaryimage\",\"url\":\"https:\/\/www.urban-vpn.com\/wp-content\/uploads\/2025\/04\/soccer.png\",\"contentUrl\":\"https:\/\/www.urban-vpn.com\/wp-content\/uploads\/2025\/04\/soccer.png\",\"width\":521,\"height\":348},{\"@type\":\"BreadcrumbList\",\"@id\":\"https:\/\/www.urban-vpn.com\/hu\/free-products\/free-sports-streaming-vpn\/soccer-streaming-vpn\/#breadcrumb\",\"itemListElement\":[{\"@type\":\"ListItem\",\"position\":1,\"name\":\"Home\",\"item\":\"https:\/\/www.urban-vpn.com\/hu\/\"},{\"@type\":\"ListItem\",\"position\":2,\"name\":\"Term\u00e9kek\",\"item\":\"https:\/\/www.urban-vpn.com\/hu\/free-products\/\"},{\"@type\":\"ListItem\",\"position\":3,\"name\":\"Ingyenes sport streaming VPN\",\"item\":\"https:\/\/www.urban-vpn.com\/hu\/free-products\/free-sports-streaming-vpn\/\"},{\"@type\":\"ListItem\",\"position\":4,\"name\":\"Foci streaming VPN\"}]},{\"@type\":\"WebSite\",\"@id\":\"https:\/\/www.urban-vpn.com\/hu\/#website\",\"url\":\"https:\/\/www.urban-vpn.com\/hu\/\",\"name\":\"| Urban VPN\",\"description\":\"Urban VPN\",\"publisher\":{\"@id\":\"https:\/\/www.urban-vpn.com\/hu\/#organization\"},\"inLanguage\":\"hu\"},{\"@type\":\"Organization\",\"@id\":\"https:\/\/www.urban-vpn.com\/hu\/#organization\",\"name\":\"| Urban VPN\",\"url\":\"https:\/\/www.urban-vpn.com\/hu\/\",\"logo\":{\"@type\":\"ImageObject\",\"inLanguage\":\"hu\",\"@id\":\"https:\/\/www.urban-vpn.com\/hu\/#\/schema\/logo\/image\/\",\"url\":\"https:\/\/assets.urban-vpn.com\/wp-content\/uploads\/2023\/02\/03121456\/logo.svg\",\"contentUrl\":\"https:\/\/assets.urban-vpn.com\/wp-content\/uploads\/2023\/02\/03121456\/logo.svg\",\"width\":120,\"height\":23,\"caption\":\"| Urban VPN\"},\"image\":{\"@id\":\"https:\/\/www.urban-vpn.com\/hu\/#\/schema\/logo\/image\/\"}}]}<\/script>\n<!-- \/ Yoast SEO plugin. -->","yoast_head_json":{"title":"VPN \u00e9l\u0151 foci k\u00f6zvet\u00edt\u00e9shez - A legjobb \u00e9l\u0151 foci TV | UrbanVPN","description":"\u00c9l\u0151 foci streaming az UrbanVPN forradalmi IP-megoszt\u00f3 VPN-j\u00e9t\u0151l. N\u00e9zd \u00e9l\u0151ben a foci TV-t az ingyenes VPN kiterjeszt\u00e9ssel az \u00f6sszes futball meccs \u00e9l\u0151 el\u00e9r\u00e9s\u00e9hez","robots":{"index":"index","follow":"follow","max-snippet":"max-snippet:-1","max-image-preview":"max-image-preview:large","max-video-preview":"max-video-preview:-1"},"canonical":"https:\/\/www.urban-vpn.com\/hu\/free-products\/free-sports-streaming-vpn\/soccer-streaming-vpn\/","og_locale":"hu_HU","og_type":"article","og_title":"VPN \u00e9l\u0151 foci k\u00f6zvet\u00edt\u00e9shez - A legjobb \u00e9l\u0151 foci TV | UrbanVPN","og_description":"\u00c9l\u0151 foci streaming az UrbanVPN forradalmi IP-megoszt\u00f3 VPN-j\u00e9t\u0151l. N\u00e9zd \u00e9l\u0151ben a foci TV-t az ingyenes VPN kiterjeszt\u00e9ssel az \u00f6sszes futball meccs \u00e9l\u0151 el\u00e9r\u00e9s\u00e9hez","og_url":"https:\/\/www.urban-vpn.com\/hu\/free-products\/free-sports-streaming-vpn\/soccer-streaming-vpn\/","og_site_name":"| Urban VPN","article_modified_time":"2024-12-23T10:13:53+00:00","og_image":[{"width":518,"height":345,"url":"https:\/\/assets.urban-vpn.com\/wp-content\/uploads\/2023\/06\/14083125\/02-e1687257728197.webp","type":"image\/webp"}],"twitter_card":"summary_large_image","schema":{"@context":"https:\/\/schema.org","@graph":[{"@type":"WebPage","@id":"https:\/\/www.urban-vpn.com\/hu\/free-products\/free-sports-streaming-vpn\/soccer-streaming-vpn\/","url":"https:\/\/www.urban-vpn.com\/hu\/free-products\/free-sports-streaming-vpn\/soccer-streaming-vpn\/","name":"VPN \u00e9l\u0151 foci k\u00f6zvet\u00edt\u00e9shez - A legjobb \u00e9l\u0151 foci TV | UrbanVPN","isPartOf":{"@id":"https:\/\/www.urban-vpn.com\/hu\/#website"},"primaryImageOfPage":{"@id":"https:\/\/www.urban-vpn.com\/hu\/free-products\/free-sports-streaming-vpn\/soccer-streaming-vpn\/#primaryimage"},"image":{"@id":"https:\/\/www.urban-vpn.com\/hu\/free-products\/free-sports-streaming-vpn\/soccer-streaming-vpn\/#primaryimage"},"thumbnailUrl":"https:\/\/www.urban-vpn.com\/wp-content\/uploads\/2025\/04\/soccer.png","datePublished":"2023-01-27T16:16:07+00:00","dateModified":"2024-12-23T10:13:53+00:00","description":"\u00c9l\u0151 foci streaming az UrbanVPN forradalmi IP-megoszt\u00f3 VPN-j\u00e9t\u0151l. N\u00e9zd \u00e9l\u0151ben a foci TV-t az ingyenes VPN kiterjeszt\u00e9ssel az \u00f6sszes futball meccs \u00e9l\u0151 el\u00e9r\u00e9s\u00e9hez","breadcrumb":{"@id":"https:\/\/www.urban-vpn.com\/hu\/free-products\/free-sports-streaming-vpn\/soccer-streaming-vpn\/#breadcrumb"},"inLanguage":"hu","potentialAction":[{"@type":"ReadAction","target":["https:\/\/www.urban-vpn.com\/hu\/free-products\/free-sports-streaming-vpn\/soccer-streaming-vpn\/"]}]},{"@type":"ImageObject","inLanguage":"hu","@id":"https:\/\/www.urban-vpn.com\/hu\/free-products\/free-sports-streaming-vpn\/soccer-streaming-vpn\/#primaryimage","url":"https:\/\/www.urban-vpn.com\/wp-content\/uploads\/2025\/04\/soccer.png","contentUrl":"https:\/\/www.urban-vpn.com\/wp-content\/uploads\/2025\/04\/soccer.png","width":521,"height":348},{"@type":"BreadcrumbList","@id":"https:\/\/www.urban-vpn.com\/hu\/free-products\/free-sports-streaming-vpn\/soccer-streaming-vpn\/#breadcrumb","itemListElement":[{"@type":"ListItem","position":1,"name":"Home","item":"https:\/\/www.urban-vpn.com\/hu\/"},{"@type":"ListItem","position":2,"name":"Term\u00e9kek","item":"https:\/\/www.urban-vpn.com\/hu\/free-products\/"},{"@type":"ListItem","position":3,"name":"Ingyenes sport streaming VPN","item":"https:\/\/www.urban-vpn.com\/hu\/free-products\/free-sports-streaming-vpn\/"},{"@type":"ListItem","position":4,"name":"Foci streaming VPN"}]},{"@type":"WebSite","@id":"https:\/\/www.urban-vpn.com\/hu\/#website","url":"https:\/\/www.urban-vpn.com\/hu\/","name":"| Urban VPN","description":"Urban VPN","publisher":{"@id":"https:\/\/www.urban-vpn.com\/hu\/#organization"},"inLanguage":"hu"},{"@type":"Organization","@id":"https:\/\/www.urban-vpn.com\/hu\/#organization","name":"| Urban VPN","url":"https:\/\/www.urban-vpn.com\/hu\/","logo":{"@type":"ImageObject","inLanguage":"hu","@id":"https:\/\/www.urban-vpn.com\/hu\/#\/schema\/logo\/image\/","url":"https:\/\/assets.urban-vpn.com\/wp-content\/uploads\/2023\/02\/03121456\/logo.svg","contentUrl":"https:\/\/assets.urban-vpn.com\/wp-content\/uploads\/2023\/02\/03121456\/logo.svg","width":120,"height":23,"caption":"| Urban VPN"},"image":{"@id":"https:\/\/www.urban-vpn.com\/hu\/#\/schema\/logo\/image\/"}}]}},"_links":{"self":[{"href":"https:\/\/www.urban-vpn.com\/hu\/wp-json\/wp\/v2\/pages\/29698","targetHints":{"allow":["GET"]}}],"collection":[{"href":"https:\/\/www.urban-vpn.com\/hu\/wp-json\/wp\/v2\/pages"}],"about":[{"href":"https:\/\/www.urban-vpn.com\/hu\/wp-json\/wp\/v2\/types\/page"}],"author":[{"embeddable":true,"href":"https:\/\/www.urban-vpn.com\/hu\/wp-json\/wp\/v2\/users\/3"}],"replies":[{"embeddable":true,"href":"https:\/\/www.urban-vpn.com\/hu\/wp-json\/wp\/v2\/comments?post=29698"}],"version-history":[{"count":1,"href":"https:\/\/www.urban-vpn.com\/hu\/wp-json\/wp\/v2\/pages\/29698\/revisions"}],"predecessor-version":[{"id":29852,"href":"https:\/\/www.urban-vpn.com\/hu\/wp-json\/wp\/v2\/pages\/29698\/revisions\/29852"}],"up":[{"embeddable":true,"href":"https:\/\/www.urban-vpn.com\/hu\/wp-json\/wp\/v2\/pages\/29754"}],"wp:featuredmedia":[{"embeddable":true,"href":"https:\/\/www.urban-vpn.com\/hu\/wp-json\/wp\/v2\/media\/55245"}],"wp:attachment":[{"href":"https:\/\/www.urban-vpn.com\/hu\/wp-json\/wp\/v2\/media?parent=29698"}],"curies":[{"name":"wp","href":"https:\/\/api.w.org\/{rel}","templated":true}]}}