{"id":29667,"date":"2023-02-13T12:48:30","date_gmt":"2023-02-13T12:48:30","guid":{"rendered":"https:\/\/www.urban-vpn.com\/unlimited-vpn\/"},"modified":"2024-12-29T11:58:35","modified_gmt":"2024-12-29T11:58:35","slug":"unlimited-vpn","status":"publish","type":"page","link":"https:\/\/www.urban-vpn.com\/hu\/features\/unlimited-vpn\/","title":{"rendered":"Korl\u00e1tlan VPN"},"content":{"rendered":"<blockquote class=\"wp-embedded-content\" data-secret=\"IJObgPOB0S\"><p><a href=\"https:\/\/www.urban-vpn.com\/es\/features\/unlimited-devices\/\">Unlimited Devices<\/a><\/p><\/blockquote>\n<p><iframe loading=\"lazy\" class=\"wp-embedded-content\" sandbox=\"allow-scripts\" security=\"restricted\" style=\"position: absolute; visibility: hidden;\" title=\"\u00abUnlimited Devices\u00bb \u2014 | Urban VPN\" src=\"https:\/\/www.urban-vpn.com\/es\/features\/unlimited-devices\/embed\/#?secret=PIZpbtbkwj#?secret=IJObgPOB0S\" data-secret=\"IJObgPOB0S\" width=\"500\" height=\"282\" frameborder=\"0\" marginwidth=\"0\" marginheight=\"0\" scrolling=\"no\"><\/iframe><\/p>\n","protected":false},"excerpt":{"rendered":"<p>Unlimited Devices<\/p>\n","protected":false},"author":3,"featured_media":0,"parent":29763,"menu_order":0,"comment_status":"closed","ping_status":"closed","template":"features\/unlimited_vpn.php","meta":{"_acf_changed":false,"footnotes":""},"class_list":["post-29667","page","type-page","status-publish","hentry"],"acf":[],"yoast_head":"<!-- This site is optimized with the Yoast SEO plugin v26.6 - https:\/\/yoast.com\/wordpress\/plugins\/seo\/ -->\n<title>Korl\u00e1tlan VPN | Urban VPN<\/title>\n<meta name=\"description\" content=\"H\u00edres v\u00e9delmet \u00e9s teljes\u00edtm\u00e9nyt keres ingyen - Urban VPN \u00fatk\u00f6zben!\" \/>\n<meta name=\"robots\" content=\"index, follow, max-snippet:-1, max-image-preview:large, max-video-preview:-1\" \/>\n<link rel=\"canonical\" href=\"https:\/\/www.urban-vpn.com\/hu\/features\/unlimited-vpn\/\" \/>\n<meta property=\"og:locale\" content=\"hu_HU\" \/>\n<meta property=\"og:type\" content=\"article\" \/>\n<meta property=\"og:title\" content=\"Korl\u00e1tlan VPN | Urban VPN\" \/>\n<meta property=\"og:description\" content=\"H\u00edres v\u00e9delmet \u00e9s teljes\u00edtm\u00e9nyt keres ingyen - Urban VPN \u00fatk\u00f6zben!\" \/>\n<meta property=\"og:url\" content=\"https:\/\/www.urban-vpn.com\/hu\/features\/unlimited-vpn\/\" \/>\n<meta property=\"og:site_name\" content=\"| Urban VPN\" \/>\n<meta property=\"article:modified_time\" content=\"2024-12-29T11:58:35+00:00\" \/>\n<meta name=\"twitter:card\" content=\"summary_large_image\" \/>\n<meta name=\"twitter:label1\" content=\"Becs\u00fclt olvas\u00e1si id\u0151\" \/>\n\t<meta name=\"twitter:data1\" content=\"1 perc\" \/>\n<script type=\"application\/ld+json\" class=\"yoast-schema-graph\">{\"@context\":\"https:\/\/schema.org\",\"@graph\":[{\"@type\":\"WebPage\",\"@id\":\"https:\/\/www.urban-vpn.com\/hu\/features\/unlimited-vpn\/\",\"url\":\"https:\/\/www.urban-vpn.com\/hu\/features\/unlimited-vpn\/\",\"name\":\"Korl\u00e1tlan VPN | Urban VPN\",\"isPartOf\":{\"@id\":\"https:\/\/www.urban-vpn.com\/hu\/#website\"},\"datePublished\":\"2023-02-13T12:48:30+00:00\",\"dateModified\":\"2024-12-29T11:58:35+00:00\",\"description\":\"H\u00edres v\u00e9delmet \u00e9s teljes\u00edtm\u00e9nyt keres ingyen - Urban VPN \u00fatk\u00f6zben!\",\"breadcrumb\":{\"@id\":\"https:\/\/www.urban-vpn.com\/hu\/features\/unlimited-vpn\/#breadcrumb\"},\"inLanguage\":\"hu\",\"potentialAction\":[{\"@type\":\"ReadAction\",\"target\":[\"https:\/\/www.urban-vpn.com\/hu\/features\/unlimited-vpn\/\"]}]},{\"@type\":\"BreadcrumbList\",\"@id\":\"https:\/\/www.urban-vpn.com\/hu\/features\/unlimited-vpn\/#breadcrumb\",\"itemListElement\":[{\"@type\":\"ListItem\",\"position\":1,\"name\":\"Home\",\"item\":\"https:\/\/www.urban-vpn.com\/hu\/\"},{\"@type\":\"ListItem\",\"position\":2,\"name\":\"Jellemz\u0151k\",\"item\":\"https:\/\/www.urban-vpn.com\/hu\/features\/\"},{\"@type\":\"ListItem\",\"position\":3,\"name\":\"Korl\u00e1tlan VPN\"}]},{\"@type\":\"WebSite\",\"@id\":\"https:\/\/www.urban-vpn.com\/hu\/#website\",\"url\":\"https:\/\/www.urban-vpn.com\/hu\/\",\"name\":\"| Urban VPN\",\"description\":\"Urban VPN\",\"publisher\":{\"@id\":\"https:\/\/www.urban-vpn.com\/hu\/#organization\"},\"inLanguage\":\"hu\"},{\"@type\":\"Organization\",\"@id\":\"https:\/\/www.urban-vpn.com\/hu\/#organization\",\"name\":\"| Urban VPN\",\"url\":\"https:\/\/www.urban-vpn.com\/hu\/\",\"logo\":{\"@type\":\"ImageObject\",\"inLanguage\":\"hu\",\"@id\":\"https:\/\/www.urban-vpn.com\/hu\/#\/schema\/logo\/image\/\",\"url\":\"https:\/\/assets.urban-vpn.com\/wp-content\/uploads\/2023\/02\/03121456\/logo.svg\",\"contentUrl\":\"https:\/\/assets.urban-vpn.com\/wp-content\/uploads\/2023\/02\/03121456\/logo.svg\",\"width\":120,\"height\":23,\"caption\":\"| Urban VPN\"},\"image\":{\"@id\":\"https:\/\/www.urban-vpn.com\/hu\/#\/schema\/logo\/image\/\"}}]}<\/script>\n<!-- \/ Yoast SEO plugin. -->","yoast_head_json":{"title":"Korl\u00e1tlan VPN | Urban VPN","description":"H\u00edres v\u00e9delmet \u00e9s teljes\u00edtm\u00e9nyt keres ingyen - Urban VPN \u00fatk\u00f6zben!","robots":{"index":"index","follow":"follow","max-snippet":"max-snippet:-1","max-image-preview":"max-image-preview:large","max-video-preview":"max-video-preview:-1"},"canonical":"https:\/\/www.urban-vpn.com\/hu\/features\/unlimited-vpn\/","og_locale":"hu_HU","og_type":"article","og_title":"Korl\u00e1tlan VPN | Urban VPN","og_description":"H\u00edres v\u00e9delmet \u00e9s teljes\u00edtm\u00e9nyt keres ingyen - Urban VPN \u00fatk\u00f6zben!","og_url":"https:\/\/www.urban-vpn.com\/hu\/features\/unlimited-vpn\/","og_site_name":"| Urban VPN","article_modified_time":"2024-12-29T11:58:35+00:00","twitter_card":"summary_large_image","twitter_misc":{"Becs\u00fclt olvas\u00e1si id\u0151":"1 perc"},"schema":{"@context":"https:\/\/schema.org","@graph":[{"@type":"WebPage","@id":"https:\/\/www.urban-vpn.com\/hu\/features\/unlimited-vpn\/","url":"https:\/\/www.urban-vpn.com\/hu\/features\/unlimited-vpn\/","name":"Korl\u00e1tlan VPN | Urban VPN","isPartOf":{"@id":"https:\/\/www.urban-vpn.com\/hu\/#website"},"datePublished":"2023-02-13T12:48:30+00:00","dateModified":"2024-12-29T11:58:35+00:00","description":"H\u00edres v\u00e9delmet \u00e9s teljes\u00edtm\u00e9nyt keres ingyen - Urban VPN \u00fatk\u00f6zben!","breadcrumb":{"@id":"https:\/\/www.urban-vpn.com\/hu\/features\/unlimited-vpn\/#breadcrumb"},"inLanguage":"hu","potentialAction":[{"@type":"ReadAction","target":["https:\/\/www.urban-vpn.com\/hu\/features\/unlimited-vpn\/"]}]},{"@type":"BreadcrumbList","@id":"https:\/\/www.urban-vpn.com\/hu\/features\/unlimited-vpn\/#breadcrumb","itemListElement":[{"@type":"ListItem","position":1,"name":"Home","item":"https:\/\/www.urban-vpn.com\/hu\/"},{"@type":"ListItem","position":2,"name":"Jellemz\u0151k","item":"https:\/\/www.urban-vpn.com\/hu\/features\/"},{"@type":"ListItem","position":3,"name":"Korl\u00e1tlan VPN"}]},{"@type":"WebSite","@id":"https:\/\/www.urban-vpn.com\/hu\/#website","url":"https:\/\/www.urban-vpn.com\/hu\/","name":"| Urban VPN","description":"Urban VPN","publisher":{"@id":"https:\/\/www.urban-vpn.com\/hu\/#organization"},"inLanguage":"hu"},{"@type":"Organization","@id":"https:\/\/www.urban-vpn.com\/hu\/#organization","name":"| Urban VPN","url":"https:\/\/www.urban-vpn.com\/hu\/","logo":{"@type":"ImageObject","inLanguage":"hu","@id":"https:\/\/www.urban-vpn.com\/hu\/#\/schema\/logo\/image\/","url":"https:\/\/assets.urban-vpn.com\/wp-content\/uploads\/2023\/02\/03121456\/logo.svg","contentUrl":"https:\/\/assets.urban-vpn.com\/wp-content\/uploads\/2023\/02\/03121456\/logo.svg","width":120,"height":23,"caption":"| Urban VPN"},"image":{"@id":"https:\/\/www.urban-vpn.com\/hu\/#\/schema\/logo\/image\/"}}]}},"_links":{"self":[{"href":"https:\/\/www.urban-vpn.com\/hu\/wp-json\/wp\/v2\/pages\/29667","targetHints":{"allow":["GET"]}}],"collection":[{"href":"https:\/\/www.urban-vpn.com\/hu\/wp-json\/wp\/v2\/pages"}],"about":[{"href":"https:\/\/www.urban-vpn.com\/hu\/wp-json\/wp\/v2\/types\/page"}],"author":[{"embeddable":true,"href":"https:\/\/www.urban-vpn.com\/hu\/wp-json\/wp\/v2\/users\/3"}],"replies":[{"embeddable":true,"href":"https:\/\/www.urban-vpn.com\/hu\/wp-json\/wp\/v2\/comments?post=29667"}],"version-history":[{"count":2,"href":"https:\/\/www.urban-vpn.com\/hu\/wp-json\/wp\/v2\/pages\/29667\/revisions"}],"predecessor-version":[{"id":51460,"href":"https:\/\/www.urban-vpn.com\/hu\/wp-json\/wp\/v2\/pages\/29667\/revisions\/51460"}],"up":[{"embeddable":true,"href":"https:\/\/www.urban-vpn.com\/hu\/wp-json\/wp\/v2\/pages\/29763"}],"wp:attachment":[{"href":"https:\/\/www.urban-vpn.com\/hu\/wp-json\/wp\/v2\/media?parent=29667"}],"curies":[{"name":"wp","href":"https:\/\/api.w.org\/{rel}","templated":true}]}}