{"id":807,"date":"2023-01-27T16:16:00","date_gmt":"2023-01-27T16:16:00","guid":{"rendered":"https:\/\/vpnbrowser.wpengine.com\/server-locations\/"},"modified":"2023-04-01T18:44:15","modified_gmt":"2023-04-01T18:44:15","slug":"server-locations","status":"publish","type":"page","link":"https:\/\/www.urban-vpn.com\/fr\/features\/server-locations\/","title":{"rendered":"Emplacements des serveurs"},"content":{"rendered":"<h2 id=\"heading-1\">Pourquoi l\u2019emplacement du serveur est-il important?<\/h2>\n<p>L\u2019Internet est presque instantan\u00e9 et semble \u00eatre incroyablement rapide. Pourtant, en r\u00e9alit\u00e9, les donn\u00e9es que vous consommez en surfant sur Facebook ou en regardant une s\u00e9rie Netflix sont de plus en plus lentes \u00e0 mesure que vous vous \u00e9loignez du serveur qui les envoie. Ce ph\u00e9nom\u00e8ne est d\u00fb \u00e0 deux facteurs principaux. Le premier est le fait que les donn\u00e9es circulent sur des fils physiques et ne peuvent pas d\u00e9passer une certaine vitesse. Le second et le plus important est que les lieux \u00e9loign\u00e9s ont tendance \u00e0 avoir moins de c\u00e2bles de donn\u00e9es \u00e0 haut d\u00e9bit connect\u00e9s \u00e0 eux, et vos donn\u00e9es doivent passer par plus de stations sur le chemin. C\u2019est comme pour un colis dans votre service postal ; envoyer quelque chose \u00e0 un endroit \u00e9loign\u00e9 implique d\u2019avoir plus de points de livraison qui collectent les colis dans cette zone et les envoient dans de plus petits camions sur des routes qui ne sont pas toujours aussi bonnes que les autoroutes principales qui relient les grandes villes.<\/p>\n<p>Les soci\u00e9t\u00e9s de logiciels et de services internet essaient toujours d\u2019offrir \u00e0 leurs utilisateurs l\u2019exp\u00e9rience la meilleure et la plus rapide possible. Par exemple, Spotify dispose de serveurs tr\u00e8s rapides dans les grandes villes ou \u00e0 proximit\u00e9 de celles-ci.<br \/>\n<img decoding=\"async\" src=\"images\/section\/server\/1.png\" alt=\"\" \/><\/p>\n<h2 id=\"heading-2\">Pourquoi se contenter de moins que des billets au premier rang?<\/h2>\n<p>Lorsque vous achetez un billet pour votre cin\u00e9ma ou votre th\u00e9\u00e2tre local, vous choisissez toujours les billets les plus proches de la sc\u00e8ne et les meilleurs possibles. Pourquoi faire des compromis sur vos acc\u00e8s aux services en ligne que vous utilisez au quotidien ?<\/p>\n<h2 id=\"heading-3\">VPN lent vs VPN rapide<\/h2>\n<p>Imaginez que vous utilisez un VPN pour \u00e9couter Spotify. Vous avez trouv\u00e9 la musique sp\u00e9cifique que vous voulez \u00e9couter, vous vous d\u00e9tendez et mettez vos \u00e9couteurs. Puis, vous r\u00e9alisez que toute la musique que vous \u00e9coutez commence \u00e0 s\u2019emballer et que chaque chanson s\u2019arr\u00eate plusieurs fois. Quelle frustration ! Avoir un VPN lent et bas\u00e9 sur un serveur mal situ\u00e9, c\u2019est comme remonter dans le temps jusque dans les ann\u00e9es 90 et r\u00e9aliser une fois de plus \u00e0 quel point une connexion internet rapide est importante. C\u2019est pourquoi l\u2019une de nos t\u00e2ches principales est de vous faire sentir que vous \u00eates libre de vous connecter \u00e0 Internet de n\u2019importe o\u00f9 dans le monde.<\/p>\n<p><img decoding=\"async\" src=\"images\/section\/server\/2.png\" alt=\"\" \/><\/p>\n","protected":false},"excerpt":{"rendered":"<p>Pourquoi l\u2019emplacement du serveur est-il important? L\u2019Internet est presque instantan\u00e9 et semble \u00eatre incroyablement rapide. Pourtant, en r\u00e9alit\u00e9, les donn\u00e9es que vous consommez en surfant sur Facebook ou en regardant une s\u00e9rie Netflix sont de plus en plus lentes \u00e0 mesure que vous vous \u00e9loignez du serveur qui les envoie. Ce ph\u00e9nom\u00e8ne est d\u00fb \u00e0 [&hellip;]<\/p>\n","protected":false},"author":3,"featured_media":0,"parent":804,"menu_order":0,"comment_status":"closed","ping_status":"closed","template":"features\/server-locations.php","meta":{"_acf_changed":false,"footnotes":""},"class_list":["post-807","page","type-page","status-publish","hentry"],"acf":[],"yoast_head":"<!-- This site is optimized with the Yoast SEO plugin v26.6 - https:\/\/yoast.com\/wordpress\/plugins\/seo\/ -->\n<title>Emplacements des serveurs | Urban VPN<\/title>\n<meta name=\"description\" content=\"UrbanVPN est le plus vaste r\u00e9seau d\u2019internautes anonymes au monde. Notre portefeuille de fonctions avanc\u00e9es inclut un large \u00e9ventail d\u2019emplacements, lire ici!\" \/>\n<meta name=\"robots\" content=\"index, follow, max-snippet:-1, max-image-preview:large, max-video-preview:-1\" \/>\n<link rel=\"canonical\" href=\"https:\/\/www.urban-vpn.com\/fr\/features\/server-locations\/\" \/>\n<meta property=\"og:locale\" content=\"fr_FR\" \/>\n<meta property=\"og:type\" content=\"article\" \/>\n<meta property=\"og:title\" content=\"Emplacements des serveurs | Urban VPN\" \/>\n<meta property=\"og:description\" content=\"UrbanVPN est le plus vaste r\u00e9seau d\u2019internautes anonymes au monde. Notre portefeuille de fonctions avanc\u00e9es inclut un large \u00e9ventail d\u2019emplacements, lire ici!\" \/>\n<meta property=\"og:url\" content=\"https:\/\/www.urban-vpn.com\/fr\/features\/server-locations\/\" \/>\n<meta property=\"og:site_name\" content=\"| Urban VPN\" \/>\n<meta property=\"article:modified_time\" content=\"2023-04-01T18:44:15+00:00\" \/>\n<meta name=\"twitter:card\" content=\"summary_large_image\" \/>\n<meta name=\"twitter:label1\" content=\"Dur\u00e9e de lecture estim\u00e9e\" \/>\n\t<meta name=\"twitter:data1\" content=\"3 minutes\" \/>\n<script type=\"application\/ld+json\" class=\"yoast-schema-graph\">{\"@context\":\"https:\/\/schema.org\",\"@graph\":[{\"@type\":\"WebPage\",\"@id\":\"https:\/\/www.urban-vpn.com\/fr\/features\/server-locations\/\",\"url\":\"https:\/\/www.urban-vpn.com\/fr\/features\/server-locations\/\",\"name\":\"Emplacements des serveurs | Urban VPN\",\"isPartOf\":{\"@id\":\"https:\/\/www.urban-vpn.com\/fr\/#website\"},\"datePublished\":\"2023-01-27T16:16:00+00:00\",\"dateModified\":\"2023-04-01T18:44:15+00:00\",\"description\":\"UrbanVPN est le plus vaste r\u00e9seau d\u2019internautes anonymes au monde. Notre portefeuille de fonctions avanc\u00e9es inclut un large \u00e9ventail d\u2019emplacements, lire ici!\",\"breadcrumb\":{\"@id\":\"https:\/\/www.urban-vpn.com\/fr\/features\/server-locations\/#breadcrumb\"},\"inLanguage\":\"fr-FR\",\"potentialAction\":[{\"@type\":\"ReadAction\",\"target\":[\"https:\/\/www.urban-vpn.com\/fr\/features\/server-locations\/\"]}]},{\"@type\":\"BreadcrumbList\",\"@id\":\"https:\/\/www.urban-vpn.com\/fr\/features\/server-locations\/#breadcrumb\",\"itemListElement\":[{\"@type\":\"ListItem\",\"position\":1,\"name\":\"Home\",\"item\":\"https:\/\/www.urban-vpn.com\/fr\/\"},{\"@type\":\"ListItem\",\"position\":2,\"name\":\"Fonctionnalit\u00e9s\",\"item\":\"https:\/\/www.urban-vpn.com\/fr\/features\/\"},{\"@type\":\"ListItem\",\"position\":3,\"name\":\"Emplacements des serveurs\"}]},{\"@type\":\"WebSite\",\"@id\":\"https:\/\/www.urban-vpn.com\/fr\/#website\",\"url\":\"https:\/\/www.urban-vpn.com\/fr\/\",\"name\":\"| Urban VPN\",\"description\":\"Urban VPN\",\"publisher\":{\"@id\":\"https:\/\/www.urban-vpn.com\/fr\/#organization\"},\"inLanguage\":\"fr-FR\"},{\"@type\":\"Organization\",\"@id\":\"https:\/\/www.urban-vpn.com\/fr\/#organization\",\"name\":\"| Urban VPN\",\"url\":\"https:\/\/www.urban-vpn.com\/fr\/\",\"logo\":{\"@type\":\"ImageObject\",\"inLanguage\":\"fr-FR\",\"@id\":\"https:\/\/www.urban-vpn.com\/fr\/#\/schema\/logo\/image\/\",\"url\":\"https:\/\/assets.urban-vpn.com\/wp-content\/uploads\/2023\/02\/03121456\/logo.svg\",\"contentUrl\":\"https:\/\/assets.urban-vpn.com\/wp-content\/uploads\/2023\/02\/03121456\/logo.svg\",\"width\":120,\"height\":23,\"caption\":\"| Urban VPN\"},\"image\":{\"@id\":\"https:\/\/www.urban-vpn.com\/fr\/#\/schema\/logo\/image\/\"}}]}<\/script>\n<!-- \/ Yoast SEO plugin. -->","yoast_head_json":{"title":"Emplacements des serveurs | Urban VPN","description":"UrbanVPN est le plus vaste r\u00e9seau d\u2019internautes anonymes au monde. Notre portefeuille de fonctions avanc\u00e9es inclut un large \u00e9ventail d\u2019emplacements, lire ici!","robots":{"index":"index","follow":"follow","max-snippet":"max-snippet:-1","max-image-preview":"max-image-preview:large","max-video-preview":"max-video-preview:-1"},"canonical":"https:\/\/www.urban-vpn.com\/fr\/features\/server-locations\/","og_locale":"fr_FR","og_type":"article","og_title":"Emplacements des serveurs | Urban VPN","og_description":"UrbanVPN est le plus vaste r\u00e9seau d\u2019internautes anonymes au monde. Notre portefeuille de fonctions avanc\u00e9es inclut un large \u00e9ventail d\u2019emplacements, lire ici!","og_url":"https:\/\/www.urban-vpn.com\/fr\/features\/server-locations\/","og_site_name":"| Urban VPN","article_modified_time":"2023-04-01T18:44:15+00:00","twitter_card":"summary_large_image","twitter_misc":{"Dur\u00e9e de lecture estim\u00e9e":"3 minutes"},"schema":{"@context":"https:\/\/schema.org","@graph":[{"@type":"WebPage","@id":"https:\/\/www.urban-vpn.com\/fr\/features\/server-locations\/","url":"https:\/\/www.urban-vpn.com\/fr\/features\/server-locations\/","name":"Emplacements des serveurs | Urban VPN","isPartOf":{"@id":"https:\/\/www.urban-vpn.com\/fr\/#website"},"datePublished":"2023-01-27T16:16:00+00:00","dateModified":"2023-04-01T18:44:15+00:00","description":"UrbanVPN est le plus vaste r\u00e9seau d\u2019internautes anonymes au monde. Notre portefeuille de fonctions avanc\u00e9es inclut un large \u00e9ventail d\u2019emplacements, lire ici!","breadcrumb":{"@id":"https:\/\/www.urban-vpn.com\/fr\/features\/server-locations\/#breadcrumb"},"inLanguage":"fr-FR","potentialAction":[{"@type":"ReadAction","target":["https:\/\/www.urban-vpn.com\/fr\/features\/server-locations\/"]}]},{"@type":"BreadcrumbList","@id":"https:\/\/www.urban-vpn.com\/fr\/features\/server-locations\/#breadcrumb","itemListElement":[{"@type":"ListItem","position":1,"name":"Home","item":"https:\/\/www.urban-vpn.com\/fr\/"},{"@type":"ListItem","position":2,"name":"Fonctionnalit\u00e9s","item":"https:\/\/www.urban-vpn.com\/fr\/features\/"},{"@type":"ListItem","position":3,"name":"Emplacements des serveurs"}]},{"@type":"WebSite","@id":"https:\/\/www.urban-vpn.com\/fr\/#website","url":"https:\/\/www.urban-vpn.com\/fr\/","name":"| Urban VPN","description":"Urban VPN","publisher":{"@id":"https:\/\/www.urban-vpn.com\/fr\/#organization"},"inLanguage":"fr-FR"},{"@type":"Organization","@id":"https:\/\/www.urban-vpn.com\/fr\/#organization","name":"| Urban VPN","url":"https:\/\/www.urban-vpn.com\/fr\/","logo":{"@type":"ImageObject","inLanguage":"fr-FR","@id":"https:\/\/www.urban-vpn.com\/fr\/#\/schema\/logo\/image\/","url":"https:\/\/assets.urban-vpn.com\/wp-content\/uploads\/2023\/02\/03121456\/logo.svg","contentUrl":"https:\/\/assets.urban-vpn.com\/wp-content\/uploads\/2023\/02\/03121456\/logo.svg","width":120,"height":23,"caption":"| Urban VPN"},"image":{"@id":"https:\/\/www.urban-vpn.com\/fr\/#\/schema\/logo\/image\/"}}]}},"_links":{"self":[{"href":"https:\/\/www.urban-vpn.com\/fr\/wp-json\/wp\/v2\/pages\/807","targetHints":{"allow":["GET"]}}],"collection":[{"href":"https:\/\/www.urban-vpn.com\/fr\/wp-json\/wp\/v2\/pages"}],"about":[{"href":"https:\/\/www.urban-vpn.com\/fr\/wp-json\/wp\/v2\/types\/page"}],"author":[{"embeddable":true,"href":"https:\/\/www.urban-vpn.com\/fr\/wp-json\/wp\/v2\/users\/3"}],"replies":[{"embeddable":true,"href":"https:\/\/www.urban-vpn.com\/fr\/wp-json\/wp\/v2\/comments?post=807"}],"version-history":[{"count":0,"href":"https:\/\/www.urban-vpn.com\/fr\/wp-json\/wp\/v2\/pages\/807\/revisions"}],"up":[{"embeddable":true,"href":"https:\/\/www.urban-vpn.com\/fr\/wp-json\/wp\/v2\/pages\/804"}],"wp:attachment":[{"href":"https:\/\/www.urban-vpn.com\/fr\/wp-json\/wp\/v2\/media?parent=807"}],"curies":[{"name":"wp","href":"https:\/\/api.w.org\/{rel}","templated":true}]}}