{"id":12547,"date":"2023-02-13T12:48:30","date_gmt":"2023-02-13T12:48:30","guid":{"rendered":"https:\/\/www.urban-vpn.com\/features\/unlimited-vpn\/"},"modified":"2024-12-29T11:58:27","modified_gmt":"2024-12-29T11:58:27","slug":"unlimited-vpn","status":"publish","type":"page","link":"https:\/\/www.urban-vpn.com\/fr\/features\/unlimited-vpn\/","title":{"rendered":"VPN illimit\u00e9"},"content":{"rendered":"<blockquote class=\"wp-embedded-content\" data-secret=\"3dSnnyujdL\"><p><a href=\"https:\/\/www.urban-vpn.com\/ja\/features\/unlimited-devices\/\">Unlimited Devices<\/a><\/p><\/blockquote>\n<p><iframe loading=\"lazy\" class=\"wp-embedded-content\" sandbox=\"allow-scripts\" security=\"restricted\" style=\"position: absolute; visibility: hidden;\" title=\"&#8220;Unlimited Devices&#8221; &#8212; | Urban VPN\" src=\"https:\/\/www.urban-vpn.com\/ja\/features\/unlimited-devices\/embed\/#?secret=Ecrbn1ePeo#?secret=3dSnnyujdL\" data-secret=\"3dSnnyujdL\" width=\"500\" height=\"282\" frameborder=\"0\" marginwidth=\"0\" marginheight=\"0\" scrolling=\"no\"><\/iframe><\/p>\n","protected":false},"excerpt":{"rendered":"<p>Unlimited Devices<\/p>\n","protected":false},"author":3,"featured_media":0,"parent":804,"menu_order":0,"comment_status":"closed","ping_status":"closed","template":"features\/unlimited_vpn.php","meta":{"_acf_changed":false,"footnotes":""},"class_list":["post-12547","page","type-page","status-publish","hentry"],"acf":[],"yoast_head":"<!-- This site is optimized with the Yoast SEO plugin v26.6 - https:\/\/yoast.com\/wordpress\/plugins\/seo\/ -->\n<title>VPN illimit\u00e9 | | Urban VPN<\/title>\n<meta name=\"description\" content=\"\u00c0 la recherche d&#039;une protection et de performances c\u00e9l\u00e8bres gratuitement - VPN urbain en d\u00e9placement!\" \/>\n<meta name=\"robots\" content=\"index, follow, max-snippet:-1, max-image-preview:large, max-video-preview:-1\" \/>\n<link rel=\"canonical\" href=\"https:\/\/www.urban-vpn.com\/fr\/features\/unlimited-vpn\/\" \/>\n<meta property=\"og:locale\" content=\"fr_FR\" \/>\n<meta property=\"og:type\" content=\"article\" \/>\n<meta property=\"og:title\" content=\"VPN illimit\u00e9 | | Urban VPN\" \/>\n<meta property=\"og:description\" content=\"\u00c0 la recherche d&#039;une protection et de performances c\u00e9l\u00e8bres gratuitement - VPN urbain en d\u00e9placement!\" \/>\n<meta property=\"og:url\" content=\"https:\/\/www.urban-vpn.com\/fr\/features\/unlimited-vpn\/\" \/>\n<meta property=\"og:site_name\" content=\"| Urban VPN\" \/>\n<meta property=\"article:modified_time\" content=\"2024-12-29T11:58:27+00:00\" \/>\n<meta name=\"twitter:card\" content=\"summary_large_image\" \/>\n<meta name=\"twitter:label1\" content=\"Dur\u00e9e de lecture estim\u00e9e\" \/>\n\t<meta name=\"twitter:data1\" content=\"1 minute\" \/>\n<script type=\"application\/ld+json\" class=\"yoast-schema-graph\">{\"@context\":\"https:\/\/schema.org\",\"@graph\":[{\"@type\":\"WebPage\",\"@id\":\"https:\/\/www.urban-vpn.com\/fr\/features\/unlimited-vpn\/\",\"url\":\"https:\/\/www.urban-vpn.com\/fr\/features\/unlimited-vpn\/\",\"name\":\"VPN illimit\u00e9 | | Urban VPN\",\"isPartOf\":{\"@id\":\"https:\/\/www.urban-vpn.com\/fr\/#website\"},\"datePublished\":\"2023-02-13T12:48:30+00:00\",\"dateModified\":\"2024-12-29T11:58:27+00:00\",\"description\":\"\u00c0 la recherche d'une protection et de performances c\u00e9l\u00e8bres gratuitement - VPN urbain en d\u00e9placement!\",\"breadcrumb\":{\"@id\":\"https:\/\/www.urban-vpn.com\/fr\/features\/unlimited-vpn\/#breadcrumb\"},\"inLanguage\":\"fr-FR\",\"potentialAction\":[{\"@type\":\"ReadAction\",\"target\":[\"https:\/\/www.urban-vpn.com\/fr\/features\/unlimited-vpn\/\"]}]},{\"@type\":\"BreadcrumbList\",\"@id\":\"https:\/\/www.urban-vpn.com\/fr\/features\/unlimited-vpn\/#breadcrumb\",\"itemListElement\":[{\"@type\":\"ListItem\",\"position\":1,\"name\":\"Home\",\"item\":\"https:\/\/www.urban-vpn.com\/fr\/\"},{\"@type\":\"ListItem\",\"position\":2,\"name\":\"Fonctionnalit\u00e9s\",\"item\":\"https:\/\/www.urban-vpn.com\/fr\/features\/\"},{\"@type\":\"ListItem\",\"position\":3,\"name\":\"VPN illimit\u00e9\"}]},{\"@type\":\"WebSite\",\"@id\":\"https:\/\/www.urban-vpn.com\/fr\/#website\",\"url\":\"https:\/\/www.urban-vpn.com\/fr\/\",\"name\":\"| Urban VPN\",\"description\":\"Urban VPN\",\"publisher\":{\"@id\":\"https:\/\/www.urban-vpn.com\/fr\/#organization\"},\"inLanguage\":\"fr-FR\"},{\"@type\":\"Organization\",\"@id\":\"https:\/\/www.urban-vpn.com\/fr\/#organization\",\"name\":\"| Urban VPN\",\"url\":\"https:\/\/www.urban-vpn.com\/fr\/\",\"logo\":{\"@type\":\"ImageObject\",\"inLanguage\":\"fr-FR\",\"@id\":\"https:\/\/www.urban-vpn.com\/fr\/#\/schema\/logo\/image\/\",\"url\":\"https:\/\/assets.urban-vpn.com\/wp-content\/uploads\/2023\/02\/03121456\/logo.svg\",\"contentUrl\":\"https:\/\/assets.urban-vpn.com\/wp-content\/uploads\/2023\/02\/03121456\/logo.svg\",\"width\":120,\"height\":23,\"caption\":\"| Urban VPN\"},\"image\":{\"@id\":\"https:\/\/www.urban-vpn.com\/fr\/#\/schema\/logo\/image\/\"}}]}<\/script>\n<!-- \/ Yoast SEO plugin. -->","yoast_head_json":{"title":"VPN illimit\u00e9 | | Urban VPN","description":"\u00c0 la recherche d'une protection et de performances c\u00e9l\u00e8bres gratuitement - VPN urbain en d\u00e9placement!","robots":{"index":"index","follow":"follow","max-snippet":"max-snippet:-1","max-image-preview":"max-image-preview:large","max-video-preview":"max-video-preview:-1"},"canonical":"https:\/\/www.urban-vpn.com\/fr\/features\/unlimited-vpn\/","og_locale":"fr_FR","og_type":"article","og_title":"VPN illimit\u00e9 | | Urban VPN","og_description":"\u00c0 la recherche d'une protection et de performances c\u00e9l\u00e8bres gratuitement - VPN urbain en d\u00e9placement!","og_url":"https:\/\/www.urban-vpn.com\/fr\/features\/unlimited-vpn\/","og_site_name":"| Urban VPN","article_modified_time":"2024-12-29T11:58:27+00:00","twitter_card":"summary_large_image","twitter_misc":{"Dur\u00e9e de lecture estim\u00e9e":"1 minute"},"schema":{"@context":"https:\/\/schema.org","@graph":[{"@type":"WebPage","@id":"https:\/\/www.urban-vpn.com\/fr\/features\/unlimited-vpn\/","url":"https:\/\/www.urban-vpn.com\/fr\/features\/unlimited-vpn\/","name":"VPN illimit\u00e9 | | Urban VPN","isPartOf":{"@id":"https:\/\/www.urban-vpn.com\/fr\/#website"},"datePublished":"2023-02-13T12:48:30+00:00","dateModified":"2024-12-29T11:58:27+00:00","description":"\u00c0 la recherche d'une protection et de performances c\u00e9l\u00e8bres gratuitement - VPN urbain en d\u00e9placement!","breadcrumb":{"@id":"https:\/\/www.urban-vpn.com\/fr\/features\/unlimited-vpn\/#breadcrumb"},"inLanguage":"fr-FR","potentialAction":[{"@type":"ReadAction","target":["https:\/\/www.urban-vpn.com\/fr\/features\/unlimited-vpn\/"]}]},{"@type":"BreadcrumbList","@id":"https:\/\/www.urban-vpn.com\/fr\/features\/unlimited-vpn\/#breadcrumb","itemListElement":[{"@type":"ListItem","position":1,"name":"Home","item":"https:\/\/www.urban-vpn.com\/fr\/"},{"@type":"ListItem","position":2,"name":"Fonctionnalit\u00e9s","item":"https:\/\/www.urban-vpn.com\/fr\/features\/"},{"@type":"ListItem","position":3,"name":"VPN illimit\u00e9"}]},{"@type":"WebSite","@id":"https:\/\/www.urban-vpn.com\/fr\/#website","url":"https:\/\/www.urban-vpn.com\/fr\/","name":"| Urban VPN","description":"Urban VPN","publisher":{"@id":"https:\/\/www.urban-vpn.com\/fr\/#organization"},"inLanguage":"fr-FR"},{"@type":"Organization","@id":"https:\/\/www.urban-vpn.com\/fr\/#organization","name":"| Urban VPN","url":"https:\/\/www.urban-vpn.com\/fr\/","logo":{"@type":"ImageObject","inLanguage":"fr-FR","@id":"https:\/\/www.urban-vpn.com\/fr\/#\/schema\/logo\/image\/","url":"https:\/\/assets.urban-vpn.com\/wp-content\/uploads\/2023\/02\/03121456\/logo.svg","contentUrl":"https:\/\/assets.urban-vpn.com\/wp-content\/uploads\/2023\/02\/03121456\/logo.svg","width":120,"height":23,"caption":"| Urban VPN"},"image":{"@id":"https:\/\/www.urban-vpn.com\/fr\/#\/schema\/logo\/image\/"}}]}},"_links":{"self":[{"href":"https:\/\/www.urban-vpn.com\/fr\/wp-json\/wp\/v2\/pages\/12547","targetHints":{"allow":["GET"]}}],"collection":[{"href":"https:\/\/www.urban-vpn.com\/fr\/wp-json\/wp\/v2\/pages"}],"about":[{"href":"https:\/\/www.urban-vpn.com\/fr\/wp-json\/wp\/v2\/types\/page"}],"author":[{"embeddable":true,"href":"https:\/\/www.urban-vpn.com\/fr\/wp-json\/wp\/v2\/users\/3"}],"replies":[{"embeddable":true,"href":"https:\/\/www.urban-vpn.com\/fr\/wp-json\/wp\/v2\/comments?post=12547"}],"version-history":[{"count":2,"href":"https:\/\/www.urban-vpn.com\/fr\/wp-json\/wp\/v2\/pages\/12547\/revisions"}],"predecessor-version":[{"id":51458,"href":"https:\/\/www.urban-vpn.com\/fr\/wp-json\/wp\/v2\/pages\/12547\/revisions\/51458"}],"up":[{"embeddable":true,"href":"https:\/\/www.urban-vpn.com\/fr\/wp-json\/wp\/v2\/pages\/804"}],"wp:attachment":[{"href":"https:\/\/www.urban-vpn.com\/fr\/wp-json\/wp\/v2\/media?parent=12547"}],"curies":[{"name":"wp","href":"https:\/\/api.w.org\/{rel}","templated":true}]}}