{"id":16665,"date":"2023-01-27T16:16:07","date_gmt":"2023-01-27T16:16:07","guid":{"rendered":"https:\/\/www.urban-vpn.com\/free-products\/free-sports-streaming-vpn\/nhl-streaming-vpn\/"},"modified":"2024-12-23T10:11:29","modified_gmt":"2024-12-23T10:11:29","slug":"nhl-streaming-vpn","status":"publish","type":"page","link":"https:\/\/www.urban-vpn.com\/fi\/free-products\/free-sports-streaming-vpn\/nhl-streaming-vpn\/","title":{"rendered":"NHL Streaming VPN"},"content":{"rendered":"","protected":false},"excerpt":{"rendered":"","protected":false},"author":3,"featured_media":55208,"parent":16635,"menu_order":0,"comment_status":"open","ping_status":"closed","template":"products\/streaming.php","meta":{"_acf_changed":false,"footnotes":""},"class_list":["post-16665","page","type-page","status-publish","has-post-thumbnail","hentry"],"acf":[],"yoast_head":"<!-- This site is optimized with the Yoast SEO plugin v26.6 - https:\/\/yoast.com\/wordpress\/plugins\/seo\/ -->\n<title>NHL Streaming VPN | Urban VPN<\/title>\n<meta name=\"description\" content=\"Paras ilmainen NHL-striimaus UrbanVPN:lt\u00e4. Vallankumouksellinen IP:n jakava VPN-laajennus NHL:n suoratoistoon p\u00e4\u00e4semiseksi - Katso j\u00e4\u00e4kiekkoa liven\u00e4 ilmaiseksi!\" \/>\n<meta name=\"robots\" content=\"index, follow, max-snippet:-1, max-image-preview:large, max-video-preview:-1\" \/>\n<link rel=\"canonical\" href=\"https:\/\/www.urban-vpn.com\/fi\/free-products\/free-sports-streaming-vpn\/nhl-streaming-vpn\/\" \/>\n<meta property=\"og:locale\" content=\"fi_FI\" \/>\n<meta property=\"og:type\" content=\"article\" \/>\n<meta property=\"og:title\" content=\"NHL Streaming VPN | Urban VPN\" \/>\n<meta property=\"og:description\" content=\"Paras ilmainen NHL-striimaus UrbanVPN:lt\u00e4. Vallankumouksellinen IP:n jakava VPN-laajennus NHL:n suoratoistoon p\u00e4\u00e4semiseksi - Katso j\u00e4\u00e4kiekkoa liven\u00e4 ilmaiseksi!\" \/>\n<meta property=\"og:url\" content=\"https:\/\/www.urban-vpn.com\/fi\/free-products\/free-sports-streaming-vpn\/nhl-streaming-vpn\/\" \/>\n<meta property=\"og:site_name\" content=\"| Urban VPN\" \/>\n<meta property=\"article:modified_time\" content=\"2024-12-23T10:11:29+00:00\" \/>\n<meta property=\"og:image\" content=\"https:\/\/assets.urban-vpn.com\/wp-content\/uploads\/2023\/06\/14083136\/05-e1687256408584.webp\" \/>\n\t<meta property=\"og:image:width\" content=\"518\" \/>\n\t<meta property=\"og:image:height\" content=\"345\" \/>\n\t<meta property=\"og:image:type\" content=\"image\/webp\" \/>\n<meta name=\"twitter:card\" content=\"summary_large_image\" \/>\n<script type=\"application\/ld+json\" class=\"yoast-schema-graph\">{\"@context\":\"https:\/\/schema.org\",\"@graph\":[{\"@type\":\"WebPage\",\"@id\":\"https:\/\/www.urban-vpn.com\/fi\/free-products\/free-sports-streaming-vpn\/nhl-streaming-vpn\/\",\"url\":\"https:\/\/www.urban-vpn.com\/fi\/free-products\/free-sports-streaming-vpn\/nhl-streaming-vpn\/\",\"name\":\"NHL Streaming VPN | Urban VPN\",\"isPartOf\":{\"@id\":\"https:\/\/www.urban-vpn.com\/fi\/#website\"},\"primaryImageOfPage\":{\"@id\":\"https:\/\/www.urban-vpn.com\/fi\/free-products\/free-sports-streaming-vpn\/nhl-streaming-vpn\/#primaryimage\"},\"image\":{\"@id\":\"https:\/\/www.urban-vpn.com\/fi\/free-products\/free-sports-streaming-vpn\/nhl-streaming-vpn\/#primaryimage\"},\"thumbnailUrl\":\"https:\/\/www.urban-vpn.com\/wp-content\/uploads\/2025\/04\/nhl.png\",\"datePublished\":\"2023-01-27T16:16:07+00:00\",\"dateModified\":\"2024-12-23T10:11:29+00:00\",\"description\":\"Paras ilmainen NHL-striimaus UrbanVPN:lt\u00e4. Vallankumouksellinen IP:n jakava VPN-laajennus NHL:n suoratoistoon p\u00e4\u00e4semiseksi - Katso j\u00e4\u00e4kiekkoa liven\u00e4 ilmaiseksi!\",\"breadcrumb\":{\"@id\":\"https:\/\/www.urban-vpn.com\/fi\/free-products\/free-sports-streaming-vpn\/nhl-streaming-vpn\/#breadcrumb\"},\"inLanguage\":\"fi\",\"potentialAction\":[{\"@type\":\"ReadAction\",\"target\":[\"https:\/\/www.urban-vpn.com\/fi\/free-products\/free-sports-streaming-vpn\/nhl-streaming-vpn\/\"]}]},{\"@type\":\"ImageObject\",\"inLanguage\":\"fi\",\"@id\":\"https:\/\/www.urban-vpn.com\/fi\/free-products\/free-sports-streaming-vpn\/nhl-streaming-vpn\/#primaryimage\",\"url\":\"https:\/\/www.urban-vpn.com\/wp-content\/uploads\/2025\/04\/nhl.png\",\"contentUrl\":\"https:\/\/www.urban-vpn.com\/wp-content\/uploads\/2025\/04\/nhl.png\",\"width\":521,\"height\":348},{\"@type\":\"BreadcrumbList\",\"@id\":\"https:\/\/www.urban-vpn.com\/fi\/free-products\/free-sports-streaming-vpn\/nhl-streaming-vpn\/#breadcrumb\",\"itemListElement\":[{\"@type\":\"ListItem\",\"position\":1,\"name\":\"Home\",\"item\":\"https:\/\/www.urban-vpn.com\/fi\/\"},{\"@type\":\"ListItem\",\"position\":2,\"name\":\"Tuotteet\",\"item\":\"https:\/\/www.urban-vpn.com\/fi\/free-products\/\"},{\"@type\":\"ListItem\",\"position\":3,\"name\":\"Ilmainen urheilun suoratoisto VPN\",\"item\":\"https:\/\/www.urban-vpn.com\/fi\/free-products\/free-sports-streaming-vpn\/\"},{\"@type\":\"ListItem\",\"position\":4,\"name\":\"NHL Streaming VPN\"}]},{\"@type\":\"WebSite\",\"@id\":\"https:\/\/www.urban-vpn.com\/fi\/#website\",\"url\":\"https:\/\/www.urban-vpn.com\/fi\/\",\"name\":\"| Urban VPN\",\"description\":\"Urban VPN\",\"publisher\":{\"@id\":\"https:\/\/www.urban-vpn.com\/fi\/#organization\"},\"inLanguage\":\"fi\"},{\"@type\":\"Organization\",\"@id\":\"https:\/\/www.urban-vpn.com\/fi\/#organization\",\"name\":\"| Urban VPN\",\"url\":\"https:\/\/www.urban-vpn.com\/fi\/\",\"logo\":{\"@type\":\"ImageObject\",\"inLanguage\":\"fi\",\"@id\":\"https:\/\/www.urban-vpn.com\/fi\/#\/schema\/logo\/image\/\",\"url\":\"https:\/\/assets.urban-vpn.com\/wp-content\/uploads\/2023\/02\/03121456\/logo.svg\",\"contentUrl\":\"https:\/\/assets.urban-vpn.com\/wp-content\/uploads\/2023\/02\/03121456\/logo.svg\",\"width\":120,\"height\":23,\"caption\":\"| Urban VPN\"},\"image\":{\"@id\":\"https:\/\/www.urban-vpn.com\/fi\/#\/schema\/logo\/image\/\"}}]}<\/script>\n<!-- \/ Yoast SEO plugin. -->","yoast_head_json":{"title":"NHL Streaming VPN | Urban VPN","description":"Paras ilmainen NHL-striimaus UrbanVPN:lt\u00e4. Vallankumouksellinen IP:n jakava VPN-laajennus NHL:n suoratoistoon p\u00e4\u00e4semiseksi - Katso j\u00e4\u00e4kiekkoa liven\u00e4 ilmaiseksi!","robots":{"index":"index","follow":"follow","max-snippet":"max-snippet:-1","max-image-preview":"max-image-preview:large","max-video-preview":"max-video-preview:-1"},"canonical":"https:\/\/www.urban-vpn.com\/fi\/free-products\/free-sports-streaming-vpn\/nhl-streaming-vpn\/","og_locale":"fi_FI","og_type":"article","og_title":"NHL Streaming VPN | Urban VPN","og_description":"Paras ilmainen NHL-striimaus UrbanVPN:lt\u00e4. Vallankumouksellinen IP:n jakava VPN-laajennus NHL:n suoratoistoon p\u00e4\u00e4semiseksi - Katso j\u00e4\u00e4kiekkoa liven\u00e4 ilmaiseksi!","og_url":"https:\/\/www.urban-vpn.com\/fi\/free-products\/free-sports-streaming-vpn\/nhl-streaming-vpn\/","og_site_name":"| Urban VPN","article_modified_time":"2024-12-23T10:11:29+00:00","og_image":[{"width":518,"height":345,"url":"https:\/\/assets.urban-vpn.com\/wp-content\/uploads\/2023\/06\/14083136\/05-e1687256408584.webp","type":"image\/webp"}],"twitter_card":"summary_large_image","schema":{"@context":"https:\/\/schema.org","@graph":[{"@type":"WebPage","@id":"https:\/\/www.urban-vpn.com\/fi\/free-products\/free-sports-streaming-vpn\/nhl-streaming-vpn\/","url":"https:\/\/www.urban-vpn.com\/fi\/free-products\/free-sports-streaming-vpn\/nhl-streaming-vpn\/","name":"NHL Streaming VPN | Urban VPN","isPartOf":{"@id":"https:\/\/www.urban-vpn.com\/fi\/#website"},"primaryImageOfPage":{"@id":"https:\/\/www.urban-vpn.com\/fi\/free-products\/free-sports-streaming-vpn\/nhl-streaming-vpn\/#primaryimage"},"image":{"@id":"https:\/\/www.urban-vpn.com\/fi\/free-products\/free-sports-streaming-vpn\/nhl-streaming-vpn\/#primaryimage"},"thumbnailUrl":"https:\/\/www.urban-vpn.com\/wp-content\/uploads\/2025\/04\/nhl.png","datePublished":"2023-01-27T16:16:07+00:00","dateModified":"2024-12-23T10:11:29+00:00","description":"Paras ilmainen NHL-striimaus UrbanVPN:lt\u00e4. Vallankumouksellinen IP:n jakava VPN-laajennus NHL:n suoratoistoon p\u00e4\u00e4semiseksi - Katso j\u00e4\u00e4kiekkoa liven\u00e4 ilmaiseksi!","breadcrumb":{"@id":"https:\/\/www.urban-vpn.com\/fi\/free-products\/free-sports-streaming-vpn\/nhl-streaming-vpn\/#breadcrumb"},"inLanguage":"fi","potentialAction":[{"@type":"ReadAction","target":["https:\/\/www.urban-vpn.com\/fi\/free-products\/free-sports-streaming-vpn\/nhl-streaming-vpn\/"]}]},{"@type":"ImageObject","inLanguage":"fi","@id":"https:\/\/www.urban-vpn.com\/fi\/free-products\/free-sports-streaming-vpn\/nhl-streaming-vpn\/#primaryimage","url":"https:\/\/www.urban-vpn.com\/wp-content\/uploads\/2025\/04\/nhl.png","contentUrl":"https:\/\/www.urban-vpn.com\/wp-content\/uploads\/2025\/04\/nhl.png","width":521,"height":348},{"@type":"BreadcrumbList","@id":"https:\/\/www.urban-vpn.com\/fi\/free-products\/free-sports-streaming-vpn\/nhl-streaming-vpn\/#breadcrumb","itemListElement":[{"@type":"ListItem","position":1,"name":"Home","item":"https:\/\/www.urban-vpn.com\/fi\/"},{"@type":"ListItem","position":2,"name":"Tuotteet","item":"https:\/\/www.urban-vpn.com\/fi\/free-products\/"},{"@type":"ListItem","position":3,"name":"Ilmainen urheilun suoratoisto VPN","item":"https:\/\/www.urban-vpn.com\/fi\/free-products\/free-sports-streaming-vpn\/"},{"@type":"ListItem","position":4,"name":"NHL Streaming VPN"}]},{"@type":"WebSite","@id":"https:\/\/www.urban-vpn.com\/fi\/#website","url":"https:\/\/www.urban-vpn.com\/fi\/","name":"| Urban VPN","description":"Urban VPN","publisher":{"@id":"https:\/\/www.urban-vpn.com\/fi\/#organization"},"inLanguage":"fi"},{"@type":"Organization","@id":"https:\/\/www.urban-vpn.com\/fi\/#organization","name":"| Urban VPN","url":"https:\/\/www.urban-vpn.com\/fi\/","logo":{"@type":"ImageObject","inLanguage":"fi","@id":"https:\/\/www.urban-vpn.com\/fi\/#\/schema\/logo\/image\/","url":"https:\/\/assets.urban-vpn.com\/wp-content\/uploads\/2023\/02\/03121456\/logo.svg","contentUrl":"https:\/\/assets.urban-vpn.com\/wp-content\/uploads\/2023\/02\/03121456\/logo.svg","width":120,"height":23,"caption":"| Urban VPN"},"image":{"@id":"https:\/\/www.urban-vpn.com\/fi\/#\/schema\/logo\/image\/"}}]}},"_links":{"self":[{"href":"https:\/\/www.urban-vpn.com\/fi\/wp-json\/wp\/v2\/pages\/16665","targetHints":{"allow":["GET"]}}],"collection":[{"href":"https:\/\/www.urban-vpn.com\/fi\/wp-json\/wp\/v2\/pages"}],"about":[{"href":"https:\/\/www.urban-vpn.com\/fi\/wp-json\/wp\/v2\/types\/page"}],"author":[{"embeddable":true,"href":"https:\/\/www.urban-vpn.com\/fi\/wp-json\/wp\/v2\/users\/3"}],"replies":[{"embeddable":true,"href":"https:\/\/www.urban-vpn.com\/fi\/wp-json\/wp\/v2\/comments?post=16665"}],"version-history":[{"count":2,"href":"https:\/\/www.urban-vpn.com\/fi\/wp-json\/wp\/v2\/pages\/16665\/revisions"}],"predecessor-version":[{"id":22549,"href":"https:\/\/www.urban-vpn.com\/fi\/wp-json\/wp\/v2\/pages\/16665\/revisions\/22549"}],"up":[{"embeddable":true,"href":"https:\/\/www.urban-vpn.com\/fi\/wp-json\/wp\/v2\/pages\/16635"}],"wp:featuredmedia":[{"embeddable":true,"href":"https:\/\/www.urban-vpn.com\/fi\/wp-json\/wp\/v2\/media\/55208"}],"wp:attachment":[{"href":"https:\/\/www.urban-vpn.com\/fi\/wp-json\/wp\/v2\/media?parent=16665"}],"curies":[{"name":"wp","href":"https:\/\/api.w.org\/{rel}","templated":true}]}}