{"id":16537,"date":"2023-01-27T16:16:00","date_gmt":"2023-01-27T16:16:00","guid":{"rendered":"https:\/\/www.urban-vpn.com\/features\/server-locations\/"},"modified":"2023-05-29T16:59:03","modified_gmt":"2023-05-29T16:59:03","slug":"server-locations","status":"publish","type":"page","link":"https:\/\/www.urban-vpn.com\/fi\/features\/server-locations\/","title":{"rendered":"Palvelinten sijainnit"},"content":{"rendered":"<h2 id=\"heading-1\">Miksi palvelimen sijainnilla on merkityst\u00e4?<\/h2>\n<p>Internet on l\u00e4hes v\u00e4lit\u00f6n ja vaikuttaa maagisen nopealta. Itse asiassa Twitteriss\u00e4 surffatessasi tai Netflix-sarjaa katsoessasi k\u00e4ytt\u00e4m\u00e4si data on sit\u00e4 hitaampaa, mit\u00e4 kauempana olet palvelimesta, joka sen l\u00e4hett\u00e4\u00e4. T\u00e4m\u00e4 johtuu kahdesta p\u00e4\u00e4tekij\u00e4st\u00e4. Ensimm\u00e4inen on se, ett\u00e4 data kulkee fyysisiss\u00e4 johdoissa, eik\u00e4 se voi kulkea tietty\u00e4 nopeutta nopeammin. Toinen ja t\u00e4rke\u00e4mpi tekij\u00e4 on se, ett\u00e4 kaukana sijaitseviin paikkoihin on yleens\u00e4 kytketty v\u00e4hemm\u00e4n nopeita datajohtoja, ja datan on kuljettava useampien pys\u00e4hdysten kautta matkalla. T\u00e4m\u00e4 on aivan kuin paketti postipalvelussa &#8211; jonkin asian l\u00e4hett\u00e4minen kaukaiseen paikkaan edellytt\u00e4\u00e4 useampia jakelukeskuksia, jotka ker\u00e4\u00e4v\u00e4t paketit kyseisell\u00e4 alueella ja l\u00e4hett\u00e4v\u00e4t ne pienemmill\u00e4 kuorma-autoilla teiden kautta, jotka eiv\u00e4t aina ole yht\u00e4 hyvi\u00e4 kuin suuria kaupunkeja yhdist\u00e4v\u00e4t p\u00e4\u00e4v\u00e4yl\u00e4t.<\/p>\n<p>Internet-ohjelmistoyritykset pyrkiv\u00e4t aina tarjoamaan k\u00e4ytt\u00e4jilleen parhaan ja nopeimman mahdollisen kokemuksen. Niinp\u00e4 esimerkiksi Spotifylla on eritt\u00e4in nopeita palvelimia suurissa kaupungeissa tai niiden l\u00e4hell\u00e4.<\/p>\n<p><img decoding=\"async\" src=\"images\/section\/server\/1.png\" alt=\"\" \/><\/p>\n<h2 id=\"heading-2\">\u00c4l\u00e4 tyydy v\u00e4hemp\u00e4\u00e4n kuin eturivin lippuihin<\/h2>\n<p>Kun ostat lipun paikalliseen elokuvateatteriin tai teatteriin, valitset aina l\u00e4himm\u00e4t ja parhaat mahdolliset liput. Miksi tekisit kompromisseja lippujen suhteen verkkopalveluissa, joita k\u00e4yt\u00e4t p\u00e4ivitt\u00e4in?<\/p>\n<h2 id=\"heading-3\">Hidas VPN vs. nopea VPN<\/h2>\n<p>Kuvittele, ett\u00e4 k\u00e4yt\u00e4t VPN:\u00e4\u00e4 Spotifyn kuunteluun. Olet l\u00f6yt\u00e4nyt juuri sen musiikin, jota haluat kuulla, rentoudut ja laitat kuulokkeet p\u00e4\u00e4h\u00e4si. Sitten huomaat, ett\u00e4 kaikki kuuntelemasi musiikki alkaa kuristua ja jokainen kappale pys\u00e4htyy niin monta kertaa. Kuinka turhauttavaa se olisi? Hidas VPN, jonka palvelin sijaitsee huonossa paikassa, on kuin palaisi ajassa taaksep\u00e4in 90-luvulle ja tajuaisi j\u00e4lleen kerran, miten t\u00e4rke\u00e4\u00e4 nopea internet-yhteys on. Siksi yksi t\u00e4rkeimmist\u00e4 teht\u00e4vist\u00e4mme on saada sinut tuntemaan, ett\u00e4 voit vapaasti muodostaa yhteyden internetiin mist\u00e4 tahansa p\u00e4in maailmaa tahansa.<\/p>\n<p><img decoding=\"async\" src=\"images\/section\/server\/2.png\" alt=\"\" \/><\/p>\n","protected":false},"excerpt":{"rendered":"<p>Miksi palvelimen sijainnilla on merkityst\u00e4? Internet on l\u00e4hes v\u00e4lit\u00f6n ja vaikuttaa maagisen nopealta. Itse asiassa Twitteriss\u00e4 surffatessasi tai Netflix-sarjaa katsoessasi k\u00e4ytt\u00e4m\u00e4si data on sit\u00e4 hitaampaa, mit\u00e4 kauempana olet palvelimesta, joka sen l\u00e4hett\u00e4\u00e4. T\u00e4m\u00e4 johtuu kahdesta p\u00e4\u00e4tekij\u00e4st\u00e4. Ensimm\u00e4inen on se, ett\u00e4 data kulkee fyysisiss\u00e4 johdoissa, eik\u00e4 se voi kulkea tietty\u00e4 nopeutta nopeammin. Toinen ja t\u00e4rke\u00e4mpi tekij\u00e4 [&hellip;]<\/p>\n","protected":false},"author":3,"featured_media":0,"parent":13430,"menu_order":0,"comment_status":"closed","ping_status":"closed","template":"features\/server-locations.php","meta":{"_acf_changed":false,"footnotes":""},"class_list":["post-16537","page","type-page","status-publish","hentry"],"acf":[],"yoast_head":"<!-- This site is optimized with the Yoast SEO plugin v26.6 - https:\/\/yoast.com\/wordpress\/plugins\/seo\/ -->\n<title>Palvelinten sijainnit | Urban VPN<\/title>\n<meta name=\"description\" content=\"UrbanVPN on suurin maailmanlaajuinen anonyymien verkkok\u00e4ytt\u00e4jien verkosto. Alan johtaviin ominaisuuksiimme kuuluu laaja valikoima sijainteja, lue siit\u00e4 t\u00e4\u00e4lt\u00e4!\" \/>\n<meta name=\"robots\" content=\"index, follow, max-snippet:-1, max-image-preview:large, max-video-preview:-1\" \/>\n<link rel=\"canonical\" href=\"https:\/\/www.urban-vpn.com\/fi\/features\/server-locations\/\" \/>\n<meta property=\"og:locale\" content=\"fi_FI\" \/>\n<meta property=\"og:type\" content=\"article\" \/>\n<meta property=\"og:title\" content=\"Palvelinten sijainnit | Urban VPN\" \/>\n<meta property=\"og:description\" content=\"UrbanVPN on suurin maailmanlaajuinen anonyymien verkkok\u00e4ytt\u00e4jien verkosto. Alan johtaviin ominaisuuksiimme kuuluu laaja valikoima sijainteja, lue siit\u00e4 t\u00e4\u00e4lt\u00e4!\" \/>\n<meta property=\"og:url\" content=\"https:\/\/www.urban-vpn.com\/fi\/features\/server-locations\/\" \/>\n<meta property=\"og:site_name\" content=\"| Urban VPN\" \/>\n<meta property=\"article:modified_time\" content=\"2023-05-29T16:59:03+00:00\" \/>\n<meta name=\"twitter:card\" content=\"summary_large_image\" \/>\n<meta name=\"twitter:label1\" content=\"Arvioitu lukuaika\" \/>\n\t<meta name=\"twitter:data1\" content=\"2 minuuttia\" \/>\n<script type=\"application\/ld+json\" class=\"yoast-schema-graph\">{\"@context\":\"https:\/\/schema.org\",\"@graph\":[{\"@type\":\"WebPage\",\"@id\":\"https:\/\/www.urban-vpn.com\/fi\/features\/server-locations\/\",\"url\":\"https:\/\/www.urban-vpn.com\/fi\/features\/server-locations\/\",\"name\":\"Palvelinten sijainnit | Urban VPN\",\"isPartOf\":{\"@id\":\"https:\/\/www.urban-vpn.com\/fi\/#website\"},\"datePublished\":\"2023-01-27T16:16:00+00:00\",\"dateModified\":\"2023-05-29T16:59:03+00:00\",\"description\":\"UrbanVPN on suurin maailmanlaajuinen anonyymien verkkok\u00e4ytt\u00e4jien verkosto. Alan johtaviin ominaisuuksiimme kuuluu laaja valikoima sijainteja, lue siit\u00e4 t\u00e4\u00e4lt\u00e4!\",\"breadcrumb\":{\"@id\":\"https:\/\/www.urban-vpn.com\/fi\/features\/server-locations\/#breadcrumb\"},\"inLanguage\":\"fi\",\"potentialAction\":[{\"@type\":\"ReadAction\",\"target\":[\"https:\/\/www.urban-vpn.com\/fi\/features\/server-locations\/\"]}]},{\"@type\":\"BreadcrumbList\",\"@id\":\"https:\/\/www.urban-vpn.com\/fi\/features\/server-locations\/#breadcrumb\",\"itemListElement\":[{\"@type\":\"ListItem\",\"position\":1,\"name\":\"Home\",\"item\":\"https:\/\/www.urban-vpn.com\/fi\/\"},{\"@type\":\"ListItem\",\"position\":2,\"name\":\"Ominaisuudet\",\"item\":\"https:\/\/www.urban-vpn.com\/fi\/features\/\"},{\"@type\":\"ListItem\",\"position\":3,\"name\":\"Palvelinten sijainnit\"}]},{\"@type\":\"WebSite\",\"@id\":\"https:\/\/www.urban-vpn.com\/fi\/#website\",\"url\":\"https:\/\/www.urban-vpn.com\/fi\/\",\"name\":\"| Urban VPN\",\"description\":\"Urban VPN\",\"publisher\":{\"@id\":\"https:\/\/www.urban-vpn.com\/fi\/#organization\"},\"inLanguage\":\"fi\"},{\"@type\":\"Organization\",\"@id\":\"https:\/\/www.urban-vpn.com\/fi\/#organization\",\"name\":\"| Urban VPN\",\"url\":\"https:\/\/www.urban-vpn.com\/fi\/\",\"logo\":{\"@type\":\"ImageObject\",\"inLanguage\":\"fi\",\"@id\":\"https:\/\/www.urban-vpn.com\/fi\/#\/schema\/logo\/image\/\",\"url\":\"https:\/\/assets.urban-vpn.com\/wp-content\/uploads\/2023\/02\/03121456\/logo.svg\",\"contentUrl\":\"https:\/\/assets.urban-vpn.com\/wp-content\/uploads\/2023\/02\/03121456\/logo.svg\",\"width\":120,\"height\":23,\"caption\":\"| Urban VPN\"},\"image\":{\"@id\":\"https:\/\/www.urban-vpn.com\/fi\/#\/schema\/logo\/image\/\"}}]}<\/script>\n<!-- \/ Yoast SEO plugin. -->","yoast_head_json":{"title":"Palvelinten sijainnit | Urban VPN","description":"UrbanVPN on suurin maailmanlaajuinen anonyymien verkkok\u00e4ytt\u00e4jien verkosto. Alan johtaviin ominaisuuksiimme kuuluu laaja valikoima sijainteja, lue siit\u00e4 t\u00e4\u00e4lt\u00e4!","robots":{"index":"index","follow":"follow","max-snippet":"max-snippet:-1","max-image-preview":"max-image-preview:large","max-video-preview":"max-video-preview:-1"},"canonical":"https:\/\/www.urban-vpn.com\/fi\/features\/server-locations\/","og_locale":"fi_FI","og_type":"article","og_title":"Palvelinten sijainnit | Urban VPN","og_description":"UrbanVPN on suurin maailmanlaajuinen anonyymien verkkok\u00e4ytt\u00e4jien verkosto. Alan johtaviin ominaisuuksiimme kuuluu laaja valikoima sijainteja, lue siit\u00e4 t\u00e4\u00e4lt\u00e4!","og_url":"https:\/\/www.urban-vpn.com\/fi\/features\/server-locations\/","og_site_name":"| Urban VPN","article_modified_time":"2023-05-29T16:59:03+00:00","twitter_card":"summary_large_image","twitter_misc":{"Arvioitu lukuaika":"2 minuuttia"},"schema":{"@context":"https:\/\/schema.org","@graph":[{"@type":"WebPage","@id":"https:\/\/www.urban-vpn.com\/fi\/features\/server-locations\/","url":"https:\/\/www.urban-vpn.com\/fi\/features\/server-locations\/","name":"Palvelinten sijainnit | Urban VPN","isPartOf":{"@id":"https:\/\/www.urban-vpn.com\/fi\/#website"},"datePublished":"2023-01-27T16:16:00+00:00","dateModified":"2023-05-29T16:59:03+00:00","description":"UrbanVPN on suurin maailmanlaajuinen anonyymien verkkok\u00e4ytt\u00e4jien verkosto. Alan johtaviin ominaisuuksiimme kuuluu laaja valikoima sijainteja, lue siit\u00e4 t\u00e4\u00e4lt\u00e4!","breadcrumb":{"@id":"https:\/\/www.urban-vpn.com\/fi\/features\/server-locations\/#breadcrumb"},"inLanguage":"fi","potentialAction":[{"@type":"ReadAction","target":["https:\/\/www.urban-vpn.com\/fi\/features\/server-locations\/"]}]},{"@type":"BreadcrumbList","@id":"https:\/\/www.urban-vpn.com\/fi\/features\/server-locations\/#breadcrumb","itemListElement":[{"@type":"ListItem","position":1,"name":"Home","item":"https:\/\/www.urban-vpn.com\/fi\/"},{"@type":"ListItem","position":2,"name":"Ominaisuudet","item":"https:\/\/www.urban-vpn.com\/fi\/features\/"},{"@type":"ListItem","position":3,"name":"Palvelinten sijainnit"}]},{"@type":"WebSite","@id":"https:\/\/www.urban-vpn.com\/fi\/#website","url":"https:\/\/www.urban-vpn.com\/fi\/","name":"| Urban VPN","description":"Urban VPN","publisher":{"@id":"https:\/\/www.urban-vpn.com\/fi\/#organization"},"inLanguage":"fi"},{"@type":"Organization","@id":"https:\/\/www.urban-vpn.com\/fi\/#organization","name":"| Urban VPN","url":"https:\/\/www.urban-vpn.com\/fi\/","logo":{"@type":"ImageObject","inLanguage":"fi","@id":"https:\/\/www.urban-vpn.com\/fi\/#\/schema\/logo\/image\/","url":"https:\/\/assets.urban-vpn.com\/wp-content\/uploads\/2023\/02\/03121456\/logo.svg","contentUrl":"https:\/\/assets.urban-vpn.com\/wp-content\/uploads\/2023\/02\/03121456\/logo.svg","width":120,"height":23,"caption":"| Urban VPN"},"image":{"@id":"https:\/\/www.urban-vpn.com\/fi\/#\/schema\/logo\/image\/"}}]}},"_links":{"self":[{"href":"https:\/\/www.urban-vpn.com\/fi\/wp-json\/wp\/v2\/pages\/16537","targetHints":{"allow":["GET"]}}],"collection":[{"href":"https:\/\/www.urban-vpn.com\/fi\/wp-json\/wp\/v2\/pages"}],"about":[{"href":"https:\/\/www.urban-vpn.com\/fi\/wp-json\/wp\/v2\/types\/page"}],"author":[{"embeddable":true,"href":"https:\/\/www.urban-vpn.com\/fi\/wp-json\/wp\/v2\/users\/3"}],"replies":[{"embeddable":true,"href":"https:\/\/www.urban-vpn.com\/fi\/wp-json\/wp\/v2\/comments?post=16537"}],"version-history":[{"count":2,"href":"https:\/\/www.urban-vpn.com\/fi\/wp-json\/wp\/v2\/pages\/16537\/revisions"}],"predecessor-version":[{"id":22503,"href":"https:\/\/www.urban-vpn.com\/fi\/wp-json\/wp\/v2\/pages\/16537\/revisions\/22503"}],"up":[{"embeddable":true,"href":"https:\/\/www.urban-vpn.com\/fi\/wp-json\/wp\/v2\/pages\/13430"}],"wp:attachment":[{"href":"https:\/\/www.urban-vpn.com\/fi\/wp-json\/wp\/v2\/media?parent=16537"}],"curies":[{"name":"wp","href":"https:\/\/api.w.org\/{rel}","templated":true}]}}