{"id":71627,"date":"2025-09-21T11:58:31","date_gmt":"2025-09-21T11:58:31","guid":{"rendered":"https:\/\/www.urban-vpn.com\/features\/kill-switch\/"},"modified":"2025-10-30T14:38:34","modified_gmt":"2025-10-30T14:38:34","slug":"kill-switch","status":"publish","type":"page","link":"https:\/\/www.urban-vpn.com\/es\/features\/kill-switch\/","title":{"rendered":"Kill Switch"},"content":{"rendered":"","protected":false},"excerpt":{"rendered":"","protected":false},"author":9,"featured_media":0,"parent":14700,"menu_order":0,"comment_status":"closed","ping_status":"closed","template":"page-templates\/double-vpn.php","meta":{"_acf_changed":false,"footnotes":""},"class_list":["post-71627","page","type-page","status-publish","hentry"],"acf":[],"yoast_head":"<!-- This site is optimized with the Yoast SEO plugin v26.6 - https:\/\/yoast.com\/wordpress\/plugins\/seo\/ -->\n<title>VPN Kill Switch - Tu guardaespaldas en l\u00ednea gratuito | Urban VPN<\/title>\n<meta name=\"description\" content=\"Incluso un breve error de conexi\u00f3n puede exponer tu direcci\u00f3n IP. \u00bfLa soluci\u00f3n? VPN Kill Switch de Urban VPN. \u00a1Haz clic aqu\u00ed para protegerte!\" \/>\n<meta name=\"robots\" content=\"index, follow, max-snippet:-1, max-image-preview:large, max-video-preview:-1\" \/>\n<link rel=\"canonical\" href=\"https:\/\/www.urban-vpn.com\/es\/features\/kill-switch\/\" \/>\n<meta property=\"og:locale\" content=\"es_ES\" \/>\n<meta property=\"og:type\" content=\"article\" \/>\n<meta property=\"og:title\" content=\"VPN Kill Switch - Tu guardaespaldas en l\u00ednea gratuito | Urban VPN\" \/>\n<meta property=\"og:description\" content=\"Incluso un breve error de conexi\u00f3n puede exponer tu direcci\u00f3n IP. \u00bfLa soluci\u00f3n? VPN Kill Switch de Urban VPN. \u00a1Haz clic aqu\u00ed para protegerte!\" \/>\n<meta property=\"og:url\" content=\"https:\/\/www.urban-vpn.com\/es\/features\/kill-switch\/\" \/>\n<meta property=\"og:site_name\" content=\"| Urban VPN\" \/>\n<meta property=\"article:modified_time\" content=\"2025-10-30T14:38:34+00:00\" \/>\n<meta name=\"twitter:card\" content=\"summary_large_image\" \/>\n<script type=\"application\/ld+json\" class=\"yoast-schema-graph\">{\"@context\":\"https:\/\/schema.org\",\"@graph\":[{\"@type\":\"WebPage\",\"@id\":\"https:\/\/www.urban-vpn.com\/es\/features\/kill-switch\/\",\"url\":\"https:\/\/www.urban-vpn.com\/es\/features\/kill-switch\/\",\"name\":\"VPN Kill Switch - Tu guardaespaldas en l\u00ednea gratuito | Urban VPN\",\"isPartOf\":{\"@id\":\"https:\/\/www.urban-vpn.com\/es\/#website\"},\"datePublished\":\"2025-09-21T11:58:31+00:00\",\"dateModified\":\"2025-10-30T14:38:34+00:00\",\"description\":\"Incluso un breve error de conexi\u00f3n puede exponer tu direcci\u00f3n IP. \u00bfLa soluci\u00f3n? VPN Kill Switch de Urban VPN. \u00a1Haz clic aqu\u00ed para protegerte!\",\"breadcrumb\":{\"@id\":\"https:\/\/www.urban-vpn.com\/es\/features\/kill-switch\/#breadcrumb\"},\"inLanguage\":\"es\",\"potentialAction\":[{\"@type\":\"ReadAction\",\"target\":[\"https:\/\/www.urban-vpn.com\/es\/features\/kill-switch\/\"]}]},{\"@type\":\"BreadcrumbList\",\"@id\":\"https:\/\/www.urban-vpn.com\/es\/features\/kill-switch\/#breadcrumb\",\"itemListElement\":[{\"@type\":\"ListItem\",\"position\":1,\"name\":\"Home\",\"item\":\"https:\/\/www.urban-vpn.com\/es\/\"},{\"@type\":\"ListItem\",\"position\":2,\"name\":\"Caracteristicas\",\"item\":\"https:\/\/www.urban-vpn.com\/es\/features\/\"},{\"@type\":\"ListItem\",\"position\":3,\"name\":\"Kill Switch\"}]},{\"@type\":\"WebSite\",\"@id\":\"https:\/\/www.urban-vpn.com\/es\/#website\",\"url\":\"https:\/\/www.urban-vpn.com\/es\/\",\"name\":\"| Urban VPN\",\"description\":\"Urban VPN\",\"publisher\":{\"@id\":\"https:\/\/www.urban-vpn.com\/es\/#organization\"},\"inLanguage\":\"es\"},{\"@type\":\"Organization\",\"@id\":\"https:\/\/www.urban-vpn.com\/es\/#organization\",\"name\":\"| Urban VPN\",\"url\":\"https:\/\/www.urban-vpn.com\/es\/\",\"logo\":{\"@type\":\"ImageObject\",\"inLanguage\":\"es\",\"@id\":\"https:\/\/www.urban-vpn.com\/es\/#\/schema\/logo\/image\/\",\"url\":\"https:\/\/assets.urban-vpn.com\/wp-content\/uploads\/2023\/02\/03121456\/logo.svg\",\"contentUrl\":\"https:\/\/assets.urban-vpn.com\/wp-content\/uploads\/2023\/02\/03121456\/logo.svg\",\"width\":120,\"height\":23,\"caption\":\"| Urban VPN\"},\"image\":{\"@id\":\"https:\/\/www.urban-vpn.com\/es\/#\/schema\/logo\/image\/\"}}]}<\/script>\n<!-- \/ Yoast SEO plugin. -->","yoast_head_json":{"title":"VPN Kill Switch - Tu guardaespaldas en l\u00ednea gratuito | Urban VPN","description":"Incluso un breve error de conexi\u00f3n puede exponer tu direcci\u00f3n IP. \u00bfLa soluci\u00f3n? VPN Kill Switch de Urban VPN. \u00a1Haz clic aqu\u00ed para protegerte!","robots":{"index":"index","follow":"follow","max-snippet":"max-snippet:-1","max-image-preview":"max-image-preview:large","max-video-preview":"max-video-preview:-1"},"canonical":"https:\/\/www.urban-vpn.com\/es\/features\/kill-switch\/","og_locale":"es_ES","og_type":"article","og_title":"VPN Kill Switch - Tu guardaespaldas en l\u00ednea gratuito | Urban VPN","og_description":"Incluso un breve error de conexi\u00f3n puede exponer tu direcci\u00f3n IP. \u00bfLa soluci\u00f3n? VPN Kill Switch de Urban VPN. \u00a1Haz clic aqu\u00ed para protegerte!","og_url":"https:\/\/www.urban-vpn.com\/es\/features\/kill-switch\/","og_site_name":"| Urban VPN","article_modified_time":"2025-10-30T14:38:34+00:00","twitter_card":"summary_large_image","schema":{"@context":"https:\/\/schema.org","@graph":[{"@type":"WebPage","@id":"https:\/\/www.urban-vpn.com\/es\/features\/kill-switch\/","url":"https:\/\/www.urban-vpn.com\/es\/features\/kill-switch\/","name":"VPN Kill Switch - Tu guardaespaldas en l\u00ednea gratuito | Urban VPN","isPartOf":{"@id":"https:\/\/www.urban-vpn.com\/es\/#website"},"datePublished":"2025-09-21T11:58:31+00:00","dateModified":"2025-10-30T14:38:34+00:00","description":"Incluso un breve error de conexi\u00f3n puede exponer tu direcci\u00f3n IP. \u00bfLa soluci\u00f3n? VPN Kill Switch de Urban VPN. \u00a1Haz clic aqu\u00ed para protegerte!","breadcrumb":{"@id":"https:\/\/www.urban-vpn.com\/es\/features\/kill-switch\/#breadcrumb"},"inLanguage":"es","potentialAction":[{"@type":"ReadAction","target":["https:\/\/www.urban-vpn.com\/es\/features\/kill-switch\/"]}]},{"@type":"BreadcrumbList","@id":"https:\/\/www.urban-vpn.com\/es\/features\/kill-switch\/#breadcrumb","itemListElement":[{"@type":"ListItem","position":1,"name":"Home","item":"https:\/\/www.urban-vpn.com\/es\/"},{"@type":"ListItem","position":2,"name":"Caracteristicas","item":"https:\/\/www.urban-vpn.com\/es\/features\/"},{"@type":"ListItem","position":3,"name":"Kill Switch"}]},{"@type":"WebSite","@id":"https:\/\/www.urban-vpn.com\/es\/#website","url":"https:\/\/www.urban-vpn.com\/es\/","name":"| Urban VPN","description":"Urban VPN","publisher":{"@id":"https:\/\/www.urban-vpn.com\/es\/#organization"},"inLanguage":"es"},{"@type":"Organization","@id":"https:\/\/www.urban-vpn.com\/es\/#organization","name":"| Urban VPN","url":"https:\/\/www.urban-vpn.com\/es\/","logo":{"@type":"ImageObject","inLanguage":"es","@id":"https:\/\/www.urban-vpn.com\/es\/#\/schema\/logo\/image\/","url":"https:\/\/assets.urban-vpn.com\/wp-content\/uploads\/2023\/02\/03121456\/logo.svg","contentUrl":"https:\/\/assets.urban-vpn.com\/wp-content\/uploads\/2023\/02\/03121456\/logo.svg","width":120,"height":23,"caption":"| Urban VPN"},"image":{"@id":"https:\/\/www.urban-vpn.com\/es\/#\/schema\/logo\/image\/"}}]}},"_links":{"self":[{"href":"https:\/\/www.urban-vpn.com\/es\/wp-json\/wp\/v2\/pages\/71627","targetHints":{"allow":["GET"]}}],"collection":[{"href":"https:\/\/www.urban-vpn.com\/es\/wp-json\/wp\/v2\/pages"}],"about":[{"href":"https:\/\/www.urban-vpn.com\/es\/wp-json\/wp\/v2\/types\/page"}],"author":[{"embeddable":true,"href":"https:\/\/www.urban-vpn.com\/es\/wp-json\/wp\/v2\/users\/9"}],"replies":[{"embeddable":true,"href":"https:\/\/www.urban-vpn.com\/es\/wp-json\/wp\/v2\/comments?post=71627"}],"version-history":[{"count":1,"href":"https:\/\/www.urban-vpn.com\/es\/wp-json\/wp\/v2\/pages\/71627\/revisions"}],"predecessor-version":[{"id":71628,"href":"https:\/\/www.urban-vpn.com\/es\/wp-json\/wp\/v2\/pages\/71627\/revisions\/71628"}],"up":[{"embeddable":true,"href":"https:\/\/www.urban-vpn.com\/es\/wp-json\/wp\/v2\/pages\/14700"}],"wp:attachment":[{"href":"https:\/\/www.urban-vpn.com\/es\/wp-json\/wp\/v2\/media?parent=71627"}],"curies":[{"name":"wp","href":"https:\/\/api.w.org\/{rel}","templated":true}]}}