{"id":17239,"date":"2023-01-27T16:16:00","date_gmt":"2023-01-27T16:16:00","guid":{"rendered":"https:\/\/www.urban-vpn.com\/features\/server-locations\/"},"modified":"2023-05-29T17:02:40","modified_gmt":"2023-05-29T17:02:40","slug":"server-locations","status":"publish","type":"page","link":"https:\/\/www.urban-vpn.com\/es\/features\/server-locations\/","title":{"rendered":"Ubicaciones del servidor"},"content":{"rendered":"<h2 id=\"heading-1\">\u00bfPor qu\u00e9 importa la ubicaci\u00f3n del servidor?<\/h2>\n<p>Internet es casi instant\u00e1neo y parece m\u00e1gicamente r\u00e1pido. Aunque, de hecho, los datos que consume cuando navega por Twitter o ve una serie de Netflix son m\u00e1s lentos cuanto m\u00e1s lejos est\u00e1 del servidor que los env\u00eda. Esto se debe a dos factores principales. El primero es el hecho de que los datos circulan por cables f\u00edsicos y no pueden hacerlo a m\u00e1s de cierta velocidad. El segundo y m\u00e1s importante es que las ubicaciones lejanas suelen tener menos cables de datos de alta velocidad conectados a ellas, y tus datos necesitan viajar a trav\u00e9s de m\u00e1s paradas en el camino. Es como un paquete en el servicio postal: enviar algo a un lugar lejano implica tener m\u00e1s centros de reparto que recojan los paquetes en esa zona y los env\u00eden en camiones m\u00e1s peque\u00f1os por carreteras que no siempre son tan buenas como las autopistas principales que conectan las grandes ciudades.<\/p>\n<p>Las empresas de software de Internet siempre intentan ofrecer a sus usuarios la mejor y m\u00e1s r\u00e1pida experiencia posible. As\u00ed, por ejemplo, Spotify tendr\u00e1 servidores muy r\u00e1pidos en las grandes ciudades o cerca de ellas.<\/p>\n<p><img decoding=\"async\" src=\"images\/section\/server\/1.png\" alt=\"\" \/><\/p>\n<h2 id=\"heading-2\">No te conformes con menos que entradas de primera fila<\/h2>\n<p>Cuando compras una entrada para el cine o el teatro de tu barrio, siempre eliges las entradas m\u00e1s cercanas y mejores posibles. \u00bfPor qu\u00e9 comprometer las entradas a los servicios en l\u00ednea que utiliza a diario?<\/p>\n<h2 id=\"heading-3\">VPN lenta frente a VPN r\u00e1pida<\/h2>\n<p>Imagina que utilizas una VPN para escuchar Spotify. Has encontrado la m\u00fasica precisa que quieres escuchar, te relajas y te pones los auriculares. Entonces te das cuenta de que toda la m\u00fasica que est\u00e1s escuchando empieza a ralentizarse y cada canci\u00f3n se detiene muchas veces. \u00bfC\u00f3mo de frustrante ser\u00eda eso? Tener una VPN lenta que se basa en un servidor en una mala ubicaci\u00f3n es como retroceder en el tiempo hasta los a\u00f1os 90 y darse cuenta una vez m\u00e1s de lo importante que es tener una conexi\u00f3n r\u00e1pida a Internet. Por eso una de nuestras principales tareas es hacerte sentir que eres libre de conectarte a internet desde cualquier lugar del mundo que quieras.<\/p>\n<p><img decoding=\"async\" src=\"images\/section\/server\/2.png\" alt=\"\" \/><\/p>\n","protected":false},"excerpt":{"rendered":"<p>\u00bfPor qu\u00e9 importa la ubicaci\u00f3n del servidor? Internet es casi instant\u00e1neo y parece m\u00e1gicamente r\u00e1pido. Aunque, de hecho, los datos que consume cuando navega por Twitter o ve una serie de Netflix son m\u00e1s lentos cuanto m\u00e1s lejos est\u00e1 del servidor que los env\u00eda. Esto se debe a dos factores principales. El primero es el [&hellip;]<\/p>\n","protected":false},"author":3,"featured_media":0,"parent":14700,"menu_order":0,"comment_status":"closed","ping_status":"closed","template":"features\/server-locations.php","meta":{"_acf_changed":false,"footnotes":""},"class_list":["post-17239","page","type-page","status-publish","hentry"],"acf":[],"yoast_head":"<!-- This site is optimized with the Yoast SEO plugin v26.6 - https:\/\/yoast.com\/wordpress\/plugins\/seo\/ -->\n<title>Ubicaciones del servidor | Urban VPN<\/title>\n<meta name=\"description\" content=\"UrbanVPN es la mayor red global de usuarios web an\u00f3nimos. Nuestra cartera de caracter\u00edsticas l\u00edderes en la industria incluye una amplia gama de ubicaciones, \u00a1l\u00e9elo aqu\u00ed!\" \/>\n<meta name=\"robots\" content=\"index, follow, max-snippet:-1, max-image-preview:large, max-video-preview:-1\" \/>\n<link rel=\"canonical\" href=\"https:\/\/www.urban-vpn.com\/es\/features\/server-locations\/\" \/>\n<meta property=\"og:locale\" content=\"es_ES\" \/>\n<meta property=\"og:type\" content=\"article\" \/>\n<meta property=\"og:title\" content=\"Ubicaciones del servidor | Urban VPN\" \/>\n<meta property=\"og:description\" content=\"UrbanVPN es la mayor red global de usuarios web an\u00f3nimos. Nuestra cartera de caracter\u00edsticas l\u00edderes en la industria incluye una amplia gama de ubicaciones, \u00a1l\u00e9elo aqu\u00ed!\" \/>\n<meta property=\"og:url\" content=\"https:\/\/www.urban-vpn.com\/es\/features\/server-locations\/\" \/>\n<meta property=\"og:site_name\" content=\"| Urban VPN\" \/>\n<meta property=\"article:modified_time\" content=\"2023-05-29T17:02:40+00:00\" \/>\n<meta name=\"twitter:card\" content=\"summary_large_image\" \/>\n<meta name=\"twitter:label1\" content=\"Tiempo de lectura\" \/>\n\t<meta name=\"twitter:data1\" content=\"2 minutos\" \/>\n<script type=\"application\/ld+json\" class=\"yoast-schema-graph\">{\"@context\":\"https:\/\/schema.org\",\"@graph\":[{\"@type\":\"WebPage\",\"@id\":\"https:\/\/www.urban-vpn.com\/es\/features\/server-locations\/\",\"url\":\"https:\/\/www.urban-vpn.com\/es\/features\/server-locations\/\",\"name\":\"Ubicaciones del servidor | Urban VPN\",\"isPartOf\":{\"@id\":\"https:\/\/www.urban-vpn.com\/es\/#website\"},\"datePublished\":\"2023-01-27T16:16:00+00:00\",\"dateModified\":\"2023-05-29T17:02:40+00:00\",\"description\":\"UrbanVPN es la mayor red global de usuarios web an\u00f3nimos. Nuestra cartera de caracter\u00edsticas l\u00edderes en la industria incluye una amplia gama de ubicaciones, \u00a1l\u00e9elo aqu\u00ed!\",\"breadcrumb\":{\"@id\":\"https:\/\/www.urban-vpn.com\/es\/features\/server-locations\/#breadcrumb\"},\"inLanguage\":\"es\",\"potentialAction\":[{\"@type\":\"ReadAction\",\"target\":[\"https:\/\/www.urban-vpn.com\/es\/features\/server-locations\/\"]}]},{\"@type\":\"BreadcrumbList\",\"@id\":\"https:\/\/www.urban-vpn.com\/es\/features\/server-locations\/#breadcrumb\",\"itemListElement\":[{\"@type\":\"ListItem\",\"position\":1,\"name\":\"Home\",\"item\":\"https:\/\/www.urban-vpn.com\/es\/\"},{\"@type\":\"ListItem\",\"position\":2,\"name\":\"Caracteristicas\",\"item\":\"https:\/\/www.urban-vpn.com\/es\/features\/\"},{\"@type\":\"ListItem\",\"position\":3,\"name\":\"Ubicaciones del servidor\"}]},{\"@type\":\"WebSite\",\"@id\":\"https:\/\/www.urban-vpn.com\/es\/#website\",\"url\":\"https:\/\/www.urban-vpn.com\/es\/\",\"name\":\"| Urban VPN\",\"description\":\"Urban VPN\",\"publisher\":{\"@id\":\"https:\/\/www.urban-vpn.com\/es\/#organization\"},\"inLanguage\":\"es\"},{\"@type\":\"Organization\",\"@id\":\"https:\/\/www.urban-vpn.com\/es\/#organization\",\"name\":\"| Urban VPN\",\"url\":\"https:\/\/www.urban-vpn.com\/es\/\",\"logo\":{\"@type\":\"ImageObject\",\"inLanguage\":\"es\",\"@id\":\"https:\/\/www.urban-vpn.com\/es\/#\/schema\/logo\/image\/\",\"url\":\"https:\/\/assets.urban-vpn.com\/wp-content\/uploads\/2023\/02\/03121456\/logo.svg\",\"contentUrl\":\"https:\/\/assets.urban-vpn.com\/wp-content\/uploads\/2023\/02\/03121456\/logo.svg\",\"width\":120,\"height\":23,\"caption\":\"| Urban VPN\"},\"image\":{\"@id\":\"https:\/\/www.urban-vpn.com\/es\/#\/schema\/logo\/image\/\"}}]}<\/script>\n<!-- \/ Yoast SEO plugin. -->","yoast_head_json":{"title":"Ubicaciones del servidor | Urban VPN","description":"UrbanVPN es la mayor red global de usuarios web an\u00f3nimos. Nuestra cartera de caracter\u00edsticas l\u00edderes en la industria incluye una amplia gama de ubicaciones, \u00a1l\u00e9elo aqu\u00ed!","robots":{"index":"index","follow":"follow","max-snippet":"max-snippet:-1","max-image-preview":"max-image-preview:large","max-video-preview":"max-video-preview:-1"},"canonical":"https:\/\/www.urban-vpn.com\/es\/features\/server-locations\/","og_locale":"es_ES","og_type":"article","og_title":"Ubicaciones del servidor | Urban VPN","og_description":"UrbanVPN es la mayor red global de usuarios web an\u00f3nimos. Nuestra cartera de caracter\u00edsticas l\u00edderes en la industria incluye una amplia gama de ubicaciones, \u00a1l\u00e9elo aqu\u00ed!","og_url":"https:\/\/www.urban-vpn.com\/es\/features\/server-locations\/","og_site_name":"| Urban VPN","article_modified_time":"2023-05-29T17:02:40+00:00","twitter_card":"summary_large_image","twitter_misc":{"Tiempo de lectura":"2 minutos"},"schema":{"@context":"https:\/\/schema.org","@graph":[{"@type":"WebPage","@id":"https:\/\/www.urban-vpn.com\/es\/features\/server-locations\/","url":"https:\/\/www.urban-vpn.com\/es\/features\/server-locations\/","name":"Ubicaciones del servidor | Urban VPN","isPartOf":{"@id":"https:\/\/www.urban-vpn.com\/es\/#website"},"datePublished":"2023-01-27T16:16:00+00:00","dateModified":"2023-05-29T17:02:40+00:00","description":"UrbanVPN es la mayor red global de usuarios web an\u00f3nimos. Nuestra cartera de caracter\u00edsticas l\u00edderes en la industria incluye una amplia gama de ubicaciones, \u00a1l\u00e9elo aqu\u00ed!","breadcrumb":{"@id":"https:\/\/www.urban-vpn.com\/es\/features\/server-locations\/#breadcrumb"},"inLanguage":"es","potentialAction":[{"@type":"ReadAction","target":["https:\/\/www.urban-vpn.com\/es\/features\/server-locations\/"]}]},{"@type":"BreadcrumbList","@id":"https:\/\/www.urban-vpn.com\/es\/features\/server-locations\/#breadcrumb","itemListElement":[{"@type":"ListItem","position":1,"name":"Home","item":"https:\/\/www.urban-vpn.com\/es\/"},{"@type":"ListItem","position":2,"name":"Caracteristicas","item":"https:\/\/www.urban-vpn.com\/es\/features\/"},{"@type":"ListItem","position":3,"name":"Ubicaciones del servidor"}]},{"@type":"WebSite","@id":"https:\/\/www.urban-vpn.com\/es\/#website","url":"https:\/\/www.urban-vpn.com\/es\/","name":"| Urban VPN","description":"Urban VPN","publisher":{"@id":"https:\/\/www.urban-vpn.com\/es\/#organization"},"inLanguage":"es"},{"@type":"Organization","@id":"https:\/\/www.urban-vpn.com\/es\/#organization","name":"| Urban VPN","url":"https:\/\/www.urban-vpn.com\/es\/","logo":{"@type":"ImageObject","inLanguage":"es","@id":"https:\/\/www.urban-vpn.com\/es\/#\/schema\/logo\/image\/","url":"https:\/\/assets.urban-vpn.com\/wp-content\/uploads\/2023\/02\/03121456\/logo.svg","contentUrl":"https:\/\/assets.urban-vpn.com\/wp-content\/uploads\/2023\/02\/03121456\/logo.svg","width":120,"height":23,"caption":"| Urban VPN"},"image":{"@id":"https:\/\/www.urban-vpn.com\/es\/#\/schema\/logo\/image\/"}}]}},"_links":{"self":[{"href":"https:\/\/www.urban-vpn.com\/es\/wp-json\/wp\/v2\/pages\/17239","targetHints":{"allow":["GET"]}}],"collection":[{"href":"https:\/\/www.urban-vpn.com\/es\/wp-json\/wp\/v2\/pages"}],"about":[{"href":"https:\/\/www.urban-vpn.com\/es\/wp-json\/wp\/v2\/types\/page"}],"author":[{"embeddable":true,"href":"https:\/\/www.urban-vpn.com\/es\/wp-json\/wp\/v2\/users\/3"}],"replies":[{"embeddable":true,"href":"https:\/\/www.urban-vpn.com\/es\/wp-json\/wp\/v2\/comments?post=17239"}],"version-history":[{"count":12,"href":"https:\/\/www.urban-vpn.com\/es\/wp-json\/wp\/v2\/pages\/17239\/revisions"}],"predecessor-version":[{"id":22343,"href":"https:\/\/www.urban-vpn.com\/es\/wp-json\/wp\/v2\/pages\/17239\/revisions\/22343"}],"up":[{"embeddable":true,"href":"https:\/\/www.urban-vpn.com\/es\/wp-json\/wp\/v2\/pages\/14700"}],"wp:attachment":[{"href":"https:\/\/www.urban-vpn.com\/es\/wp-json\/wp\/v2\/media?parent=17239"}],"curies":[{"name":"wp","href":"https:\/\/api.w.org\/{rel}","templated":true}]}}