{"id":15918,"date":"2023-01-27T16:16:00","date_gmt":"2023-01-27T16:16:00","guid":{"rendered":"https:\/\/www.urban-vpn.com\/features\/server-locations\/"},"modified":"2023-05-29T17:02:49","modified_gmt":"2023-05-29T17:02:49","slug":"server-locations","status":"publish","type":"page","link":"https:\/\/www.urban-vpn.com\/dk\/features\/server-locations\/","title":{"rendered":"Serverplaceringer"},"content":{"rendered":"<h2 id=\"heading-1\">Warum ist der Standort des Servers wichtig?<\/h2>\n<p>Das Internet ist fast augenblicklich und scheint magisch schnell zu sein. Tats\u00e4chlich aber werden die Daten, die Sie beim Surfen auf Twitter oder beim Anschauen einer Netflix-Serie verbrauchen, immer langsamer, je weiter Sie von dem Server entfernt sind, der sie sendet. Daf\u00fcr gibt es zwei Hauptgr\u00fcnde. Der erste ist die Tatsache, dass Daten \u00fcber physische Leitungen laufen und nicht schneller als mit einer bestimmten Geschwindigkeit \u00fcbertragen werden k\u00f6nnen. Der zweite und wichtigere Faktor ist, dass an weit entfernten Orten in der Regel weniger Hochgeschwindigkeitsdatendr\u00e4hte verlegt sind, so dass Ihre Daten auf dem Weg dorthin mehr Zwischenstationen durchlaufen m\u00fcssen. Das ist wie mit einem Paket bei der Post &#8211; wenn man etwas an einen weit entfernten Ort schicken will, braucht man mehr Zustellungszentren, die die Pakete in diesem Gebiet einsammeln und sie in kleineren Lastwagen \u00fcber Stra\u00dfen schicken, die nicht immer so gut sind wie die Hauptautobahnen, die die gro\u00dfen St\u00e4dte verbinden.<\/p>\n<p>Internet-Softwareunternehmen versuchen immer, ihren Nutzern die bestm\u00f6gliche und schnellste Erfahrung zu bieten. Spotify zum Beispiel hat sehr schnelle Server in gro\u00dfen St\u00e4dten oder in deren N\u00e4he.<\/p>\n<p><img decoding=\"async\" src=\"images\/section\/server\/1.png\" alt=\"\" \/><\/p>\n<h2 id=\"heading-2\">Geben Sie sich nicht mit weniger als Karten f\u00fcr die erste Reihe zufrieden<\/h2>\n<p>Wenn Sie eine Eintrittskarte f\u00fcr ein Kino oder ein Theater in Ihrer N\u00e4he kaufen, w\u00fcrden Sie sich immer f\u00fcr die n\u00e4chstgelegenen und besten Karten entscheiden. Warum sollten Sie bei Ihren Tickets f\u00fcr die Online-Dienste, die Sie t\u00e4glich nutzen, Kompromisse eingehen?<\/p>\n<h2 id=\"heading-3\">Langsames VPN vs. schnelles VPN<\/h2>\n<p>Stellen Sie sich vor, Sie verwenden ein VPN, um Spotify zu h\u00f6ren. Sie haben genau die Musik gefunden, die Sie h\u00f6ren m\u00f6chten, entspannen sich und setzen Ihre Kopfh\u00f6rer auf. Dann stellen Sie fest, dass die gesamte Musik, die Sie h\u00f6ren, zu drosseln beginnt und jedes Lied so viele Male stoppt. Wie frustrierend w\u00e4re das? Ein langsames VPN zu haben, das auf einem Server an einem schlechten Standort basiert, ist wie eine Zeitreise in die 90er Jahre, bei der man wieder einmal merkt, wie wichtig eine schnelle Internetverbindung ist. Deshalb ist es eine unserer Hauptaufgaben, Ihnen das Gef\u00fchl zu geben, dass Sie sich von jedem beliebigen Ort der Welt aus mit dem Internet verbinden k\u00f6nnen.<\/p>\n<p><img decoding=\"async\" src=\"images\/section\/server\/2.png\" alt=\"\" \/><\/p>\n","protected":false},"excerpt":{"rendered":"<p>Warum ist der Standort des Servers wichtig? Das Internet ist fast augenblicklich und scheint magisch schnell zu sein. Tats\u00e4chlich aber werden die Daten, die Sie beim Surfen auf Twitter oder beim Anschauen einer Netflix-Serie verbrauchen, immer langsamer, je weiter Sie von dem Server entfernt sind, der sie sendet. Daf\u00fcr gibt es zwei Hauptgr\u00fcnde. Der erste [&hellip;]<\/p>\n","protected":false},"author":3,"featured_media":0,"parent":13410,"menu_order":0,"comment_status":"closed","ping_status":"closed","template":"features\/server-locations.php","meta":{"_acf_changed":false,"footnotes":""},"class_list":["post-15918","page","type-page","status-publish","hentry"],"acf":[],"yoast_head":"<!-- This site is optimized with the Yoast SEO plugin v26.6 - https:\/\/yoast.com\/wordpress\/plugins\/seo\/ -->\n<title>Serverplaceringer | Urban VPN<\/title>\n<meta name=\"description\" content=\"UrbanVPN ist das gr\u00f6\u00dfte globale Netzwerk f\u00fcr anonyme Internetnutzer. Das Portfolio unserer branchenf\u00fchrenden Funktionen umfasst eine Vielzahl von Standorten, lesen Sie hier dar\u00fcber!\" \/>\n<meta name=\"robots\" content=\"index, follow, max-snippet:-1, max-image-preview:large, max-video-preview:-1\" \/>\n<link rel=\"canonical\" href=\"https:\/\/www.urban-vpn.com\/dk\/features\/server-locations\/\" \/>\n<meta property=\"og:locale\" content=\"en_US\" \/>\n<meta property=\"og:type\" content=\"article\" \/>\n<meta property=\"og:title\" content=\"Serverplaceringer | Urban VPN\" \/>\n<meta property=\"og:description\" content=\"UrbanVPN ist das gr\u00f6\u00dfte globale Netzwerk f\u00fcr anonyme Internetnutzer. Das Portfolio unserer branchenf\u00fchrenden Funktionen umfasst eine Vielzahl von Standorten, lesen Sie hier dar\u00fcber!\" \/>\n<meta property=\"og:url\" content=\"https:\/\/www.urban-vpn.com\/dk\/features\/server-locations\/\" \/>\n<meta property=\"og:site_name\" content=\"| Urban VPN\" \/>\n<meta property=\"article:modified_time\" content=\"2023-05-29T17:02:49+00:00\" \/>\n<meta name=\"twitter:card\" content=\"summary_large_image\" \/>\n<meta name=\"twitter:label1\" content=\"Est. reading time\" \/>\n\t<meta name=\"twitter:data1\" content=\"2 minutes\" \/>\n<script type=\"application\/ld+json\" class=\"yoast-schema-graph\">{\"@context\":\"https:\/\/schema.org\",\"@graph\":[{\"@type\":\"WebPage\",\"@id\":\"https:\/\/www.urban-vpn.com\/dk\/features\/server-locations\/\",\"url\":\"https:\/\/www.urban-vpn.com\/dk\/features\/server-locations\/\",\"name\":\"Serverplaceringer | Urban VPN\",\"isPartOf\":{\"@id\":\"https:\/\/www.urban-vpn.com\/dk\/#website\"},\"datePublished\":\"2023-01-27T16:16:00+00:00\",\"dateModified\":\"2023-05-29T17:02:49+00:00\",\"description\":\"UrbanVPN ist das gr\u00f6\u00dfte globale Netzwerk f\u00fcr anonyme Internetnutzer. Das Portfolio unserer branchenf\u00fchrenden Funktionen umfasst eine Vielzahl von Standorten, lesen Sie hier dar\u00fcber!\",\"breadcrumb\":{\"@id\":\"https:\/\/www.urban-vpn.com\/dk\/features\/server-locations\/#breadcrumb\"},\"inLanguage\":\"dk-DK\",\"potentialAction\":[{\"@type\":\"ReadAction\",\"target\":[\"https:\/\/www.urban-vpn.com\/dk\/features\/server-locations\/\"]}]},{\"@type\":\"BreadcrumbList\",\"@id\":\"https:\/\/www.urban-vpn.com\/dk\/features\/server-locations\/#breadcrumb\",\"itemListElement\":[{\"@type\":\"ListItem\",\"position\":1,\"name\":\"Home\",\"item\":\"https:\/\/www.urban-vpn.com\/dk\/\"},{\"@type\":\"ListItem\",\"position\":2,\"name\":\"Funktioner\",\"item\":\"https:\/\/www.urban-vpn.com\/dk\/features\/\"},{\"@type\":\"ListItem\",\"position\":3,\"name\":\"Serverplaceringer\"}]},{\"@type\":\"WebSite\",\"@id\":\"https:\/\/www.urban-vpn.com\/dk\/#website\",\"url\":\"https:\/\/www.urban-vpn.com\/dk\/\",\"name\":\"| Urban VPN\",\"description\":\"Urban VPN\",\"publisher\":{\"@id\":\"https:\/\/www.urban-vpn.com\/dk\/#organization\"},\"inLanguage\":\"dk-DK\"},{\"@type\":\"Organization\",\"@id\":\"https:\/\/www.urban-vpn.com\/dk\/#organization\",\"name\":\"| Urban VPN\",\"url\":\"https:\/\/www.urban-vpn.com\/dk\/\",\"logo\":{\"@type\":\"ImageObject\",\"inLanguage\":\"dk-DK\",\"@id\":\"https:\/\/www.urban-vpn.com\/dk\/#\/schema\/logo\/image\/\",\"url\":\"https:\/\/assets.urban-vpn.com\/wp-content\/uploads\/2023\/02\/03121456\/logo.svg\",\"contentUrl\":\"https:\/\/assets.urban-vpn.com\/wp-content\/uploads\/2023\/02\/03121456\/logo.svg\",\"width\":120,\"height\":23,\"caption\":\"| Urban VPN\"},\"image\":{\"@id\":\"https:\/\/www.urban-vpn.com\/dk\/#\/schema\/logo\/image\/\"}}]}<\/script>\n<!-- \/ Yoast SEO plugin. -->","yoast_head_json":{"title":"Serverplaceringer | Urban VPN","description":"UrbanVPN ist das gr\u00f6\u00dfte globale Netzwerk f\u00fcr anonyme Internetnutzer. Das Portfolio unserer branchenf\u00fchrenden Funktionen umfasst eine Vielzahl von Standorten, lesen Sie hier dar\u00fcber!","robots":{"index":"index","follow":"follow","max-snippet":"max-snippet:-1","max-image-preview":"max-image-preview:large","max-video-preview":"max-video-preview:-1"},"canonical":"https:\/\/www.urban-vpn.com\/dk\/features\/server-locations\/","og_locale":"en_US","og_type":"article","og_title":"Serverplaceringer | Urban VPN","og_description":"UrbanVPN ist das gr\u00f6\u00dfte globale Netzwerk f\u00fcr anonyme Internetnutzer. Das Portfolio unserer branchenf\u00fchrenden Funktionen umfasst eine Vielzahl von Standorten, lesen Sie hier dar\u00fcber!","og_url":"https:\/\/www.urban-vpn.com\/dk\/features\/server-locations\/","og_site_name":"| Urban VPN","article_modified_time":"2023-05-29T17:02:49+00:00","twitter_card":"summary_large_image","twitter_misc":{"Est. reading time":"2 minutes"},"schema":{"@context":"https:\/\/schema.org","@graph":[{"@type":"WebPage","@id":"https:\/\/www.urban-vpn.com\/dk\/features\/server-locations\/","url":"https:\/\/www.urban-vpn.com\/dk\/features\/server-locations\/","name":"Serverplaceringer | Urban VPN","isPartOf":{"@id":"https:\/\/www.urban-vpn.com\/dk\/#website"},"datePublished":"2023-01-27T16:16:00+00:00","dateModified":"2023-05-29T17:02:49+00:00","description":"UrbanVPN ist das gr\u00f6\u00dfte globale Netzwerk f\u00fcr anonyme Internetnutzer. Das Portfolio unserer branchenf\u00fchrenden Funktionen umfasst eine Vielzahl von Standorten, lesen Sie hier dar\u00fcber!","breadcrumb":{"@id":"https:\/\/www.urban-vpn.com\/dk\/features\/server-locations\/#breadcrumb"},"inLanguage":"dk-DK","potentialAction":[{"@type":"ReadAction","target":["https:\/\/www.urban-vpn.com\/dk\/features\/server-locations\/"]}]},{"@type":"BreadcrumbList","@id":"https:\/\/www.urban-vpn.com\/dk\/features\/server-locations\/#breadcrumb","itemListElement":[{"@type":"ListItem","position":1,"name":"Home","item":"https:\/\/www.urban-vpn.com\/dk\/"},{"@type":"ListItem","position":2,"name":"Funktioner","item":"https:\/\/www.urban-vpn.com\/dk\/features\/"},{"@type":"ListItem","position":3,"name":"Serverplaceringer"}]},{"@type":"WebSite","@id":"https:\/\/www.urban-vpn.com\/dk\/#website","url":"https:\/\/www.urban-vpn.com\/dk\/","name":"| Urban VPN","description":"Urban VPN","publisher":{"@id":"https:\/\/www.urban-vpn.com\/dk\/#organization"},"inLanguage":"dk-DK"},{"@type":"Organization","@id":"https:\/\/www.urban-vpn.com\/dk\/#organization","name":"| Urban VPN","url":"https:\/\/www.urban-vpn.com\/dk\/","logo":{"@type":"ImageObject","inLanguage":"dk-DK","@id":"https:\/\/www.urban-vpn.com\/dk\/#\/schema\/logo\/image\/","url":"https:\/\/assets.urban-vpn.com\/wp-content\/uploads\/2023\/02\/03121456\/logo.svg","contentUrl":"https:\/\/assets.urban-vpn.com\/wp-content\/uploads\/2023\/02\/03121456\/logo.svg","width":120,"height":23,"caption":"| Urban VPN"},"image":{"@id":"https:\/\/www.urban-vpn.com\/dk\/#\/schema\/logo\/image\/"}}]}},"_links":{"self":[{"href":"https:\/\/www.urban-vpn.com\/dk\/wp-json\/wp\/v2\/pages\/15918","targetHints":{"allow":["GET"]}}],"collection":[{"href":"https:\/\/www.urban-vpn.com\/dk\/wp-json\/wp\/v2\/pages"}],"about":[{"href":"https:\/\/www.urban-vpn.com\/dk\/wp-json\/wp\/v2\/types\/page"}],"author":[{"embeddable":true,"href":"https:\/\/www.urban-vpn.com\/dk\/wp-json\/wp\/v2\/users\/3"}],"replies":[{"embeddable":true,"href":"https:\/\/www.urban-vpn.com\/dk\/wp-json\/wp\/v2\/comments?post=15918"}],"version-history":[{"count":4,"href":"https:\/\/www.urban-vpn.com\/dk\/wp-json\/wp\/v2\/pages\/15918\/revisions"}],"predecessor-version":[{"id":22383,"href":"https:\/\/www.urban-vpn.com\/dk\/wp-json\/wp\/v2\/pages\/15918\/revisions\/22383"}],"up":[{"embeddable":true,"href":"https:\/\/www.urban-vpn.com\/dk\/wp-json\/wp\/v2\/pages\/13410"}],"wp:attachment":[{"href":"https:\/\/www.urban-vpn.com\/dk\/wp-json\/wp\/v2\/media?parent=15918"}],"curies":[{"name":"wp","href":"https:\/\/api.w.org\/{rel}","templated":true}]}}